{"id":3934,"date":"2024-09-30T16:14:01","date_gmt":"2024-09-30T14:14:01","guid":{"rendered":"https:\/\/avantges.com\/quim-som\/valors\/"},"modified":"2024-11-19T15:09:50","modified_gmt":"2024-11-19T14:09:50","slug":"valors","status":"publish","type":"page","link":"https:\/\/avantges.com\/ca\/quim-som\/valors\/","title":{"rendered":"Valors"},"content":{"rendered":"\t\t<div data-elementor-type=\"wp-page\" data-elementor-id=\"3934\" class=\"elementor elementor-3934 elementor-163\" data-elementor-post-type=\"page\">\n\t\t\t\t\t\t<section class=\"elementor-section elementor-top-section elementor-element elementor-element-5a2eb31 elementor-section-height-min-height elementor-section-boxed elementor-section-height-default elementor-section-items-middle\" data-id=\"5a2eb31\" data-element_type=\"section\" data-e-type=\"section\" data-settings=\"{&quot;background_background&quot;:&quot;video&quot;,&quot;background_video_link&quot;:&quot;https:\\\/\\\/avantges.com\\\/wp-content\\\/uploads\\\/2024\\\/11\\\/valores.mp4&quot;}\">\n\t\t\t\t\t\t\t\t<div class=\"elementor-background-video-container elementor-hidden-mobile\">\n\t\t\t\t\t\t\t\t\t\t\t\t\t<video class=\"elementor-background-video-hosted\" role=\"presentation\" autoplay muted playsinline loop><\/video>\n\t\t\t\t\t\t\t\t\t\t\t<\/div>\n\t\t\t\t\t\t\t\t\t<div class=\"elementor-background-overlay\"><\/div>\n\t\t\t\t\t\t\t<div class=\"elementor-container elementor-column-gap-default\">\n\t\t\t\t\t<div class=\"elementor-column elementor-col-100 elementor-top-column elementor-element elementor-element-4977c7e\" data-id=\"4977c7e\" data-element_type=\"column\" data-e-type=\"column\">\n\t\t\t<div class=\"elementor-widget-wrap elementor-element-populated\">\n\t\t\t\t\t\t<div class=\"elementor-element elementor-element-a4fa5c1 elementor-widget elementor-widget-heading\" data-id=\"a4fa5c1\" data-element_type=\"widget\" data-e-type=\"widget\" data-widget_type=\"heading.default\">\n\t\t\t\t<div class=\"elementor-widget-container\">\n\t\t\t\t\t<h1 class=\"elementor-heading-title elementor-size-default\">Valors<\/h1>\t\t\t\t<\/div>\n\t\t\t\t<\/div>\n\t\t\t\t<div class=\"elementor-element elementor-element-2d39b56 elementor-widget elementor-widget-heading\" data-id=\"2d39b56\" data-element_type=\"widget\" data-e-type=\"widget\" data-widget_type=\"heading.default\">\n\t\t\t\t<div class=\"elementor-widget-container\">\n\t\t\t\t\t<h2 class=\"elementor-heading-title elementor-size-default\">Som un equip de professionals amb un profund coneixement t\u00e8cnic i compromesos amb l\u2019\u00e8xit dels nostres clients <\/h2>\t\t\t\t<\/div>\n\t\t\t\t<\/div>\n\t\t\t\t<div class=\"elementor-element elementor-element-8356e53 elementor-align-center elementor-widget elementor-widget-button\" data-id=\"8356e53\" data-element_type=\"widget\" data-e-type=\"widget\" data-widget_type=\"button.default\">\n\t\t\t\t<div class=\"elementor-widget-container\">\n\t\t\t\t\t\t\t\t\t<div class=\"elementor-button-wrapper\">\n\t\t\t\t\t<a class=\"elementor-button elementor-button-link elementor-size-sm\" href=\"https:\/\/avantges.com\/ca\/contacte\/\">\n\t\t\t\t\t\t<span class=\"elementor-button-content-wrapper\">\n\t\t\t\t\t\t\t\t\t<span class=\"elementor-button-text\">Contacta amb nosaltres<\/span>\n\t\t\t\t\t<\/span>\n\t\t\t\t\t<\/a>\n\t\t\t\t<\/div>\n\t\t\t\t\t\t\t\t<\/div>\n\t\t\t\t<\/div>\n\t\t\t\t\t<\/div>\n\t\t<\/div>\n\t\t\t\t\t<\/div>\n\t\t<\/section>\n\t\t\t\t<section class=\"elementor-section elementor-top-section elementor-element elementor-element-469ea0a elementor-section-full_width elementor-section-height-default elementor-section-height-default elementor-invisible\" data-id=\"469ea0a\" data-element_type=\"section\" data-e-type=\"section\" data-settings=\"{&quot;background_background&quot;:&quot;classic&quot;,&quot;animation&quot;:&quot;slideInUp&quot;}\">\n\t\t\t\t\t\t\t<div class=\"elementor-background-overlay\"><\/div>\n\t\t\t\t\t\t\t<div class=\"elementor-container elementor-column-gap-default\">\n\t\t\t\t\t<div class=\"elementor-column elementor-col-50 elementor-top-column elementor-element elementor-element-9843ed1\" data-id=\"9843ed1\" data-element_type=\"column\" data-e-type=\"column\">\n\t\t\t<div class=\"elementor-widget-wrap elementor-element-populated\">\n\t\t\t\t\t\t<div class=\"elementor-element elementor-element-7360356 elementor-widget elementor-widget-heading\" data-id=\"7360356\" data-element_type=\"widget\" data-e-type=\"widget\" data-widget_type=\"heading.default\">\n\t\t\t\t<div class=\"elementor-widget-container\">\n\t\t\t\t\t<h2 class=\"elementor-heading-title elementor-size-default\">La nostra<br>visi\u00f3 <\/h2>\t\t\t\t<\/div>\n\t\t\t\t<\/div>\n\t\t\t\t\t<\/div>\n\t\t<\/div>\n\t\t\t\t<div class=\"elementor-column elementor-col-50 elementor-top-column elementor-element elementor-element-3af3585\" data-id=\"3af3585\" data-element_type=\"column\" data-e-type=\"column\">\n\t\t\t<div class=\"elementor-widget-wrap elementor-element-populated\">\n\t\t\t\t\t\t<div class=\"elementor-element elementor-element-8054eee elementor-widget elementor-widget-text-editor\" data-id=\"8054eee\" data-element_type=\"widget\" data-e-type=\"widget\" data-widget_type=\"text-editor.default\">\n\t\t\t\t<div class=\"elementor-widget-container\">\n\t\t\t\t\t\t\t\t\t<p>La nostra visi\u00f3 \u00e9s la de ser considerats pels nostres clients com la millor opci\u00f3 al moment d\u2019escollir al seu prove\u00efdor de serveis de Outsourcing per a les funcions de comptabilitat, tax compliance i gesti\u00f3 laboral. Estem conven\u00e7uts que per aconseguir la nostra visi\u00f3 l\u2019\u00fanic cam\u00ed \u00e9s la innovaci\u00f3, la qualitat i el comprom\u00eds amb un servei de primera classe. I estem conven\u00e7uts que per aconseguir-ho comptar amb el millor equip de professionals \u00e9s clau.  <\/p>\n\t\t\t\t\t\t\t\t<\/div>\n\t\t\t\t<\/div>\n\t\t\t\t<div class=\"elementor-element elementor-element-1904d1e elementor-widget elementor-widget-text-editor\" data-id=\"1904d1e\" data-element_type=\"widget\" data-e-type=\"widget\" data-widget_type=\"text-editor.default\">\n\t\t\t\t<div class=\"elementor-widget-container\">\n\t\t\t\t\t\t\t\t\t<p>El nostre objectiu \u00e9s i ser\u00e0, per tant, <strong>emprar als millors especialistes en les diferents especialitats, professionals compromesos i amb una inequ\u00edvoca vocaci\u00f3 de servei.<\/strong><\/p>\n\t\t\t\t\t\t\t\t<\/div>\n\t\t\t\t<\/div>\n\t\t\t\t\t<\/div>\n\t\t<\/div>\n\t\t\t\t\t<\/div>\n\t\t<\/section>\n\t\t\t\t<section class=\"elementor-section elementor-top-section elementor-element elementor-element-39d0110 elementor-section-full_width elementor-section-height-default elementor-section-height-default elementor-invisible\" data-id=\"39d0110\" data-element_type=\"section\" data-e-type=\"section\" data-settings=\"{&quot;background_background&quot;:&quot;classic&quot;,&quot;animation&quot;:&quot;fadeInUp&quot;}\">\n\t\t\t\t\t\t\t<div class=\"elementor-background-overlay\"><\/div>\n\t\t\t\t\t\t\t<div class=\"elementor-container elementor-column-gap-default\">\n\t\t\t\t\t<div class=\"elementor-column elementor-col-50 elementor-top-column elementor-element elementor-element-d7f25e1\" data-id=\"d7f25e1\" data-element_type=\"column\" data-e-type=\"column\">\n\t\t\t<div class=\"elementor-widget-wrap elementor-element-populated\">\n\t\t\t\t\t\t<div class=\"elementor-element elementor-element-7c81c21 elementor-widget elementor-widget-heading\" data-id=\"7c81c21\" data-element_type=\"widget\" data-e-type=\"widget\" data-widget_type=\"heading.default\">\n\t\t\t\t<div class=\"elementor-widget-container\">\n\t\t\t\t\t<h2 class=\"elementor-heading-title elementor-size-default\">La nostra<br>missi\u00f3<\/h2>\t\t\t\t<\/div>\n\t\t\t\t<\/div>\n\t\t\t\t\t<\/div>\n\t\t<\/div>\n\t\t\t\t<div class=\"elementor-column elementor-col-50 elementor-top-column elementor-element elementor-element-bf40a2c\" data-id=\"bf40a2c\" data-element_type=\"column\" data-e-type=\"column\">\n\t\t\t<div class=\"elementor-widget-wrap elementor-element-populated\">\n\t\t\t\t\t\t<div class=\"elementor-element elementor-element-5db551d elementor-widget elementor-widget-text-editor\" data-id=\"5db551d\" data-element_type=\"widget\" data-e-type=\"widget\" data-widget_type=\"text-editor.default\">\n\t\t\t\t<div class=\"elementor-widget-container\">\n\t\t\t\t\t\t\t\t\t<p>M\u00e9s enll\u00e0 de ser simples assessors, aspirem a convertir-nos en veritables companys de viatge dels nostres clients, oferint-los el suport adient per cobrir les seves necessitats de negoci, millorar la seva capacitat i habilitat per crear valor, gestionar el risc i millorar el rendiment.<\/p>\n<p>En definitiva, la nostra missi\u00f3 \u00e9s contribuir \u2013mitjan\u00e7ant la externalitzaci\u00f3 de serveis \u2013 a que les empreses aconsegueixin les seves metes, com a resultat d\u2019una m\u00e9s \u00f2ptima gesti\u00f3 dels seus recursos humans i materials.<strong> L\u2019 \u00e8xit dels nostres clients \u00e9s el nostre objectiu.<\/strong><\/p>\n\t\t\t\t\t\t\t\t<\/div>\n\t\t\t\t<\/div>\n\t\t\t\t\t<\/div>\n\t\t<\/div>\n\t\t\t\t\t<\/div>\n\t\t<\/section>\n\t\t\t\t<section class=\"elementor-section elementor-top-section elementor-element elementor-element-1404eb3 elementor-section-full_width elementor-section-height-default elementor-section-height-default elementor-invisible\" data-id=\"1404eb3\" data-element_type=\"section\" data-e-type=\"section\" data-settings=\"{&quot;background_background&quot;:&quot;classic&quot;,&quot;animation&quot;:&quot;fadeInUp&quot;}\">\n\t\t\t\t\t\t\t<div class=\"elementor-background-overlay\"><\/div>\n\t\t\t\t\t\t\t<div class=\"elementor-container elementor-column-gap-default\">\n\t\t\t\t\t<div class=\"elementor-column elementor-col-50 elementor-top-column elementor-element elementor-element-29e8858\" data-id=\"29e8858\" data-element_type=\"column\" data-e-type=\"column\">\n\t\t\t<div class=\"elementor-widget-wrap elementor-element-populated\">\n\t\t\t\t\t\t<div class=\"elementor-element elementor-element-9472911 elementor-widget elementor-widget-heading\" data-id=\"9472911\" data-element_type=\"widget\" data-e-type=\"widget\" data-widget_type=\"heading.default\">\n\t\t\t\t<div class=\"elementor-widget-container\">\n\t\t\t\t\t<h2 class=\"elementor-heading-title elementor-size-default\">Els nostres<br>valors<\/h2>\t\t\t\t<\/div>\n\t\t\t\t<\/div>\n\t\t\t\t\t<\/div>\n\t\t<\/div>\n\t\t\t\t<div class=\"elementor-column elementor-col-50 elementor-top-column elementor-element elementor-element-432f53c\" data-id=\"432f53c\" data-element_type=\"column\" data-e-type=\"column\">\n\t\t\t<div class=\"elementor-widget-wrap elementor-element-populated\">\n\t\t\t\t\t\t<div class=\"elementor-element elementor-element-9f8d934 elementor-widget elementor-widget-text-editor\" data-id=\"9f8d934\" data-element_type=\"widget\" data-e-type=\"widget\" data-widget_type=\"text-editor.default\">\n\t\t\t\t<div class=\"elementor-widget-container\">\n\t\t\t\t\t\t\t\t\t<div class=\"page-area clearfix\">\n<div class=\"content\">\n<div class=\"mt-section default parallax-no mt-section-2646-1\" data-parallax-speed=\"0.2\">\n<div class=\"container\">\n<div class=\"row\">\n<div class=\"col-md-4 text-justify\">\n<p>Els nostres<strong> valors corporatius d\u2019excel\u00b7l\u00e8ncia, treball en equip, transpar\u00e8ncia i integritat <\/strong>ens ajuden en el dia a dia a impulsar els nostres objectius i ens proporcionen directrius que guien el nostre exercici professional amb la finalitat d\u2019obtenir els resultats esperats tant per nosaltres com pels nostres clients.<\/p>\n<p>Com una de les firmes capdavanteres en serveis professionals, sabem que els nostres valors s\u00f3n ingredients imprescindibles d\u2019una relaci\u00f3 duradora i de qualitat i base de la confian\u00e7a de la qual els nostres clients ens han fet mereixedors.<\/p>\n<\/div>\n<\/div>\n<\/div>\n<\/div>\n<div class=\"clearfix\"> <\/div>\n<\/div>\n<\/div>\n\t\t\t\t\t\t\t\t<\/div>\n\t\t\t\t<\/div>\n\t\t\t\t\t<\/div>\n\t\t<\/div>\n\t\t\t\t\t<\/div>\n\t\t<\/section>\n\t\t\t\t<section class=\"elementor-section elementor-top-section elementor-element elementor-element-09b6373 elementor-section-boxed elementor-section-height-default elementor-section-height-default\" data-id=\"09b6373\" data-element_type=\"section\" data-e-type=\"section\" data-settings=\"{&quot;background_background&quot;:&quot;classic&quot;}\">\n\t\t\t\t\t\t\t<div class=\"elementor-background-overlay\"><\/div>\n\t\t\t\t\t\t\t<div class=\"elementor-container elementor-column-gap-default\">\n\t\t\t\t\t<div class=\"elementor-column elementor-col-100 elementor-top-column elementor-element elementor-element-b543ce8\" data-id=\"b543ce8\" data-element_type=\"column\" data-e-type=\"column\">\n\t\t\t<div class=\"elementor-widget-wrap elementor-element-populated\">\n\t\t\t\t\t\t\t<\/div>\n\t\t<\/div>\n\t\t\t\t\t<\/div>\n\t\t<\/section>\n\t\t\t\t<\/div>\n\t\t","protected":false},"excerpt":{"rendered":"<p>Som un equip de professionals amb un profund coneixement t\u00e8cnic i compromesos amb l\u2019\u00e8xit dels nostres clients Contacta amb nosaltres La nostravisi\u00f3 La nostra visi\u00f3 \u00e9s la de ser considerats pels nostres clients com la millor opci\u00f3 al moment d\u2019escollir al seu prove\u00efdor de serveis de Outsourcing per a les funcions de comptabilitat, tax compliance [&hellip;]<\/p>\n","protected":false},"author":2,"featured_media":746,"parent":3931,"menu_order":0,"comment_status":"closed","ping_status":"closed","template":"","meta":{"_acf_changed":false,"inline_featured_image":false,"footnotes":""},"class_list":["post-3934","page","type-page","status-publish","has-post-thumbnail","hentry"],"acf":[],"yoast_head":"<!-- This site is optimized with the Yoast SEO plugin v27.1.1 - https:\/\/yoast.com\/product\/yoast-seo-wordpress\/ -->\n<title>avantges - Valors<\/title>\n<meta name=\"robots\" content=\"index, follow, max-snippet:-1, max-image-preview:large, max-video-preview:-1\" \/>\n<link rel=\"canonical\" href=\"https:\/\/avantges.com\/ca\/quim-som\/valors\/\" \/>\n<meta property=\"og:locale\" content=\"ca_ES\" \/>\n<meta property=\"og:type\" content=\"article\" \/>\n<meta property=\"og:title\" content=\"avantges - Valors\" \/>\n<meta property=\"og:description\" content=\"Som un equip de professionals amb un profund coneixement t\u00e8cnic i compromesos amb l\u2019\u00e8xit dels nostres clients Contacta amb nosaltres La nostravisi\u00f3 La nostra visi\u00f3 \u00e9s la de ser considerats pels nostres clients com la millor opci\u00f3 al moment d\u2019escollir al seu prove\u00efdor de serveis de Outsourcing per a les funcions de comptabilitat, tax compliance [&hellip;]\" \/>\n<meta property=\"og:url\" content=\"https:\/\/avantges.com\/ca\/quim-som\/valors\/\" \/>\n<meta property=\"og:site_name\" content=\"avantges\" \/>\n<meta property=\"article:modified_time\" content=\"2024-11-19T14:09:50+00:00\" \/>\n<meta property=\"og:image\" content=\"https:\/\/avantges.com\/wp-content\/uploads\/2024\/09\/avantges-valores.webp\" \/>\n\t<meta property=\"og:image:width\" content=\"1920\" \/>\n\t<meta property=\"og:image:height\" content=\"750\" \/>\n\t<meta property=\"og:image:type\" content=\"image\/webp\" \/>\n<meta name=\"twitter:card\" content=\"summary_large_image\" \/>\n<meta name=\"twitter:label1\" content=\"Temps estimat de lectura\" \/>\n\t<meta name=\"twitter:data1\" content=\"2 minuts\" \/>\n<script type=\"application\/ld+json\" class=\"yoast-schema-graph\">{\"@context\":\"https:\/\/schema.org\",\"@graph\":[{\"@type\":\"WebPage\",\"@id\":\"https:\/\/avantges.com\/ca\/quim-som\/valors\/\",\"url\":\"https:\/\/avantges.com\/ca\/quim-som\/valors\/\",\"name\":\"avantges - Valors\",\"isPartOf\":{\"@id\":\"https:\/\/avantges.com\/ca\/#website\"},\"primaryImageOfPage\":{\"@id\":\"https:\/\/avantges.com\/ca\/quim-som\/valors\/#primaryimage\"},\"image\":{\"@id\":\"https:\/\/avantges.com\/ca\/quim-som\/valors\/#primaryimage\"},\"thumbnailUrl\":\"https:\/\/avantges.com\/wp-content\/uploads\/2024\/09\/avantges-valores.webp\",\"datePublished\":\"2024-09-30T14:14:01+00:00\",\"dateModified\":\"2024-11-19T14:09:50+00:00\",\"breadcrumb\":{\"@id\":\"https:\/\/avantges.com\/ca\/quim-som\/valors\/#breadcrumb\"},\"inLanguage\":\"ca\",\"potentialAction\":[{\"@type\":\"ReadAction\",\"target\":[\"https:\/\/avantges.com\/ca\/quim-som\/valors\/\"]}]},{\"@type\":\"ImageObject\",\"inLanguage\":\"ca\",\"@id\":\"https:\/\/avantges.com\/ca\/quim-som\/valors\/#primaryimage\",\"url\":\"https:\/\/avantges.com\/wp-content\/uploads\/2024\/09\/avantges-valores.webp\",\"contentUrl\":\"https:\/\/avantges.com\/wp-content\/uploads\/2024\/09\/avantges-valores.webp\",\"width\":1920,\"height\":750},{\"@type\":\"BreadcrumbList\",\"@id\":\"https:\/\/avantges.com\/ca\/quim-som\/valors\/#breadcrumb\",\"itemListElement\":[{\"@type\":\"ListItem\",\"position\":1,\"name\":\"Inici\",\"item\":\"https:\/\/avantges.com\/ca\/\"},{\"@type\":\"ListItem\",\"position\":2,\"name\":\"Quim som\",\"item\":\"https:\/\/avantges.com\/ca\/quim-som\/\"},{\"@type\":\"ListItem\",\"position\":3,\"name\":\"Valors\"}]},{\"@type\":\"WebSite\",\"@id\":\"https:\/\/avantges.com\/ca\/#website\",\"url\":\"https:\/\/avantges.com\/ca\/\",\"name\":\"avantges\",\"description\":\"Accounting, Payroll and Tax Compliance Services in Spain\",\"publisher\":{\"@id\":\"https:\/\/avantges.com\/ca\/#organization\"},\"potentialAction\":[{\"@type\":\"SearchAction\",\"target\":{\"@type\":\"EntryPoint\",\"urlTemplate\":\"https:\/\/avantges.com\/ca\/?s={search_term_string}\"},\"query-input\":{\"@type\":\"PropertyValueSpecification\",\"valueRequired\":true,\"valueName\":\"search_term_string\"}}],\"inLanguage\":\"ca\"},{\"@type\":\"Organization\",\"@id\":\"https:\/\/avantges.com\/ca\/#organization\",\"name\":\"avantges\",\"url\":\"https:\/\/avantges.com\/ca\/\",\"logo\":{\"@type\":\"ImageObject\",\"inLanguage\":\"ca\",\"@id\":\"https:\/\/avantges.com\/ca\/#\/schema\/logo\/image\/\",\"url\":\"https:\/\/avantges.com\/wp-content\/uploads\/2024\/09\/Grupo-213.svg\",\"contentUrl\":\"https:\/\/avantges.com\/wp-content\/uploads\/2024\/09\/Grupo-213.svg\",\"width\":82,\"height\":23,\"caption\":\"avantges\"},\"image\":{\"@id\":\"https:\/\/avantges.com\/ca\/#\/schema\/logo\/image\/\"}}]}<\/script>\n<!-- \/ Yoast SEO plugin. -->","yoast_head_json":{"title":"avantges - Valors","robots":{"index":"index","follow":"follow","max-snippet":"max-snippet:-1","max-image-preview":"max-image-preview:large","max-video-preview":"max-video-preview:-1"},"canonical":"https:\/\/avantges.com\/ca\/quim-som\/valors\/","og_locale":"ca_ES","og_type":"article","og_title":"avantges - Valors","og_description":"Som un equip de professionals amb un profund coneixement t\u00e8cnic i compromesos amb l\u2019\u00e8xit dels nostres clients Contacta amb nosaltres La nostravisi\u00f3 La nostra visi\u00f3 \u00e9s la de ser considerats pels nostres clients com la millor opci\u00f3 al moment d\u2019escollir al seu prove\u00efdor de serveis de Outsourcing per a les funcions de comptabilitat, tax compliance [&hellip;]","og_url":"https:\/\/avantges.com\/ca\/quim-som\/valors\/","og_site_name":"avantges","article_modified_time":"2024-11-19T14:09:50+00:00","og_image":[{"width":1920,"height":750,"url":"https:\/\/avantges.com\/wp-content\/uploads\/2024\/09\/avantges-valores.webp","type":"image\/webp"}],"twitter_card":"summary_large_image","twitter_misc":{"Temps estimat de lectura":"2 minuts"},"schema":{"@context":"https:\/\/schema.org","@graph":[{"@type":"WebPage","@id":"https:\/\/avantges.com\/ca\/quim-som\/valors\/","url":"https:\/\/avantges.com\/ca\/quim-som\/valors\/","name":"avantges - Valors","isPartOf":{"@id":"https:\/\/avantges.com\/ca\/#website"},"primaryImageOfPage":{"@id":"https:\/\/avantges.com\/ca\/quim-som\/valors\/#primaryimage"},"image":{"@id":"https:\/\/avantges.com\/ca\/quim-som\/valors\/#primaryimage"},"thumbnailUrl":"https:\/\/avantges.com\/wp-content\/uploads\/2024\/09\/avantges-valores.webp","datePublished":"2024-09-30T14:14:01+00:00","dateModified":"2024-11-19T14:09:50+00:00","breadcrumb":{"@id":"https:\/\/avantges.com\/ca\/quim-som\/valors\/#breadcrumb"},"inLanguage":"ca","potentialAction":[{"@type":"ReadAction","target":["https:\/\/avantges.com\/ca\/quim-som\/valors\/"]}]},{"@type":"ImageObject","inLanguage":"ca","@id":"https:\/\/avantges.com\/ca\/quim-som\/valors\/#primaryimage","url":"https:\/\/avantges.com\/wp-content\/uploads\/2024\/09\/avantges-valores.webp","contentUrl":"https:\/\/avantges.com\/wp-content\/uploads\/2024\/09\/avantges-valores.webp","width":1920,"height":750},{"@type":"BreadcrumbList","@id":"https:\/\/avantges.com\/ca\/quim-som\/valors\/#breadcrumb","itemListElement":[{"@type":"ListItem","position":1,"name":"Inici","item":"https:\/\/avantges.com\/ca\/"},{"@type":"ListItem","position":2,"name":"Quim som","item":"https:\/\/avantges.com\/ca\/quim-som\/"},{"@type":"ListItem","position":3,"name":"Valors"}]},{"@type":"WebSite","@id":"https:\/\/avantges.com\/ca\/#website","url":"https:\/\/avantges.com\/ca\/","name":"avantges","description":"Accounting, Payroll and Tax Compliance Services in Spain","publisher":{"@id":"https:\/\/avantges.com\/ca\/#organization"},"potentialAction":[{"@type":"SearchAction","target":{"@type":"EntryPoint","urlTemplate":"https:\/\/avantges.com\/ca\/?s={search_term_string}"},"query-input":{"@type":"PropertyValueSpecification","valueRequired":true,"valueName":"search_term_string"}}],"inLanguage":"ca"},{"@type":"Organization","@id":"https:\/\/avantges.com\/ca\/#organization","name":"avantges","url":"https:\/\/avantges.com\/ca\/","logo":{"@type":"ImageObject","inLanguage":"ca","@id":"https:\/\/avantges.com\/ca\/#\/schema\/logo\/image\/","url":"https:\/\/avantges.com\/wp-content\/uploads\/2024\/09\/Grupo-213.svg","contentUrl":"https:\/\/avantges.com\/wp-content\/uploads\/2024\/09\/Grupo-213.svg","width":82,"height":23,"caption":"avantges"},"image":{"@id":"https:\/\/avantges.com\/ca\/#\/schema\/logo\/image\/"}}]}},"_links":{"self":[{"href":"https:\/\/avantges.com\/ca\/wp-json\/wp\/v2\/pages\/3934","targetHints":{"allow":["GET"]}}],"collection":[{"href":"https:\/\/avantges.com\/ca\/wp-json\/wp\/v2\/pages"}],"about":[{"href":"https:\/\/avantges.com\/ca\/wp-json\/wp\/v2\/types\/page"}],"author":[{"embeddable":true,"href":"https:\/\/avantges.com\/ca\/wp-json\/wp\/v2\/users\/2"}],"replies":[{"embeddable":true,"href":"https:\/\/avantges.com\/ca\/wp-json\/wp\/v2\/comments?post=3934"}],"version-history":[{"count":5,"href":"https:\/\/avantges.com\/ca\/wp-json\/wp\/v2\/pages\/3934\/revisions"}],"predecessor-version":[{"id":4706,"href":"https:\/\/avantges.com\/ca\/wp-json\/wp\/v2\/pages\/3934\/revisions\/4706"}],"up":[{"embeddable":true,"href":"https:\/\/avantges.com\/ca\/wp-json\/wp\/v2\/pages\/3931"}],"wp:featuredmedia":[{"embeddable":true,"href":"https:\/\/avantges.com\/ca\/wp-json\/wp\/v2\/media\/746"}],"wp:attachment":[{"href":"https:\/\/avantges.com\/ca\/wp-json\/wp\/v2\/media?parent=3934"}],"curies":[{"name":"wp","href":"https:\/\/api.w.org\/{rel}","templated":true}]}}