{"id":3940,"date":"2024-09-30T16:38:47","date_gmt":"2024-09-30T14:38:47","guid":{"rendered":"https:\/\/avantges.com\/quim-som\/carrera-professional\/"},"modified":"2024-11-19T15:15:01","modified_gmt":"2024-11-19T14:15:01","slug":"carrera-professional","status":"publish","type":"page","link":"https:\/\/avantges.com\/ca\/quim-som\/carrera-professional\/","title":{"rendered":"Carrera professional"},"content":{"rendered":"\t\t<div data-elementor-type=\"wp-page\" data-elementor-id=\"3940\" class=\"elementor elementor-3940 elementor-178\" data-elementor-post-type=\"page\">\n\t\t\t\t\t\t<section class=\"elementor-section elementor-top-section elementor-element elementor-element-981cb92 elementor-section-full_width elementor-section-height-min-height elementor-section-height-default elementor-section-items-middle\" data-id=\"981cb92\" data-element_type=\"section\" data-e-type=\"section\" data-settings=\"{&quot;background_background&quot;:&quot;video&quot;,&quot;background_video_link&quot;:&quot;https:\\\/\\\/avantges.com\\\/wp-content\\\/uploads\\\/2024\\\/11\\\/carrera-profesional.mp4&quot;}\">\n\t\t\t\t\t\t\t\t<div class=\"elementor-background-video-container elementor-hidden-mobile\">\n\t\t\t\t\t\t\t\t\t\t\t\t\t<video class=\"elementor-background-video-hosted\" role=\"presentation\" autoplay muted playsinline loop><\/video>\n\t\t\t\t\t\t\t\t\t\t\t<\/div>\n\t\t\t\t\t\t\t\t\t<div class=\"elementor-background-overlay\"><\/div>\n\t\t\t\t\t\t\t<div class=\"elementor-container elementor-column-gap-default\">\n\t\t\t\t\t<div class=\"elementor-column elementor-col-100 elementor-top-column elementor-element elementor-element-e3a876b\" data-id=\"e3a876b\" data-element_type=\"column\" data-e-type=\"column\">\n\t\t\t<div class=\"elementor-widget-wrap elementor-element-populated\">\n\t\t\t\t\t\t<div class=\"elementor-element elementor-element-a50413f elementor-widget elementor-widget-heading\" data-id=\"a50413f\" data-element_type=\"widget\" data-e-type=\"widget\" data-widget_type=\"heading.default\">\n\t\t\t\t<div class=\"elementor-widget-container\">\n\t\t\t\t\t<h1 class=\"elementor-heading-title elementor-size-default\">Carrera professional<\/h1>\t\t\t\t<\/div>\n\t\t\t\t<\/div>\n\t\t\t\t\t<\/div>\n\t\t<\/div>\n\t\t\t\t\t<\/div>\n\t\t<\/section>\n\t\t\t\t<section class=\"elementor-section elementor-top-section elementor-element elementor-element-e7f061c elementor-section-boxed elementor-section-height-default elementor-section-height-default\" data-id=\"e7f061c\" data-element_type=\"section\" data-e-type=\"section\" data-settings=\"{&quot;background_background&quot;:&quot;classic&quot;}\">\n\t\t\t\t\t\t<div class=\"elementor-container elementor-column-gap-default\">\n\t\t\t\t\t<div class=\"elementor-column elementor-col-100 elementor-top-column elementor-element elementor-element-fb93d0a\" data-id=\"fb93d0a\" data-element_type=\"column\" data-e-type=\"column\">\n\t\t\t<div class=\"elementor-widget-wrap elementor-element-populated\">\n\t\t\t\t\t\t<section class=\"elementor-section elementor-inner-section elementor-element elementor-element-74d246d elementor-section-full_width elementor-section-content-top elementor-section-height-default elementor-section-height-default\" data-id=\"74d246d\" data-element_type=\"section\" data-e-type=\"section\">\n\t\t\t\t\t\t<div class=\"elementor-container elementor-column-gap-no\">\n\t\t\t\t\t<div class=\"elementor-column elementor-col-100 elementor-inner-column elementor-element elementor-element-18cf112\" data-id=\"18cf112\" data-element_type=\"column\" data-e-type=\"column\">\n\t\t\t<div class=\"elementor-widget-wrap elementor-element-populated\">\n\t\t\t\t\t\t<div class=\"elementor-element elementor-element-f463873 elementor-position-inline-start elementor-mobile-position-inline-start elementor-view-default elementor-widget elementor-widget-icon-box\" data-id=\"f463873\" data-element_type=\"widget\" data-e-type=\"widget\" data-widget_type=\"icon-box.default\">\n\t\t\t\t<div class=\"elementor-widget-container\">\n\t\t\t\t\t\t\t<div class=\"elementor-icon-box-wrapper\">\n\n\t\t\t\t\t\t<div class=\"elementor-icon-box-icon\">\n\t\t\t\t<span  class=\"elementor-icon\">\n\t\t\t\t<svg xmlns=\"http:\/\/www.w3.org\/2000\/svg\" width=\"37.878\" height=\"37.878\" viewBox=\"0 0 37.878 37.878\"><g id=\"circulo\" transform=\"translate(1.805 1.804)\"><circle id=\"Elipse_3\" data-name=\"Elipse 3\" cx=\"14.243\" cy=\"14.243\" r=\"14.243\" transform=\"matrix(0.23, -0.973, 0.973, 0.23, 0, 27.724)\" fill=\"none\" stroke=\"#e3544b\" stroke-width=\"3\"><\/circle><path id=\"Trazado_737\" data-name=\"Trazado 737\" d=\"M134.786,31.006H120.642a3.965,3.965,0,0,0,3.964,3.964h3.639a.681.681,0,0,1,.486.2.688.688,0,0,1,0,.957l-6.636,6.634A2.056,2.056,0,0,0,125,45.67l.018.016,6.632-6.64a.681.681,0,0,1,.957,0,.671.671,0,0,1,.2.475v3.643a3.962,3.962,0,0,0,3.962,3.962V32.985a1.98,1.98,0,0,0-1.977-1.979\" transform=\"translate(-112 -21.503)\" fill=\"#e3544b\"><\/path><\/g><\/svg>\t\t\t\t<\/span>\n\t\t\t<\/div>\n\t\t\t\n\t\t\t\t\t\t<div class=\"elementor-icon-box-content\">\n\n\t\t\t\t\t\t\t\t\t<h3 class=\"elementor-icon-box-title\">\n\t\t\t\t\t\t<span  >\n\t\t\t\t\t\t\tUneix-te al nostre equip\t\t\t\t\t\t<\/span>\n\t\t\t\t\t<\/h3>\n\t\t\t\t\n\t\t\t\t\n\t\t\t<\/div>\n\t\t\t\n\t\t<\/div>\n\t\t\t\t\t\t<\/div>\n\t\t\t\t<\/div>\n\t\t\t\t\t<\/div>\n\t\t<\/div>\n\t\t\t\t\t<\/div>\n\t\t<\/section>\n\t\t\t\t<section class=\"elementor-section elementor-inner-section elementor-element elementor-element-2401ab9 elementor-section-full_width elementor-section-height-default elementor-section-height-default\" data-id=\"2401ab9\" data-element_type=\"section\" data-e-type=\"section\">\n\t\t\t\t\t\t<div class=\"elementor-container elementor-column-gap-no\">\n\t\t\t\t\t<div class=\"elementor-column elementor-col-50 elementor-inner-column elementor-element elementor-element-84f3baa\" data-id=\"84f3baa\" data-element_type=\"column\" data-e-type=\"column\">\n\t\t\t<div class=\"elementor-widget-wrap elementor-element-populated\">\n\t\t\t\t\t\t<div class=\"elementor-element elementor-element-5c4e1bf elementor-widget elementor-widget-text-editor\" data-id=\"5c4e1bf\" data-element_type=\"widget\" data-e-type=\"widget\" data-widget_type=\"text-editor.default\">\n\t\t\t\t<div class=\"elementor-widget-container\">\n\t\t\t\t\t\t\t\t\t<p>Conscients de la import\u00e0ncia de l\u2019equip hum\u00e0 que compon la nostra firma i del paper de tots i cadasc\u00fa dels seus integrants, el nostre objectiu \u00e9s incorporar els millors professionals, tant des d\u2019un punt de vista t\u00e8cnic com personal, amb l\u2019objectiu de mantenir la qualitat del servei ofert als nostres clients.<\/p>\n<p> Tanmateix, considerem igual de rellevant que els integrants de la firma assoleixin els seus objectius tant professionals com personals, construint, per aix\u00f2, un entorn que fomenti el seu creixement i els ajudi a desenvolupar noves habilitats i coneixements.<\/p>\n<p>Si et trobes interessat en formar part del nostre creixent equip, envia\u2019ns el teu CV, indicant la refer\u00e8ncia corresponent (Accounting; Tax Compliance; Gesti\u00f3 laboral; Personal Administratiu).  <\/p>\n<p>Gr\u00e0cies anticipades.<\/p>\n\t\t\t\t\t\t\t\t<\/div>\n\t\t\t\t<\/div>\n\t\t\t\t\t<\/div>\n\t\t<\/div>\n\t\t\t\t<div class=\"elementor-column elementor-col-50 elementor-inner-column elementor-element elementor-element-8ae8aca\" data-id=\"8ae8aca\" data-element_type=\"column\" data-e-type=\"column\">\n\t\t\t<div class=\"elementor-widget-wrap elementor-element-populated\">\n\t\t\t\t\t\t<div class=\"elementor-element elementor-element-182ab99 elementor-button-align-stretch elementor-widget elementor-widget-form\" data-id=\"182ab99\" data-element_type=\"widget\" data-e-type=\"widget\" data-settings=\"{&quot;button_width&quot;:&quot;33&quot;,&quot;step_next_label&quot;:&quot;Next&quot;,&quot;step_previous_label&quot;:&quot;Previous&quot;,&quot;step_type&quot;:&quot;number_text&quot;,&quot;step_icon_shape&quot;:&quot;circle&quot;}\" data-widget_type=\"form.default\">\n\t\t\t\t<div class=\"elementor-widget-container\">\n\t\t\t\t\t\t\t<form class=\"elementor-form\" method=\"post\" name=\"Formulari enviament CVs\" aria-label=\"Formulari enviament CVs\">\n\t\t\t<input type=\"hidden\" name=\"post_id\" value=\"3940\"\/>\n\t\t\t<input type=\"hidden\" name=\"form_id\" value=\"182ab99\"\/>\n\t\t\t<input type=\"hidden\" name=\"referer_title\" value=\"avantges - Carrera professional\" \/>\n\n\t\t\t\t\t\t\t<input type=\"hidden\" name=\"queried_id\" value=\"3940\"\/>\n\t\t\t\n\t\t\t<div class=\"elementor-form-fields-wrapper elementor-labels-\">\n\t\t\t\t\t\t\t\t<div class=\"elementor-field-type-text elementor-field-group elementor-column elementor-field-group-name elementor-col-100\">\n\t\t\t\t\t\t\t\t\t\t\t\t<label for=\"form-field-name\" class=\"elementor-field-label elementor-screen-only\">\n\t\t\t\t\t\t\t\tNom i cognoms\t\t\t\t\t\t\t<\/label>\n\t\t\t\t\t\t\t\t\t\t\t\t\t\t<input size=\"1\" type=\"text\" name=\"form_fields[name]\" id=\"form-field-name\" class=\"elementor-field elementor-size-md  elementor-field-textual\" placeholder=\"Nom i cognoms\">\n\t\t\t\t\t\t\t\t\t\t\t<\/div>\n\t\t\t\t\t\t\t\t<div class=\"elementor-field-type-email elementor-field-group elementor-column elementor-field-group-email elementor-col-100 elementor-field-required\">\n\t\t\t\t\t\t\t\t\t\t\t\t<label for=\"form-field-email\" class=\"elementor-field-label elementor-screen-only\">\n\t\t\t\t\t\t\t\tCorreu electr\u00f2nic\t\t\t\t\t\t\t<\/label>\n\t\t\t\t\t\t\t\t\t\t\t\t\t\t<input size=\"1\" type=\"email\" name=\"form_fields[email]\" id=\"form-field-email\" class=\"elementor-field elementor-size-md  elementor-field-textual\" placeholder=\"Correu electr\u00f2nic\" required=\"required\">\n\t\t\t\t\t\t\t\t\t\t\t<\/div>\n\t\t\t\t\t\t\t\t<div class=\"elementor-field-type-html elementor-field-group elementor-column elementor-field-group-field_b4d074a elementor-col-100\">\n\t\t\t\t\t<strong>Adjunta el teu CV en format PDF (3MB .MAX)<\/strong><br>Tots els curr\u00edculums seran tractats de manera confidencial i utilitzats \u00fanicament en processos de selecci\u00f3 d'interiors.\t\t\t\t<\/div>\n\t\t\t\t\t\t\t\t<div class=\"elementor-field-type-upload elementor-field-group elementor-column elementor-field-group-field_ea59637 elementor-col-100\">\n\t\t\t\t\t\t\t<input type=\"file\" name=\"form_fields[field_ea59637]\" id=\"form-field-field_ea59637\" class=\"elementor-field elementor-size-md  elementor-upload-field\">\n\n\t\t\t\t\t\t<\/div>\n\t\t\t\t\t\t\t\t<div class=\"elementor-field-type-acceptance elementor-field-group elementor-column elementor-field-group-field_ff3eac4 elementor-col-100\">\n\t\t\t\t\t\t\t<div class=\"elementor-field-subgroup\">\n\t\t\t<span class=\"elementor-field-option\">\n\t\t\t\t<input type=\"checkbox\" name=\"form_fields[field_ff3eac4]\" id=\"form-field-field_ff3eac4\" class=\"elementor-field elementor-size-md  elementor-acceptance-field\">\n\t\t\t\t<label for=\"form-field-field_ff3eac4\">He llegit i accepto la pol\u00edtica de privadesa de la web<\/label>\t\t\t<\/span>\n\t\t<\/div>\n\t\t\t\t\t\t<\/div>\n\t\t\t\t\t\t\t\t<div class=\"elementor-field-group elementor-column elementor-field-type-submit elementor-col-33 e-form__buttons\">\n\t\t\t\t\t<button class=\"elementor-button elementor-size-sm\" type=\"submit\">\n\t\t\t\t\t\t<span class=\"elementor-button-content-wrapper\">\n\t\t\t\t\t\t\t\t\t\t\t\t\t\t\t\t\t\t\t\t\t\t<span class=\"elementor-button-text\">Enviar<\/span>\n\t\t\t\t\t\t\t\t\t\t\t\t\t<\/span>\n\t\t\t\t\t<\/button>\n\t\t\t\t<\/div>\n\t\t\t<\/div>\n\t\t<\/form>\n\t\t\t\t\t\t<\/div>\n\t\t\t\t<\/div>\n\t\t\t\t\t<\/div>\n\t\t<\/div>\n\t\t\t\t\t<\/div>\n\t\t<\/section>\n\t\t\t\t\t<\/div>\n\t\t<\/div>\n\t\t\t\t\t<\/div>\n\t\t<\/section>\n\t\t\t\t<\/div>\n\t\t","protected":false},"excerpt":{"rendered":"<p>Uneix-te al nostre equip Conscients de la import\u00e0ncia de l\u2019equip hum\u00e0 que compon la nostra firma i del paper de tots i cadasc\u00fa dels seus integrants, el nostre objectiu \u00e9s incorporar els millors professionals, tant des d\u2019un punt de vista t\u00e8cnic com personal, amb l\u2019objectiu de mantenir la qualitat del servei ofert als nostres clients. [&hellip;]<\/p>\n","protected":false},"author":2,"featured_media":758,"parent":3931,"menu_order":0,"comment_status":"closed","ping_status":"closed","template":"","meta":{"_acf_changed":false,"inline_featured_image":false,"footnotes":""},"class_list":["post-3940","page","type-page","status-publish","has-post-thumbnail","hentry"],"acf":[],"yoast_head":"<!-- This site is optimized with the Yoast SEO plugin v27.1.1 - https:\/\/yoast.com\/product\/yoast-seo-wordpress\/ -->\n<title>avantges - Carrera professional<\/title>\n<meta name=\"robots\" content=\"index, follow, max-snippet:-1, max-image-preview:large, max-video-preview:-1\" \/>\n<link rel=\"canonical\" href=\"https:\/\/avantges.com\/ca\/quim-som\/carrera-professional\/\" \/>\n<meta property=\"og:locale\" content=\"ca_ES\" \/>\n<meta property=\"og:type\" content=\"article\" \/>\n<meta property=\"og:title\" content=\"avantges - Carrera professional\" \/>\n<meta property=\"og:description\" content=\"Uneix-te al nostre equip Conscients de la import\u00e0ncia de l\u2019equip hum\u00e0 que compon la nostra firma i del paper de tots i cadasc\u00fa dels seus integrants, el nostre objectiu \u00e9s incorporar els millors professionals, tant des d\u2019un punt de vista t\u00e8cnic com personal, amb l\u2019objectiu de mantenir la qualitat del servei ofert als nostres clients. [&hellip;]\" \/>\n<meta property=\"og:url\" content=\"https:\/\/avantges.com\/ca\/quim-som\/carrera-professional\/\" \/>\n<meta property=\"og:site_name\" content=\"avantges\" \/>\n<meta property=\"article:modified_time\" content=\"2024-11-19T14:15:01+00:00\" \/>\n<meta property=\"og:image\" content=\"https:\/\/avantges.com\/wp-content\/uploads\/2024\/10\/avantges-contacto.webp\" \/>\n\t<meta property=\"og:image:width\" content=\"1920\" \/>\n\t<meta property=\"og:image:height\" content=\"750\" \/>\n\t<meta property=\"og:image:type\" content=\"image\/webp\" \/>\n<meta name=\"twitter:card\" content=\"summary_large_image\" \/>\n<meta name=\"twitter:label1\" content=\"Temps estimat de lectura\" \/>\n\t<meta name=\"twitter:data1\" content=\"1 minut\" \/>\n<script type=\"application\/ld+json\" class=\"yoast-schema-graph\">{\"@context\":\"https:\/\/schema.org\",\"@graph\":[{\"@type\":\"WebPage\",\"@id\":\"https:\/\/avantges.com\/ca\/quim-som\/carrera-professional\/\",\"url\":\"https:\/\/avantges.com\/ca\/quim-som\/carrera-professional\/\",\"name\":\"avantges - Carrera professional\",\"isPartOf\":{\"@id\":\"https:\/\/avantges.com\/ca\/#website\"},\"primaryImageOfPage\":{\"@id\":\"https:\/\/avantges.com\/ca\/quim-som\/carrera-professional\/#primaryimage\"},\"image\":{\"@id\":\"https:\/\/avantges.com\/ca\/quim-som\/carrera-professional\/#primaryimage\"},\"thumbnailUrl\":\"https:\/\/avantges.com\/wp-content\/uploads\/2024\/10\/avantges-contacto.webp\",\"datePublished\":\"2024-09-30T14:38:47+00:00\",\"dateModified\":\"2024-11-19T14:15:01+00:00\",\"breadcrumb\":{\"@id\":\"https:\/\/avantges.com\/ca\/quim-som\/carrera-professional\/#breadcrumb\"},\"inLanguage\":\"ca\",\"potentialAction\":[{\"@type\":\"ReadAction\",\"target\":[\"https:\/\/avantges.com\/ca\/quim-som\/carrera-professional\/\"]}]},{\"@type\":\"ImageObject\",\"inLanguage\":\"ca\",\"@id\":\"https:\/\/avantges.com\/ca\/quim-som\/carrera-professional\/#primaryimage\",\"url\":\"https:\/\/avantges.com\/wp-content\/uploads\/2024\/10\/avantges-contacto.webp\",\"contentUrl\":\"https:\/\/avantges.com\/wp-content\/uploads\/2024\/10\/avantges-contacto.webp\",\"width\":1920,\"height\":750},{\"@type\":\"BreadcrumbList\",\"@id\":\"https:\/\/avantges.com\/ca\/quim-som\/carrera-professional\/#breadcrumb\",\"itemListElement\":[{\"@type\":\"ListItem\",\"position\":1,\"name\":\"Inici\",\"item\":\"https:\/\/avantges.com\/ca\/\"},{\"@type\":\"ListItem\",\"position\":2,\"name\":\"Quim som\",\"item\":\"https:\/\/avantges.com\/ca\/quim-som\/\"},{\"@type\":\"ListItem\",\"position\":3,\"name\":\"Carrera professional\"}]},{\"@type\":\"WebSite\",\"@id\":\"https:\/\/avantges.com\/ca\/#website\",\"url\":\"https:\/\/avantges.com\/ca\/\",\"name\":\"avantges\",\"description\":\"Accounting, Payroll and Tax Compliance Services in Spain\",\"publisher\":{\"@id\":\"https:\/\/avantges.com\/ca\/#organization\"},\"potentialAction\":[{\"@type\":\"SearchAction\",\"target\":{\"@type\":\"EntryPoint\",\"urlTemplate\":\"https:\/\/avantges.com\/ca\/?s={search_term_string}\"},\"query-input\":{\"@type\":\"PropertyValueSpecification\",\"valueRequired\":true,\"valueName\":\"search_term_string\"}}],\"inLanguage\":\"ca\"},{\"@type\":\"Organization\",\"@id\":\"https:\/\/avantges.com\/ca\/#organization\",\"name\":\"avantges\",\"url\":\"https:\/\/avantges.com\/ca\/\",\"logo\":{\"@type\":\"ImageObject\",\"inLanguage\":\"ca\",\"@id\":\"https:\/\/avantges.com\/ca\/#\/schema\/logo\/image\/\",\"url\":\"https:\/\/avantges.com\/wp-content\/uploads\/2024\/09\/Grupo-213.svg\",\"contentUrl\":\"https:\/\/avantges.com\/wp-content\/uploads\/2024\/09\/Grupo-213.svg\",\"width\":82,\"height\":23,\"caption\":\"avantges\"},\"image\":{\"@id\":\"https:\/\/avantges.com\/ca\/#\/schema\/logo\/image\/\"}}]}<\/script>\n<!-- \/ Yoast SEO plugin. -->","yoast_head_json":{"title":"avantges - Carrera professional","robots":{"index":"index","follow":"follow","max-snippet":"max-snippet:-1","max-image-preview":"max-image-preview:large","max-video-preview":"max-video-preview:-1"},"canonical":"https:\/\/avantges.com\/ca\/quim-som\/carrera-professional\/","og_locale":"ca_ES","og_type":"article","og_title":"avantges - Carrera professional","og_description":"Uneix-te al nostre equip Conscients de la import\u00e0ncia de l\u2019equip hum\u00e0 que compon la nostra firma i del paper de tots i cadasc\u00fa dels seus integrants, el nostre objectiu \u00e9s incorporar els millors professionals, tant des d\u2019un punt de vista t\u00e8cnic com personal, amb l\u2019objectiu de mantenir la qualitat del servei ofert als nostres clients. [&hellip;]","og_url":"https:\/\/avantges.com\/ca\/quim-som\/carrera-professional\/","og_site_name":"avantges","article_modified_time":"2024-11-19T14:15:01+00:00","og_image":[{"width":1920,"height":750,"url":"https:\/\/avantges.com\/wp-content\/uploads\/2024\/10\/avantges-contacto.webp","type":"image\/webp"}],"twitter_card":"summary_large_image","twitter_misc":{"Temps estimat de lectura":"1 minut"},"schema":{"@context":"https:\/\/schema.org","@graph":[{"@type":"WebPage","@id":"https:\/\/avantges.com\/ca\/quim-som\/carrera-professional\/","url":"https:\/\/avantges.com\/ca\/quim-som\/carrera-professional\/","name":"avantges - Carrera professional","isPartOf":{"@id":"https:\/\/avantges.com\/ca\/#website"},"primaryImageOfPage":{"@id":"https:\/\/avantges.com\/ca\/quim-som\/carrera-professional\/#primaryimage"},"image":{"@id":"https:\/\/avantges.com\/ca\/quim-som\/carrera-professional\/#primaryimage"},"thumbnailUrl":"https:\/\/avantges.com\/wp-content\/uploads\/2024\/10\/avantges-contacto.webp","datePublished":"2024-09-30T14:38:47+00:00","dateModified":"2024-11-19T14:15:01+00:00","breadcrumb":{"@id":"https:\/\/avantges.com\/ca\/quim-som\/carrera-professional\/#breadcrumb"},"inLanguage":"ca","potentialAction":[{"@type":"ReadAction","target":["https:\/\/avantges.com\/ca\/quim-som\/carrera-professional\/"]}]},{"@type":"ImageObject","inLanguage":"ca","@id":"https:\/\/avantges.com\/ca\/quim-som\/carrera-professional\/#primaryimage","url":"https:\/\/avantges.com\/wp-content\/uploads\/2024\/10\/avantges-contacto.webp","contentUrl":"https:\/\/avantges.com\/wp-content\/uploads\/2024\/10\/avantges-contacto.webp","width":1920,"height":750},{"@type":"BreadcrumbList","@id":"https:\/\/avantges.com\/ca\/quim-som\/carrera-professional\/#breadcrumb","itemListElement":[{"@type":"ListItem","position":1,"name":"Inici","item":"https:\/\/avantges.com\/ca\/"},{"@type":"ListItem","position":2,"name":"Quim som","item":"https:\/\/avantges.com\/ca\/quim-som\/"},{"@type":"ListItem","position":3,"name":"Carrera professional"}]},{"@type":"WebSite","@id":"https:\/\/avantges.com\/ca\/#website","url":"https:\/\/avantges.com\/ca\/","name":"avantges","description":"Accounting, Payroll and Tax Compliance Services in Spain","publisher":{"@id":"https:\/\/avantges.com\/ca\/#organization"},"potentialAction":[{"@type":"SearchAction","target":{"@type":"EntryPoint","urlTemplate":"https:\/\/avantges.com\/ca\/?s={search_term_string}"},"query-input":{"@type":"PropertyValueSpecification","valueRequired":true,"valueName":"search_term_string"}}],"inLanguage":"ca"},{"@type":"Organization","@id":"https:\/\/avantges.com\/ca\/#organization","name":"avantges","url":"https:\/\/avantges.com\/ca\/","logo":{"@type":"ImageObject","inLanguage":"ca","@id":"https:\/\/avantges.com\/ca\/#\/schema\/logo\/image\/","url":"https:\/\/avantges.com\/wp-content\/uploads\/2024\/09\/Grupo-213.svg","contentUrl":"https:\/\/avantges.com\/wp-content\/uploads\/2024\/09\/Grupo-213.svg","width":82,"height":23,"caption":"avantges"},"image":{"@id":"https:\/\/avantges.com\/ca\/#\/schema\/logo\/image\/"}}]}},"_links":{"self":[{"href":"https:\/\/avantges.com\/ca\/wp-json\/wp\/v2\/pages\/3940","targetHints":{"allow":["GET"]}}],"collection":[{"href":"https:\/\/avantges.com\/ca\/wp-json\/wp\/v2\/pages"}],"about":[{"href":"https:\/\/avantges.com\/ca\/wp-json\/wp\/v2\/types\/page"}],"author":[{"embeddable":true,"href":"https:\/\/avantges.com\/ca\/wp-json\/wp\/v2\/users\/2"}],"replies":[{"embeddable":true,"href":"https:\/\/avantges.com\/ca\/wp-json\/wp\/v2\/comments?post=3940"}],"version-history":[{"count":5,"href":"https:\/\/avantges.com\/ca\/wp-json\/wp\/v2\/pages\/3940\/revisions"}],"predecessor-version":[{"id":4722,"href":"https:\/\/avantges.com\/ca\/wp-json\/wp\/v2\/pages\/3940\/revisions\/4722"}],"up":[{"embeddable":true,"href":"https:\/\/avantges.com\/ca\/wp-json\/wp\/v2\/pages\/3931"}],"wp:featuredmedia":[{"embeddable":true,"href":"https:\/\/avantges.com\/ca\/wp-json\/wp\/v2\/media\/758"}],"wp:attachment":[{"href":"https:\/\/avantges.com\/ca\/wp-json\/wp\/v2\/media?parent=3940"}],"curies":[{"name":"wp","href":"https:\/\/api.w.org\/{rel}","templated":true}]}}