{"id":4462,"date":"2024-11-11T17:30:31","date_gmt":"2024-11-11T16:30:31","guid":{"rendered":"https:\/\/avantges.com\/?page_id=4462"},"modified":"2024-11-15T10:43:55","modified_gmt":"2024-11-15T09:43:55","slug":"avis-legal-2","status":"publish","type":"page","link":"https:\/\/avantges.com\/ca\/avis-legal-2\/","title":{"rendered":"Pol\u00edtica de privadesa"},"content":{"rendered":"\t\t<div data-elementor-type=\"wp-page\" data-elementor-id=\"4462\" class=\"elementor elementor-4462 elementor-4460\" data-elementor-post-type=\"page\">\n\t\t\t\t\t\t<section class=\"elementor-section elementor-top-section elementor-element elementor-element-c1a5cbf elementor-section-height-min-height elementor-section-boxed elementor-section-height-default elementor-section-items-middle\" data-id=\"c1a5cbf\" data-element_type=\"section\" data-e-type=\"section\" data-settings=\"{&quot;background_background&quot;:&quot;classic&quot;}\">\n\t\t\t\t\t\t\t<div class=\"elementor-background-overlay\"><\/div>\n\t\t\t\t\t\t\t<div class=\"elementor-container elementor-column-gap-default\">\n\t\t\t\t\t<div class=\"elementor-column elementor-col-100 elementor-top-column elementor-element elementor-element-a07bb1b\" data-id=\"a07bb1b\" data-element_type=\"column\" data-e-type=\"column\">\n\t\t\t<div class=\"elementor-widget-wrap\">\n\t\t\t\t\t\t\t<\/div>\n\t\t<\/div>\n\t\t\t\t\t<\/div>\n\t\t<\/section>\n\t\t\t\t<section class=\"elementor-section elementor-top-section elementor-element elementor-element-7743782 elementor-section-boxed elementor-section-height-default elementor-section-height-default\" data-id=\"7743782\" data-element_type=\"section\" data-e-type=\"section\">\n\t\t\t\t\t\t<div class=\"elementor-container elementor-column-gap-default\">\n\t\t\t\t\t<div class=\"elementor-column elementor-col-100 elementor-top-column elementor-element elementor-element-9760a08\" data-id=\"9760a08\" data-element_type=\"column\" data-e-type=\"column\">\n\t\t\t<div class=\"elementor-widget-wrap elementor-element-populated\">\n\t\t\t\t\t\t<div class=\"elementor-element elementor-element-17c161c elementor-widget elementor-widget-heading\" data-id=\"17c161c\" data-element_type=\"widget\" data-e-type=\"widget\" data-widget_type=\"heading.default\">\n\t\t\t\t<div class=\"elementor-widget-container\">\n\t\t\t\t\t<h1 class=\"elementor-heading-title elementor-size-default\">Pol\u00edtica de privadesa<\/h1>\t\t\t\t<\/div>\n\t\t\t\t<\/div>\n\t\t\t\t<div class=\"elementor-element elementor-element-645605b elementor-widget elementor-widget-text-editor\" data-id=\"645605b\" data-element_type=\"widget\" data-e-type=\"widget\" data-widget_type=\"text-editor.default\">\n\t\t\t\t<div class=\"elementor-widget-container\">\n\t\t\t\t\t\t\t\t\t<p>1. Determinats serveis oferts en aquest Lloc, en particular l&#8217;enviament de curr\u00edculums, impliquen necess\u00e0riament la recollida de dades. De fet, per oferir aquests serveis, la nostra empresa necessita determinades dades personals. Avantges tractar\u00e0 tota la informaci\u00f3 que ens proporcioneu amb la m\u00e0xima confidencialitat. Pel que fa a les sol\u00b7licituds en l\u00ednia, la informaci\u00f3 recollida s&#8217;utilitzar\u00e0 exclusivament per respondre les vostres preguntes, i en el cas dels curr\u00edculums, per a la preselecci\u00f3 dels candidats. En conseq\u00fc\u00e8ncia, les dades facilitades per l&#8217;Usuari no seran utilitzades en cap cas per a una finalitat diferent a la descrita anteriorment. En recollir dades personals se us informar\u00e0 de la finalitat del tractament d&#8217;aquestes dades. Tingueu en compte que si us negueu a proporcionar la informaci\u00f3 sol\u00b7licitada, els serveis descrits anteriorment no es podran oferir.      <\/p>\n<p>2 Pel que fa a les dades recollides tal com s&#8217;ha descrit anteriorment, podeu exercir els drets que li confereix la llei: el dret d&#8217;acc\u00e9s, rectificaci\u00f3, supressi\u00f3 o oposici\u00f3 a les dades, si escau; i el dret a revocar el seu consentiment a la seva transfer\u00e8ncia. Vost\u00e8 o el seu representant poden exercir aquests drets enviant una sol\u00b7licitud escrita i signada a l&#8217;adre\u00e7a seg\u00fcent: Avantges Outsourcing, S.L., Departament de Protecci\u00f3 de Dades, Av Diagonal, 453 bis, 4\u00aa pl, 08036 Barcelona (Espanya). La seva sol\u00b7licitud ha d&#8217;incloure les dades seg\u00fcents: nom i cognoms, adre\u00e7a de correspond\u00e8ncia, fotoc\u00f2pia del DNI o passaport, i dades concretes del dret exercit.   <\/p>\n<p>3 Avantges Outsourcing, S.L conservar\u00e0 les dades personals recollides i adoptar\u00e0 les mesures necess\u00e0ries per evitar-ne la seva alteraci\u00f3, p\u00e8rdua, tractament o acc\u00e9s sense autoritzaci\u00f3. Avantges Outsourcing, S.L exercir\u00e0 aquestes funcions d&#8217;acord amb la legislaci\u00f3 aplicable (L.O. 15\/1999, de 13 de desembre). <\/p>\n<p>4 Avantges Outsourcing, S.L pot emmagatzemar cookies en els equips terminals dels usuaris, sempre que aquests hagin donat el seu consentiment despr\u00e9s d&#8217;haver rebut una informaci\u00f3 clara i completa sobre el seu \u00fas. Els usuaris poden accedir a la informaci\u00f3 sobre les finalitats d&#8217;instal\u00b7lar i utilitzar cookies a la pol\u00edtica de cookies de l&#8217;empresa. <\/p>\n<p>Aix\u00f2 no impedeix l&#8217;emmagatzematge t\u00e8cnic o l&#8217;acc\u00e9s amb l&#8217;\u00fanica finalitat de transmetre una comunicaci\u00f3 a trav\u00e9s d&#8217;una xarxa de comunicacions electr\u00f2niques o, si \u00e9s necessari, per a la prestaci\u00f3 d&#8217;un servei de la societat de la informaci\u00f3 sol\u00b7licitat per l&#8217;usuari.<\/p>\n\t\t\t\t\t\t\t\t<\/div>\n\t\t\t\t<\/div>\n\t\t\t\t\t<\/div>\n\t\t<\/div>\n\t\t\t\t\t<\/div>\n\t\t<\/section>\n\t\t\t\t<\/div>\n\t\t","protected":false},"excerpt":{"rendered":"<p>1. Determinats serveis oferts en aquest Lloc, en particular l&#8217;enviament de curr\u00edculums, impliquen necess\u00e0riament la recollida de dades. De fet, per oferir aquests serveis, la nostra empresa necessita determinades dades personals. Avantges tractar\u00e0 tota la informaci\u00f3 que ens proporcioneu amb la m\u00e0xima confidencialitat. Pel que fa a les sol\u00b7licituds en l\u00ednia, la informaci\u00f3 recollida s&#8217;utilitzar\u00e0 [&hellip;]<\/p>\n","protected":false},"author":2,"featured_media":0,"parent":0,"menu_order":0,"comment_status":"closed","ping_status":"closed","template":"","meta":{"_acf_changed":false,"inline_featured_image":false,"footnotes":""},"class_list":["post-4462","page","type-page","status-publish","hentry"],"acf":[],"yoast_head":"<!-- This site is optimized with the Yoast SEO plugin v27.1.1 - https:\/\/yoast.com\/product\/yoast-seo-wordpress\/ -->\n<title>avantges - Pol\u00edtica de privadesa<\/title>\n<meta name=\"robots\" content=\"noindex, nofollow\" \/>\n<meta property=\"og:locale\" content=\"ca_ES\" \/>\n<meta property=\"og:type\" content=\"article\" \/>\n<meta property=\"og:title\" content=\"avantges - Pol\u00edtica de privadesa\" \/>\n<meta property=\"og:description\" content=\"1. Determinats serveis oferts en aquest Lloc, en particular l&#8217;enviament de curr\u00edculums, impliquen necess\u00e0riament la recollida de dades. De fet, per oferir aquests serveis, la nostra empresa necessita determinades dades personals. Avantges tractar\u00e0 tota la informaci\u00f3 que ens proporcioneu amb la m\u00e0xima confidencialitat. Pel que fa a les sol\u00b7licituds en l\u00ednia, la informaci\u00f3 recollida s&#8217;utilitzar\u00e0 [&hellip;]\" \/>\n<meta property=\"og:url\" content=\"https:\/\/avantges.com\/ca\/avis-legal-2\/\" \/>\n<meta property=\"og:site_name\" content=\"avantges\" \/>\n<meta property=\"article:modified_time\" content=\"2024-11-15T09:43:55+00:00\" \/>\n<meta name=\"twitter:card\" content=\"summary_large_image\" \/>\n<meta name=\"twitter:label1\" content=\"Temps estimat de lectura\" \/>\n\t<meta name=\"twitter:data1\" content=\"2 minuts\" \/>\n<script type=\"application\/ld+json\" class=\"yoast-schema-graph\">{\"@context\":\"https:\/\/schema.org\",\"@graph\":[{\"@type\":\"WebPage\",\"@id\":\"https:\/\/avantges.com\/ca\/avis-legal-2\/\",\"url\":\"https:\/\/avantges.com\/ca\/avis-legal-2\/\",\"name\":\"avantges - Pol\u00edtica de privadesa\",\"isPartOf\":{\"@id\":\"https:\/\/avantges.com\/ca\/#website\"},\"datePublished\":\"2024-11-11T16:30:31+00:00\",\"dateModified\":\"2024-11-15T09:43:55+00:00\",\"breadcrumb\":{\"@id\":\"https:\/\/avantges.com\/ca\/avis-legal-2\/#breadcrumb\"},\"inLanguage\":\"ca\",\"potentialAction\":[{\"@type\":\"ReadAction\",\"target\":[\"https:\/\/avantges.com\/ca\/avis-legal-2\/\"]}]},{\"@type\":\"BreadcrumbList\",\"@id\":\"https:\/\/avantges.com\/ca\/avis-legal-2\/#breadcrumb\",\"itemListElement\":[{\"@type\":\"ListItem\",\"position\":1,\"name\":\"Inici\",\"item\":\"https:\/\/avantges.com\/ca\/\"},{\"@type\":\"ListItem\",\"position\":2,\"name\":\"Pol\u00edtica de privadesa\"}]},{\"@type\":\"WebSite\",\"@id\":\"https:\/\/avantges.com\/ca\/#website\",\"url\":\"https:\/\/avantges.com\/ca\/\",\"name\":\"avantges\",\"description\":\"Accounting, Payroll and Tax Compliance Services in Spain\",\"publisher\":{\"@id\":\"https:\/\/avantges.com\/ca\/#organization\"},\"potentialAction\":[{\"@type\":\"SearchAction\",\"target\":{\"@type\":\"EntryPoint\",\"urlTemplate\":\"https:\/\/avantges.com\/ca\/?s={search_term_string}\"},\"query-input\":{\"@type\":\"PropertyValueSpecification\",\"valueRequired\":true,\"valueName\":\"search_term_string\"}}],\"inLanguage\":\"ca\"},{\"@type\":\"Organization\",\"@id\":\"https:\/\/avantges.com\/ca\/#organization\",\"name\":\"avantges\",\"url\":\"https:\/\/avantges.com\/ca\/\",\"logo\":{\"@type\":\"ImageObject\",\"inLanguage\":\"ca\",\"@id\":\"https:\/\/avantges.com\/ca\/#\/schema\/logo\/image\/\",\"url\":\"https:\/\/avantges.com\/wp-content\/uploads\/2024\/09\/Grupo-213.svg\",\"contentUrl\":\"https:\/\/avantges.com\/wp-content\/uploads\/2024\/09\/Grupo-213.svg\",\"width\":82,\"height\":23,\"caption\":\"avantges\"},\"image\":{\"@id\":\"https:\/\/avantges.com\/ca\/#\/schema\/logo\/image\/\"}}]}<\/script>\n<!-- \/ Yoast SEO plugin. -->","yoast_head_json":{"title":"avantges - Pol\u00edtica de privadesa","robots":{"index":"noindex","follow":"nofollow"},"og_locale":"ca_ES","og_type":"article","og_title":"avantges - Pol\u00edtica de privadesa","og_description":"1. Determinats serveis oferts en aquest Lloc, en particular l&#8217;enviament de curr\u00edculums, impliquen necess\u00e0riament la recollida de dades. De fet, per oferir aquests serveis, la nostra empresa necessita determinades dades personals. Avantges tractar\u00e0 tota la informaci\u00f3 que ens proporcioneu amb la m\u00e0xima confidencialitat. Pel que fa a les sol\u00b7licituds en l\u00ednia, la informaci\u00f3 recollida s&#8217;utilitzar\u00e0 [&hellip;]","og_url":"https:\/\/avantges.com\/ca\/avis-legal-2\/","og_site_name":"avantges","article_modified_time":"2024-11-15T09:43:55+00:00","twitter_card":"summary_large_image","twitter_misc":{"Temps estimat de lectura":"2 minuts"},"schema":{"@context":"https:\/\/schema.org","@graph":[{"@type":"WebPage","@id":"https:\/\/avantges.com\/ca\/avis-legal-2\/","url":"https:\/\/avantges.com\/ca\/avis-legal-2\/","name":"avantges - Pol\u00edtica de privadesa","isPartOf":{"@id":"https:\/\/avantges.com\/ca\/#website"},"datePublished":"2024-11-11T16:30:31+00:00","dateModified":"2024-11-15T09:43:55+00:00","breadcrumb":{"@id":"https:\/\/avantges.com\/ca\/avis-legal-2\/#breadcrumb"},"inLanguage":"ca","potentialAction":[{"@type":"ReadAction","target":["https:\/\/avantges.com\/ca\/avis-legal-2\/"]}]},{"@type":"BreadcrumbList","@id":"https:\/\/avantges.com\/ca\/avis-legal-2\/#breadcrumb","itemListElement":[{"@type":"ListItem","position":1,"name":"Inici","item":"https:\/\/avantges.com\/ca\/"},{"@type":"ListItem","position":2,"name":"Pol\u00edtica de privadesa"}]},{"@type":"WebSite","@id":"https:\/\/avantges.com\/ca\/#website","url":"https:\/\/avantges.com\/ca\/","name":"avantges","description":"Accounting, Payroll and Tax Compliance Services in Spain","publisher":{"@id":"https:\/\/avantges.com\/ca\/#organization"},"potentialAction":[{"@type":"SearchAction","target":{"@type":"EntryPoint","urlTemplate":"https:\/\/avantges.com\/ca\/?s={search_term_string}"},"query-input":{"@type":"PropertyValueSpecification","valueRequired":true,"valueName":"search_term_string"}}],"inLanguage":"ca"},{"@type":"Organization","@id":"https:\/\/avantges.com\/ca\/#organization","name":"avantges","url":"https:\/\/avantges.com\/ca\/","logo":{"@type":"ImageObject","inLanguage":"ca","@id":"https:\/\/avantges.com\/ca\/#\/schema\/logo\/image\/","url":"https:\/\/avantges.com\/wp-content\/uploads\/2024\/09\/Grupo-213.svg","contentUrl":"https:\/\/avantges.com\/wp-content\/uploads\/2024\/09\/Grupo-213.svg","width":82,"height":23,"caption":"avantges"},"image":{"@id":"https:\/\/avantges.com\/ca\/#\/schema\/logo\/image\/"}}]}},"_links":{"self":[{"href":"https:\/\/avantges.com\/ca\/wp-json\/wp\/v2\/pages\/4462","targetHints":{"allow":["GET"]}}],"collection":[{"href":"https:\/\/avantges.com\/ca\/wp-json\/wp\/v2\/pages"}],"about":[{"href":"https:\/\/avantges.com\/ca\/wp-json\/wp\/v2\/types\/page"}],"author":[{"embeddable":true,"href":"https:\/\/avantges.com\/ca\/wp-json\/wp\/v2\/users\/2"}],"replies":[{"embeddable":true,"href":"https:\/\/avantges.com\/ca\/wp-json\/wp\/v2\/comments?post=4462"}],"version-history":[{"count":5,"href":"https:\/\/avantges.com\/ca\/wp-json\/wp\/v2\/pages\/4462\/revisions"}],"predecessor-version":[{"id":4478,"href":"https:\/\/avantges.com\/ca\/wp-json\/wp\/v2\/pages\/4462\/revisions\/4478"}],"wp:attachment":[{"href":"https:\/\/avantges.com\/ca\/wp-json\/wp\/v2\/media?parent=4462"}],"curies":[{"name":"wp","href":"https:\/\/api.w.org\/{rel}","templated":true}]}}