{"id":4481,"date":"2024-11-11T17:36:32","date_gmt":"2024-11-11T16:36:32","guid":{"rendered":"https:\/\/avantges.com\/?page_id=4481"},"modified":"2024-11-14T18:19:44","modified_gmt":"2024-11-14T17:19:44","slug":"politica-de-cookies","status":"publish","type":"page","link":"https:\/\/avantges.com\/ca\/politica-de-cookies\/","title":{"rendered":"Pol\u00edtica de cookies"},"content":{"rendered":"\t\t<div data-elementor-type=\"wp-page\" data-elementor-id=\"4481\" class=\"elementor elementor-4481 elementor-4479\" data-elementor-post-type=\"page\">\n\t\t\t\t\t\t<section class=\"elementor-section elementor-top-section elementor-element elementor-element-c1a5cbf elementor-section-height-min-height elementor-section-boxed elementor-section-height-default elementor-section-items-middle\" data-id=\"c1a5cbf\" data-element_type=\"section\" data-e-type=\"section\" data-settings=\"{&quot;background_background&quot;:&quot;classic&quot;}\">\n\t\t\t\t\t\t\t<div class=\"elementor-background-overlay\"><\/div>\n\t\t\t\t\t\t\t<div class=\"elementor-container elementor-column-gap-default\">\n\t\t\t\t\t<div class=\"elementor-column elementor-col-100 elementor-top-column elementor-element elementor-element-a07bb1b\" data-id=\"a07bb1b\" data-element_type=\"column\" data-e-type=\"column\">\n\t\t\t<div class=\"elementor-widget-wrap\">\n\t\t\t\t\t\t\t<\/div>\n\t\t<\/div>\n\t\t\t\t\t<\/div>\n\t\t<\/section>\n\t\t\t\t<section class=\"elementor-section elementor-top-section elementor-element elementor-element-7743782 elementor-section-boxed elementor-section-height-default elementor-section-height-default\" data-id=\"7743782\" data-element_type=\"section\" data-e-type=\"section\">\n\t\t\t\t\t\t<div class=\"elementor-container elementor-column-gap-default\">\n\t\t\t\t\t<div class=\"elementor-column elementor-col-100 elementor-top-column elementor-element elementor-element-9760a08\" data-id=\"9760a08\" data-element_type=\"column\" data-e-type=\"column\">\n\t\t\t<div class=\"elementor-widget-wrap elementor-element-populated\">\n\t\t\t\t\t\t<div class=\"elementor-element elementor-element-17c161c elementor-widget elementor-widget-heading\" data-id=\"17c161c\" data-element_type=\"widget\" data-e-type=\"widget\" data-widget_type=\"heading.default\">\n\t\t\t\t<div class=\"elementor-widget-container\">\n\t\t\t\t\t<h1 class=\"elementor-heading-title elementor-size-default\">Pol\u00edtica de cookies<\/h1>\t\t\t\t<\/div>\n\t\t\t\t<\/div>\n\t\t\t\t<div class=\"elementor-element elementor-element-645605b elementor-widget elementor-widget-text-editor\" data-id=\"645605b\" data-element_type=\"widget\" data-e-type=\"widget\" data-widget_type=\"text-editor.default\">\n\t\t\t\t<div class=\"elementor-widget-container\">\n\t\t\t\t\t\t\t\t\t<h4>AVANTGES OUTSOURCING S.L. WEB: CONDICIONS D&#8217;\u00daS<\/h4><p>Aquest lloc web \u00e9s propietat de Avantges Outsourcing, S.L. (en endavant Avantges), amb domicili social a Av. Diagonal, 453 bis, 4\u00aa pl. \u2013 08036 Barcelona, Espanya \u2013 amb n\u00famero d&#8217;identificaci\u00f3 fiscal (NIF) ESB66347469. Inscrita en el Registre Mercantil de Barcelona, Tom 4451, Foli 139, Full n\u00famero B-456412<\/p><p>L&#8217;\u00fas d&#8217;aquest lloc web est\u00e0 subjecte a les seg\u00fcents condicions d&#8217;\u00fas. Si us plau, llegiu-los atentament. El vostre acc\u00e9s a aquest lloc i al seu contingut significa que heu llegit i accepteu les condicions d&#8217;\u00fas aqu\u00ed establertes.<\/p><p>L&#8217;\u00fas de determinats espais o serveis d&#8217;aquest lloc web pot estar subjecte a condicions especials d&#8217;\u00fas (per exemple, el servei d&#8217;Acc\u00e9s al Client). El vostre \u00fas d&#8217;aquests serveis significa que accepteu aquestes condicions especials.<\/p><p>1. Condicions d&#8217;\u00fas<\/p><p>1.1 Aquest lloc web cont\u00e9 materials que Avantges ha preparat nom\u00e9s amb finalitats informatives i \u00e9s possible que no estiguin actualitzats als canvis legislatius m\u00e9s recents. En cap cas es pot considerar que els materials d&#8217;aquest lloc web substitueixen l&#8217;assessorament legal o de qualsevol altre tipus. L&#8217;acc\u00e9s a aquests materials no constitueix ni implica cap tipus de relaci\u00f3 professional o de confian\u00e7a amb Avantges. No haur\u00edeu d&#8217;actuar sobre la base de la informaci\u00f3 d&#8217;aquest lloc web, sense demanar pr\u00e8viament l&#8217;assessorament professional adequat. Aix\u00ed mateix, no haur\u00edeu d&#8217;enviar cap informaci\u00f3 confidencial a Avantges sense consultar pr\u00e8viament un dels nostres professionals i rebre la seva autoritzaci\u00f3 per enviar-la.<\/p><p>1.2 En aquest lloc web podeu trobar enlla\u00e7os que poden dirigir-vos a altres llocs web o p\u00e0gines web gestionades per tercers, sobre les quals Avantges no t\u00e9 cap control. L&#8217;acc\u00e9s a ells a trav\u00e9s d&#8217;aquest lloc web no significa que Avantges en recomani o aprovi el contingut.<\/p><p>2. Limitaci\u00f3 de responsabilitat<\/p><p>2.1 Utilitzeu aquest lloc web sota el vostre propi risc. Avantges, els seus socis, col\u00b7laboradors, empleats o representants no assumeixen cap responsabilitat per errors o omissions en el contingut d&#8217;aquest lloc web o qualsevol altre contingut al qual es pugui accedir a trav\u00e9s d&#8217;ella. Avantges, els seus socis, col\u00b7laboradors, empleats o representants tampoc assumeixen responsabilitats per cap dany derivat de l&#8217;\u00fas d&#8217;aquest lloc web, ni per qualsevol altra actuaci\u00f3 realitzada sobre la base de la informaci\u00f3 disponible en el mateix.<\/p><p>2.2 Avantges no garanteix l&#8217;abs\u00e8ncia de virus o altres elements que puguin danyar o alterar el seu sistema inform\u00e0tic, documents electr\u00f2nics o fitxers. Per tant, la nostra firma no es fa responsable dels danys que aquests elements poguessin ocasionar a vost\u00e8 o a tercers.<\/p><p>3. Intellectual and industrial property<br \/>Tot el contingut del Portal, que s&#8217;ent\u00e9n que inclou, entre d&#8217;altres, text, fotografies, gr\u00e0fics, imatges, icones, tecnologia, programari, enlla\u00e7os i altres continguts audiovisuals o d&#8217;\u00e0udio, aix\u00ed com el seu disseny gr\u00e0fic i codis font (el &#8216;Contingut) , \u00e9s propietat intel\u00b7lectual d&#8217;Avantges o de tercers, i cap dret d&#8217;explotaci\u00f3 de Continguts reconeguts per la legislaci\u00f3 de propietat intel\u00b7lectual vigent es pot considerar llic\u00e8ncia a l&#8217;Usuari, excepte aquells Continguts que siguin estrictament necessaris per a l&#8217;\u00fas del Portal.<br \/>Les marques, noms comercials o signes distintius s\u00f3n propietat d&#8217;Avantges o de tercers, i no es pot considerar que l&#8217;acc\u00e9s al Portal atribueixi cap dret sobre aquestes marques, noms comercials i\/o signes distintius.<\/p><p>4. Lluita contra el blanqueig de capitals<br \/>D&#8217;acord amb la Llei 10\/2010, de 28 d&#8217;abril, de prevenci\u00f3 del blanc de capitals i de la finan\u00e7ament del terrorisme i el Reial decret 304\/2014, de 5 de maig, en la prestaci\u00f3 de determinats serveis (p. ex. Prestaci\u00f3 d&#8217;un domicili social) tenim l&#8217;obligaci\u00f3 legal d&#8217;identificar els nostres clients (persones f\u00edsiques i jur\u00eddiques). Aix\u00f2 \u00e9s per garantir que complim les normatives contra el blanqueig de capitals (AML). Per tant, \u00e9s possible que se us demani que ens proporcioneu un document d&#8217;identitat i un justificant de domicili, entre altres mesures.<\/p><p>5. Legislaci\u00f3<br \/>Totes i cadascuna de les disposicions d&#8217;aquest Av\u00eds Legal es regeixen per la legislaci\u00f3 espanyola.<\/p>\t\t\t\t\t\t\t\t<\/div>\n\t\t\t\t<\/div>\n\t\t\t\t\t<\/div>\n\t\t<\/div>\n\t\t\t\t\t<\/div>\n\t\t<\/section>\n\t\t\t\t<\/div>\n\t\t","protected":false},"excerpt":{"rendered":"<p>AVANTGES OUTSOURCING S.L. WEB: CONDICIONS D&#8217;\u00daS Aquest lloc web \u00e9s propietat de Avantges Outsourcing, S.L. (en endavant Avantges), amb domicili social a Av. Diagonal, 453 bis, 4\u00aa pl. \u2013 08036 Barcelona, Espanya \u2013 amb n\u00famero d&#8217;identificaci\u00f3 fiscal (NIF) ESB66347469. Inscrita en el Registre Mercantil de Barcelona, Tom 4451, Foli 139, Full n\u00famero B-456412 L&#8217;\u00fas d&#8217;aquest [&hellip;]<\/p>\n","protected":false},"author":2,"featured_media":0,"parent":0,"menu_order":0,"comment_status":"closed","ping_status":"closed","template":"","meta":{"_acf_changed":false,"inline_featured_image":false,"footnotes":""},"class_list":["post-4481","page","type-page","status-publish","hentry"],"acf":[],"yoast_head":"<!-- This site is optimized with the Yoast SEO plugin v27.1.1 - https:\/\/yoast.com\/product\/yoast-seo-wordpress\/ -->\n<title>avantges - Pol\u00edtica de cookies<\/title>\n<meta name=\"robots\" content=\"noindex, nofollow\" \/>\n<meta property=\"og:locale\" content=\"ca_ES\" \/>\n<meta property=\"og:type\" content=\"article\" \/>\n<meta property=\"og:title\" content=\"avantges - Pol\u00edtica de cookies\" \/>\n<meta property=\"og:description\" content=\"AVANTGES OUTSOURCING S.L. WEB: CONDICIONS D&#8217;\u00daS Aquest lloc web \u00e9s propietat de Avantges Outsourcing, S.L. (en endavant Avantges), amb domicili social a Av. Diagonal, 453 bis, 4\u00aa pl. \u2013 08036 Barcelona, Espanya \u2013 amb n\u00famero d&#8217;identificaci\u00f3 fiscal (NIF) ESB66347469. Inscrita en el Registre Mercantil de Barcelona, Tom 4451, Foli 139, Full n\u00famero B-456412 L&#8217;\u00fas d&#8217;aquest [&hellip;]\" \/>\n<meta property=\"og:url\" content=\"https:\/\/avantges.com\/ca\/politica-de-cookies\/\" \/>\n<meta property=\"og:site_name\" content=\"avantges\" \/>\n<meta property=\"article:modified_time\" content=\"2024-11-14T17:19:44+00:00\" \/>\n<meta name=\"twitter:card\" content=\"summary_large_image\" \/>\n<meta name=\"twitter:label1\" content=\"Temps estimat de lectura\" \/>\n\t<meta name=\"twitter:data1\" content=\"4 minuts\" \/>\n<script type=\"application\/ld+json\" class=\"yoast-schema-graph\">{\"@context\":\"https:\/\/schema.org\",\"@graph\":[{\"@type\":\"WebPage\",\"@id\":\"https:\/\/avantges.com\/ca\/politica-de-cookies\/\",\"url\":\"https:\/\/avantges.com\/ca\/politica-de-cookies\/\",\"name\":\"avantges - Pol\u00edtica de cookies\",\"isPartOf\":{\"@id\":\"https:\/\/avantges.com\/ca\/#website\"},\"datePublished\":\"2024-11-11T16:36:32+00:00\",\"dateModified\":\"2024-11-14T17:19:44+00:00\",\"breadcrumb\":{\"@id\":\"https:\/\/avantges.com\/ca\/politica-de-cookies\/#breadcrumb\"},\"inLanguage\":\"ca\",\"potentialAction\":[{\"@type\":\"ReadAction\",\"target\":[\"https:\/\/avantges.com\/ca\/politica-de-cookies\/\"]}]},{\"@type\":\"BreadcrumbList\",\"@id\":\"https:\/\/avantges.com\/ca\/politica-de-cookies\/#breadcrumb\",\"itemListElement\":[{\"@type\":\"ListItem\",\"position\":1,\"name\":\"Inici\",\"item\":\"https:\/\/avantges.com\/ca\/\"},{\"@type\":\"ListItem\",\"position\":2,\"name\":\"Pol\u00edtica de cookies\"}]},{\"@type\":\"WebSite\",\"@id\":\"https:\/\/avantges.com\/ca\/#website\",\"url\":\"https:\/\/avantges.com\/ca\/\",\"name\":\"avantges\",\"description\":\"Accounting, Payroll and Tax Compliance Services in Spain\",\"publisher\":{\"@id\":\"https:\/\/avantges.com\/ca\/#organization\"},\"potentialAction\":[{\"@type\":\"SearchAction\",\"target\":{\"@type\":\"EntryPoint\",\"urlTemplate\":\"https:\/\/avantges.com\/ca\/?s={search_term_string}\"},\"query-input\":{\"@type\":\"PropertyValueSpecification\",\"valueRequired\":true,\"valueName\":\"search_term_string\"}}],\"inLanguage\":\"ca\"},{\"@type\":\"Organization\",\"@id\":\"https:\/\/avantges.com\/ca\/#organization\",\"name\":\"avantges\",\"url\":\"https:\/\/avantges.com\/ca\/\",\"logo\":{\"@type\":\"ImageObject\",\"inLanguage\":\"ca\",\"@id\":\"https:\/\/avantges.com\/ca\/#\/schema\/logo\/image\/\",\"url\":\"https:\/\/avantges.com\/wp-content\/uploads\/2024\/09\/Grupo-213.svg\",\"contentUrl\":\"https:\/\/avantges.com\/wp-content\/uploads\/2024\/09\/Grupo-213.svg\",\"width\":82,\"height\":23,\"caption\":\"avantges\"},\"image\":{\"@id\":\"https:\/\/avantges.com\/ca\/#\/schema\/logo\/image\/\"}}]}<\/script>\n<!-- \/ Yoast SEO plugin. -->","yoast_head_json":{"title":"avantges - Pol\u00edtica de cookies","robots":{"index":"noindex","follow":"nofollow"},"og_locale":"ca_ES","og_type":"article","og_title":"avantges - Pol\u00edtica de cookies","og_description":"AVANTGES OUTSOURCING S.L. WEB: CONDICIONS D&#8217;\u00daS Aquest lloc web \u00e9s propietat de Avantges Outsourcing, S.L. (en endavant Avantges), amb domicili social a Av. Diagonal, 453 bis, 4\u00aa pl. \u2013 08036 Barcelona, Espanya \u2013 amb n\u00famero d&#8217;identificaci\u00f3 fiscal (NIF) ESB66347469. Inscrita en el Registre Mercantil de Barcelona, Tom 4451, Foli 139, Full n\u00famero B-456412 L&#8217;\u00fas d&#8217;aquest [&hellip;]","og_url":"https:\/\/avantges.com\/ca\/politica-de-cookies\/","og_site_name":"avantges","article_modified_time":"2024-11-14T17:19:44+00:00","twitter_card":"summary_large_image","twitter_misc":{"Temps estimat de lectura":"4 minuts"},"schema":{"@context":"https:\/\/schema.org","@graph":[{"@type":"WebPage","@id":"https:\/\/avantges.com\/ca\/politica-de-cookies\/","url":"https:\/\/avantges.com\/ca\/politica-de-cookies\/","name":"avantges - Pol\u00edtica de cookies","isPartOf":{"@id":"https:\/\/avantges.com\/ca\/#website"},"datePublished":"2024-11-11T16:36:32+00:00","dateModified":"2024-11-14T17:19:44+00:00","breadcrumb":{"@id":"https:\/\/avantges.com\/ca\/politica-de-cookies\/#breadcrumb"},"inLanguage":"ca","potentialAction":[{"@type":"ReadAction","target":["https:\/\/avantges.com\/ca\/politica-de-cookies\/"]}]},{"@type":"BreadcrumbList","@id":"https:\/\/avantges.com\/ca\/politica-de-cookies\/#breadcrumb","itemListElement":[{"@type":"ListItem","position":1,"name":"Inici","item":"https:\/\/avantges.com\/ca\/"},{"@type":"ListItem","position":2,"name":"Pol\u00edtica de cookies"}]},{"@type":"WebSite","@id":"https:\/\/avantges.com\/ca\/#website","url":"https:\/\/avantges.com\/ca\/","name":"avantges","description":"Accounting, Payroll and Tax Compliance Services in Spain","publisher":{"@id":"https:\/\/avantges.com\/ca\/#organization"},"potentialAction":[{"@type":"SearchAction","target":{"@type":"EntryPoint","urlTemplate":"https:\/\/avantges.com\/ca\/?s={search_term_string}"},"query-input":{"@type":"PropertyValueSpecification","valueRequired":true,"valueName":"search_term_string"}}],"inLanguage":"ca"},{"@type":"Organization","@id":"https:\/\/avantges.com\/ca\/#organization","name":"avantges","url":"https:\/\/avantges.com\/ca\/","logo":{"@type":"ImageObject","inLanguage":"ca","@id":"https:\/\/avantges.com\/ca\/#\/schema\/logo\/image\/","url":"https:\/\/avantges.com\/wp-content\/uploads\/2024\/09\/Grupo-213.svg","contentUrl":"https:\/\/avantges.com\/wp-content\/uploads\/2024\/09\/Grupo-213.svg","width":82,"height":23,"caption":"avantges"},"image":{"@id":"https:\/\/avantges.com\/ca\/#\/schema\/logo\/image\/"}}]}},"_links":{"self":[{"href":"https:\/\/avantges.com\/ca\/wp-json\/wp\/v2\/pages\/4481","targetHints":{"allow":["GET"]}}],"collection":[{"href":"https:\/\/avantges.com\/ca\/wp-json\/wp\/v2\/pages"}],"about":[{"href":"https:\/\/avantges.com\/ca\/wp-json\/wp\/v2\/types\/page"}],"author":[{"embeddable":true,"href":"https:\/\/avantges.com\/ca\/wp-json\/wp\/v2\/users\/2"}],"replies":[{"embeddable":true,"href":"https:\/\/avantges.com\/ca\/wp-json\/wp\/v2\/comments?post=4481"}],"version-history":[{"count":5,"href":"https:\/\/avantges.com\/ca\/wp-json\/wp\/v2\/pages\/4481\/revisions"}],"predecessor-version":[{"id":4573,"href":"https:\/\/avantges.com\/ca\/wp-json\/wp\/v2\/pages\/4481\/revisions\/4573"}],"wp:attachment":[{"href":"https:\/\/avantges.com\/ca\/wp-json\/wp\/v2\/media?parent=4481"}],"curies":[{"name":"wp","href":"https:\/\/api.w.org\/{rel}","templated":true}]}}