{"id":4529,"date":"2024-11-14T17:09:48","date_gmt":"2024-11-14T16:09:48","guid":{"rendered":"https:\/\/avantges.com\/avantnet\/"},"modified":"2024-11-19T12:47:35","modified_gmt":"2024-11-19T11:47:35","slug":"avantnet","status":"publish","type":"page","link":"https:\/\/avantges.com\/ca\/avantnet\/","title":{"rendered":"AvantNet"},"content":{"rendered":"\t\t<div data-elementor-type=\"wp-page\" data-elementor-id=\"4529\" class=\"elementor elementor-4529 elementor-4515\" data-elementor-post-type=\"page\">\n\t\t\t\t\t\t<section class=\"elementor-section elementor-top-section elementor-element elementor-element-63a62d8 elementor-section-height-min-height elementor-section-boxed elementor-section-height-default elementor-section-items-middle\" data-id=\"63a62d8\" data-element_type=\"section\" data-e-type=\"section\" data-settings=\"{&quot;background_background&quot;:&quot;classic&quot;}\">\n\t\t\t\t\t\t\t<div class=\"elementor-background-overlay\"><\/div>\n\t\t\t\t\t\t\t<div class=\"elementor-container elementor-column-gap-default\">\n\t\t\t\t\t<div class=\"elementor-column elementor-col-100 elementor-top-column elementor-element elementor-element-22bc92b\" data-id=\"22bc92b\" data-element_type=\"column\" data-e-type=\"column\">\n\t\t\t<div class=\"elementor-widget-wrap\">\n\t\t\t\t\t\t\t<\/div>\n\t\t<\/div>\n\t\t\t\t\t<\/div>\n\t\t<\/section>\n\t\t\t\t<section class=\"elementor-section elementor-top-section elementor-element elementor-element-cd74d1f elementor-section-boxed elementor-section-height-default elementor-section-height-default\" data-id=\"cd74d1f\" data-element_type=\"section\" data-e-type=\"section\">\n\t\t\t\t\t\t<div class=\"elementor-container elementor-column-gap-default\">\n\t\t\t\t\t<div class=\"elementor-column elementor-col-100 elementor-top-column elementor-element elementor-element-2bd6f17\" data-id=\"2bd6f17\" data-element_type=\"column\" data-e-type=\"column\">\n\t\t\t<div class=\"elementor-widget-wrap elementor-element-populated\">\n\t\t\t\t\t\t<div class=\"elementor-element elementor-element-c08c627 elementor-widget elementor-widget-heading\" data-id=\"c08c627\" data-element_type=\"widget\" data-e-type=\"widget\" data-widget_type=\"heading.default\">\n\t\t\t\t<div class=\"elementor-widget-container\">\n\t\t\t\t\t<h2 class=\"elementor-heading-title elementor-size-default\">AvantNet<\/h2>\t\t\t\t<\/div>\n\t\t\t\t<\/div>\n\t\t\t\t<div class=\"elementor-element elementor-element-9b62456 elementor-widget elementor-widget-text-editor\" data-id=\"9b62456\" data-element_type=\"widget\" data-e-type=\"widget\" data-widget_type=\"text-editor.default\">\n\t\t\t\t<div class=\"elementor-widget-container\">\n\t\t\t\t\t\t\t\t\t<p><strong>AvantNet<\/strong> \u00e9s la plataforma de col\u00b7laboraci\u00f3 online de avantges, dissenyada per proporcionar als nostres clients un acc\u00e9s senzill, segur i permanent (24\/7) a la informaci\u00f3 de la seva empresa, incloent les n\u00f2mines dels empleats, costos laborals, assegurances socials, les declaracions fiscals, estats financers actualitzats i molt m\u00e9s. La informaci\u00f3 \u2013perfectament classificada- s\u2019actualitza constantment i el sistema us permetr\u00e0 consultar i descarregar la vostra documentaci\u00f3 en qualsevol moment i lloc. La seva capacitat d\u2019emmagatzematge la converteix, addicionalment, en un registre fiable de l\u2019evoluci\u00f3 del vostre negoci, a m\u00e9s de constituir una eina molt \u00fatil en processos de Due Diligence.  <\/p>\n<p><strong>AvantNet <\/strong>\u00e9s, en definitiva, una forma segura i c\u00f2moda d\u2019obtenir la informaci\u00f3 que necessiteu quan la necessiteu, permetent-vos alhora un seguiment i control dels vostres processos de comptabilitat, tax compliance i de n\u00f2mina.&nbsp;<\/p>\t\t\t\t\t\t\t\t<\/div>\n\t\t\t\t<\/div>\n\t\t\t\t<section class=\"elementor-section elementor-inner-section elementor-element elementor-element-903ce3b elementor-section-full_width elementor-section-height-default elementor-section-height-default\" data-id=\"903ce3b\" data-element_type=\"section\" data-e-type=\"section\">\n\t\t\t\t\t\t<div class=\"elementor-container elementor-column-gap-default\">\n\t\t\t\t\t<div class=\"elementor-column elementor-col-50 elementor-inner-column elementor-element elementor-element-4ce6183\" data-id=\"4ce6183\" data-element_type=\"column\" data-e-type=\"column\">\n\t\t\t<div class=\"elementor-widget-wrap elementor-element-populated\">\n\t\t\t\t\t\t<div class=\"elementor-element elementor-element-18908c1 elementor-widget elementor-widget-text-editor\" data-id=\"18908c1\" data-element_type=\"widget\" data-e-type=\"widget\" data-widget_type=\"text-editor.default\">\n\t\t\t\t<div class=\"elementor-widget-container\">\n\t\t\t\t\t\t\t\t\t<form class=\"wpcf7-form\" action=\"https:\/\/client-area.avantges.com\/\" method=\"post\">Usuari <input class=\"wpcf7-form-control wpcf7-text\" name=\"Usuari\" type=\"text\" \/>\nContrase\u00f1a <input class=\"wpcf7-form-control wpcf7-text\" name=\"Clau\" type=\"password\" \/>\n\n<input class=\"wpcf7-form-control wpcf7-submit\" type=\"submit\" value=\"Enviar\" \/>\n\n<\/form><a href=\"#\">Has oblidat la teva contrasenya?<\/a>\t\t\t\t\t\t\t\t<\/div>\n\t\t\t\t<\/div>\n\t\t\t\t\t<\/div>\n\t\t<\/div>\n\t\t\t\t<div class=\"elementor-column elementor-col-50 elementor-inner-column elementor-element elementor-element-0f33058\" data-id=\"0f33058\" data-element_type=\"column\" data-e-type=\"column\">\n\t\t\t<div class=\"elementor-widget-wrap elementor-element-populated\">\n\t\t\t\t\t\t<div class=\"elementor-element elementor-element-9f3e34b elementor-widget elementor-widget-text-editor\" data-id=\"9f3e34b\" data-element_type=\"widget\" data-e-type=\"widget\" data-widget_type=\"text-editor.default\">\n\t\t\t\t<div class=\"elementor-widget-container\">\n\t\t\t\t\t\t\t\t\t<p><strong>Requisits t\u00e8cnics:<\/strong> Es recomana l\u2019\u00fas de <a href=\"http:\/\/www.adobe.com\/products\/acrobat\/readstep.html\">Adobe Acrobat 8 o superior. <\/a><\/p>\n<p><strong> Secure Access<\/strong>: Aquest lloc web assegura la seva informaci\u00f3 confidencial.<\/p><\/p>\n\t\t\t\t\t\t\t\t<\/div>\n\t\t\t\t<\/div>\n\t\t\t\t<div class=\"elementor-element elementor-element-5a45c58 elementor-widget elementor-widget-image\" data-id=\"5a45c58\" data-element_type=\"widget\" data-e-type=\"widget\" data-widget_type=\"image.default\">\n\t\t\t\t<div class=\"elementor-widget-container\">\n\t\t\t\t\t\t\t\t\t\t\t\t\t\t\t<img fetchpriority=\"high\" decoding=\"async\" width=\"300\" height=\"169\" src=\"https:\/\/avantges.com\/wp-content\/uploads\/2024\/11\/lets-encrypt-logo-1-768x432-555x312-1-300x169.png\" class=\"attachment-medium size-medium wp-image-4518\" alt=\"\" srcset=\"https:\/\/avantges.com\/wp-content\/uploads\/2024\/11\/lets-encrypt-logo-1-768x432-555x312-1-300x169.png 300w, https:\/\/avantges.com\/wp-content\/uploads\/2024\/11\/lets-encrypt-logo-1-768x432-555x312-1.png 555w\" sizes=\"(max-width: 300px) 100vw, 300px\" \/>\t\t\t\t\t\t\t\t\t\t\t\t\t\t\t<\/div>\n\t\t\t\t<\/div>\n\t\t\t\t\t<\/div>\n\t\t<\/div>\n\t\t\t\t\t<\/div>\n\t\t<\/section>\n\t\t\t\t\t<\/div>\n\t\t<\/div>\n\t\t\t\t\t<\/div>\n\t\t<\/section>\n\t\t\t\t<\/div>\n\t\t","protected":false},"excerpt":{"rendered":"<p>AvantNet \u00e9s la plataforma de col\u00b7laboraci\u00f3 online de avantges, dissenyada per proporcionar als nostres clients un acc\u00e9s senzill, segur i permanent (24\/7) a la informaci\u00f3 de la seva empresa, incloent les n\u00f2mines dels empleats, costos laborals, assegurances socials, les declaracions fiscals, estats financers actualitzats i molt m\u00e9s. La informaci\u00f3 \u2013perfectament classificada- s\u2019actualitza constantment i el [&hellip;]<\/p>\n","protected":false},"author":2,"featured_media":0,"parent":0,"menu_order":0,"comment_status":"closed","ping_status":"closed","template":"","meta":{"_acf_changed":false,"inline_featured_image":false,"footnotes":""},"class_list":["post-4529","page","type-page","status-publish","hentry"],"acf":[],"yoast_head":"<!-- This site is optimized with the Yoast SEO plugin v27.1.1 - https:\/\/yoast.com\/product\/yoast-seo-wordpress\/ -->\n<title>avantges - AvantNet<\/title>\n<meta name=\"robots\" content=\"index, follow, max-snippet:-1, max-image-preview:large, max-video-preview:-1\" \/>\n<link rel=\"canonical\" href=\"https:\/\/avantges.com\/ca\/avantnet\/\" \/>\n<meta property=\"og:locale\" content=\"ca_ES\" \/>\n<meta property=\"og:type\" content=\"article\" \/>\n<meta property=\"og:title\" content=\"avantges - AvantNet\" \/>\n<meta property=\"og:description\" content=\"AvantNet \u00e9s la plataforma de col\u00b7laboraci\u00f3 online de avantges, dissenyada per proporcionar als nostres clients un acc\u00e9s senzill, segur i permanent (24\/7) a la informaci\u00f3 de la seva empresa, incloent les n\u00f2mines dels empleats, costos laborals, assegurances socials, les declaracions fiscals, estats financers actualitzats i molt m\u00e9s. La informaci\u00f3 \u2013perfectament classificada- s\u2019actualitza constantment i el [&hellip;]\" \/>\n<meta property=\"og:url\" content=\"https:\/\/avantges.com\/ca\/avantnet\/\" \/>\n<meta property=\"og:site_name\" content=\"avantges\" \/>\n<meta property=\"article:modified_time\" content=\"2024-11-19T11:47:35+00:00\" \/>\n<meta property=\"og:image\" content=\"https:\/\/avantges.com\/wp-content\/uploads\/2024\/11\/lets-encrypt-logo-1-768x432-555x312-1.png\" \/>\n\t<meta property=\"og:image:width\" content=\"555\" \/>\n\t<meta property=\"og:image:height\" content=\"312\" \/>\n\t<meta property=\"og:image:type\" content=\"image\/png\" \/>\n<meta name=\"twitter:card\" content=\"summary_large_image\" \/>\n<meta name=\"twitter:label1\" content=\"Temps estimat de lectura\" \/>\n\t<meta name=\"twitter:data1\" content=\"2 minuts\" \/>\n<script type=\"application\/ld+json\" class=\"yoast-schema-graph\">{\"@context\":\"https:\/\/schema.org\",\"@graph\":[{\"@type\":\"WebPage\",\"@id\":\"https:\/\/avantges.com\/ca\/avantnet\/\",\"url\":\"https:\/\/avantges.com\/ca\/avantnet\/\",\"name\":\"avantges - AvantNet\",\"isPartOf\":{\"@id\":\"https:\/\/avantges.com\/ca\/#website\"},\"primaryImageOfPage\":{\"@id\":\"https:\/\/avantges.com\/ca\/avantnet\/#primaryimage\"},\"image\":{\"@id\":\"https:\/\/avantges.com\/ca\/avantnet\/#primaryimage\"},\"thumbnailUrl\":\"https:\/\/avantges.com\/wp-content\/uploads\/2024\/11\/lets-encrypt-logo-1-768x432-555x312-1-300x169.png\",\"datePublished\":\"2024-11-14T16:09:48+00:00\",\"dateModified\":\"2024-11-19T11:47:35+00:00\",\"breadcrumb\":{\"@id\":\"https:\/\/avantges.com\/ca\/avantnet\/#breadcrumb\"},\"inLanguage\":\"ca\",\"potentialAction\":[{\"@type\":\"ReadAction\",\"target\":[\"https:\/\/avantges.com\/ca\/avantnet\/\"]}]},{\"@type\":\"ImageObject\",\"inLanguage\":\"ca\",\"@id\":\"https:\/\/avantges.com\/ca\/avantnet\/#primaryimage\",\"url\":\"https:\/\/avantges.com\/wp-content\/uploads\/2024\/11\/lets-encrypt-logo-1-768x432-555x312-1-300x169.png\",\"contentUrl\":\"https:\/\/avantges.com\/wp-content\/uploads\/2024\/11\/lets-encrypt-logo-1-768x432-555x312-1-300x169.png\"},{\"@type\":\"BreadcrumbList\",\"@id\":\"https:\/\/avantges.com\/ca\/avantnet\/#breadcrumb\",\"itemListElement\":[{\"@type\":\"ListItem\",\"position\":1,\"name\":\"Inici\",\"item\":\"https:\/\/avantges.com\/ca\/\"},{\"@type\":\"ListItem\",\"position\":2,\"name\":\"AvantNet\"}]},{\"@type\":\"WebSite\",\"@id\":\"https:\/\/avantges.com\/ca\/#website\",\"url\":\"https:\/\/avantges.com\/ca\/\",\"name\":\"avantges\",\"description\":\"Accounting, Payroll and Tax Compliance Services in Spain\",\"publisher\":{\"@id\":\"https:\/\/avantges.com\/ca\/#organization\"},\"potentialAction\":[{\"@type\":\"SearchAction\",\"target\":{\"@type\":\"EntryPoint\",\"urlTemplate\":\"https:\/\/avantges.com\/ca\/?s={search_term_string}\"},\"query-input\":{\"@type\":\"PropertyValueSpecification\",\"valueRequired\":true,\"valueName\":\"search_term_string\"}}],\"inLanguage\":\"ca\"},{\"@type\":\"Organization\",\"@id\":\"https:\/\/avantges.com\/ca\/#organization\",\"name\":\"avantges\",\"url\":\"https:\/\/avantges.com\/ca\/\",\"logo\":{\"@type\":\"ImageObject\",\"inLanguage\":\"ca\",\"@id\":\"https:\/\/avantges.com\/ca\/#\/schema\/logo\/image\/\",\"url\":\"https:\/\/avantges.com\/wp-content\/uploads\/2024\/09\/Grupo-213.svg\",\"contentUrl\":\"https:\/\/avantges.com\/wp-content\/uploads\/2024\/09\/Grupo-213.svg\",\"width\":82,\"height\":23,\"caption\":\"avantges\"},\"image\":{\"@id\":\"https:\/\/avantges.com\/ca\/#\/schema\/logo\/image\/\"}}]}<\/script>\n<!-- \/ Yoast SEO plugin. -->","yoast_head_json":{"title":"avantges - AvantNet","robots":{"index":"index","follow":"follow","max-snippet":"max-snippet:-1","max-image-preview":"max-image-preview:large","max-video-preview":"max-video-preview:-1"},"canonical":"https:\/\/avantges.com\/ca\/avantnet\/","og_locale":"ca_ES","og_type":"article","og_title":"avantges - AvantNet","og_description":"AvantNet \u00e9s la plataforma de col\u00b7laboraci\u00f3 online de avantges, dissenyada per proporcionar als nostres clients un acc\u00e9s senzill, segur i permanent (24\/7) a la informaci\u00f3 de la seva empresa, incloent les n\u00f2mines dels empleats, costos laborals, assegurances socials, les declaracions fiscals, estats financers actualitzats i molt m\u00e9s. La informaci\u00f3 \u2013perfectament classificada- s\u2019actualitza constantment i el [&hellip;]","og_url":"https:\/\/avantges.com\/ca\/avantnet\/","og_site_name":"avantges","article_modified_time":"2024-11-19T11:47:35+00:00","og_image":[{"width":555,"height":312,"url":"https:\/\/avantges.com\/wp-content\/uploads\/2024\/11\/lets-encrypt-logo-1-768x432-555x312-1.png","type":"image\/png"}],"twitter_card":"summary_large_image","twitter_misc":{"Temps estimat de lectura":"2 minuts"},"schema":{"@context":"https:\/\/schema.org","@graph":[{"@type":"WebPage","@id":"https:\/\/avantges.com\/ca\/avantnet\/","url":"https:\/\/avantges.com\/ca\/avantnet\/","name":"avantges - AvantNet","isPartOf":{"@id":"https:\/\/avantges.com\/ca\/#website"},"primaryImageOfPage":{"@id":"https:\/\/avantges.com\/ca\/avantnet\/#primaryimage"},"image":{"@id":"https:\/\/avantges.com\/ca\/avantnet\/#primaryimage"},"thumbnailUrl":"https:\/\/avantges.com\/wp-content\/uploads\/2024\/11\/lets-encrypt-logo-1-768x432-555x312-1-300x169.png","datePublished":"2024-11-14T16:09:48+00:00","dateModified":"2024-11-19T11:47:35+00:00","breadcrumb":{"@id":"https:\/\/avantges.com\/ca\/avantnet\/#breadcrumb"},"inLanguage":"ca","potentialAction":[{"@type":"ReadAction","target":["https:\/\/avantges.com\/ca\/avantnet\/"]}]},{"@type":"ImageObject","inLanguage":"ca","@id":"https:\/\/avantges.com\/ca\/avantnet\/#primaryimage","url":"https:\/\/avantges.com\/wp-content\/uploads\/2024\/11\/lets-encrypt-logo-1-768x432-555x312-1-300x169.png","contentUrl":"https:\/\/avantges.com\/wp-content\/uploads\/2024\/11\/lets-encrypt-logo-1-768x432-555x312-1-300x169.png"},{"@type":"BreadcrumbList","@id":"https:\/\/avantges.com\/ca\/avantnet\/#breadcrumb","itemListElement":[{"@type":"ListItem","position":1,"name":"Inici","item":"https:\/\/avantges.com\/ca\/"},{"@type":"ListItem","position":2,"name":"AvantNet"}]},{"@type":"WebSite","@id":"https:\/\/avantges.com\/ca\/#website","url":"https:\/\/avantges.com\/ca\/","name":"avantges","description":"Accounting, Payroll and Tax Compliance Services in Spain","publisher":{"@id":"https:\/\/avantges.com\/ca\/#organization"},"potentialAction":[{"@type":"SearchAction","target":{"@type":"EntryPoint","urlTemplate":"https:\/\/avantges.com\/ca\/?s={search_term_string}"},"query-input":{"@type":"PropertyValueSpecification","valueRequired":true,"valueName":"search_term_string"}}],"inLanguage":"ca"},{"@type":"Organization","@id":"https:\/\/avantges.com\/ca\/#organization","name":"avantges","url":"https:\/\/avantges.com\/ca\/","logo":{"@type":"ImageObject","inLanguage":"ca","@id":"https:\/\/avantges.com\/ca\/#\/schema\/logo\/image\/","url":"https:\/\/avantges.com\/wp-content\/uploads\/2024\/09\/Grupo-213.svg","contentUrl":"https:\/\/avantges.com\/wp-content\/uploads\/2024\/09\/Grupo-213.svg","width":82,"height":23,"caption":"avantges"},"image":{"@id":"https:\/\/avantges.com\/ca\/#\/schema\/logo\/image\/"}}]}},"_links":{"self":[{"href":"https:\/\/avantges.com\/ca\/wp-json\/wp\/v2\/pages\/4529","targetHints":{"allow":["GET"]}}],"collection":[{"href":"https:\/\/avantges.com\/ca\/wp-json\/wp\/v2\/pages"}],"about":[{"href":"https:\/\/avantges.com\/ca\/wp-json\/wp\/v2\/types\/page"}],"author":[{"embeddable":true,"href":"https:\/\/avantges.com\/ca\/wp-json\/wp\/v2\/users\/2"}],"replies":[{"embeddable":true,"href":"https:\/\/avantges.com\/ca\/wp-json\/wp\/v2\/comments?post=4529"}],"version-history":[{"count":5,"href":"https:\/\/avantges.com\/ca\/wp-json\/wp\/v2\/pages\/4529\/revisions"}],"predecessor-version":[{"id":4646,"href":"https:\/\/avantges.com\/ca\/wp-json\/wp\/v2\/pages\/4529\/revisions\/4646"}],"wp:attachment":[{"href":"https:\/\/avantges.com\/ca\/wp-json\/wp\/v2\/media?parent=4529"}],"curies":[{"name":"wp","href":"https:\/\/api.w.org\/{rel}","templated":true}]}}