{"id":163,"date":"2024-09-30T16:14:01","date_gmt":"2024-09-30T14:14:01","guid":{"rendered":"https:\/\/avantges.com\/?page_id=163"},"modified":"2024-11-19T15:09:28","modified_gmt":"2024-11-19T14:09:28","slug":"valores","status":"publish","type":"page","link":"https:\/\/avantges.com\/es\/quienes-somos\/valores\/","title":{"rendered":"Valores"},"content":{"rendered":"\t\t<div data-elementor-type=\"wp-page\" data-elementor-id=\"163\" class=\"elementor elementor-163\" data-elementor-post-type=\"page\">\n\t\t\t\t\t\t<section class=\"elementor-section elementor-top-section elementor-element elementor-element-5a2eb31 elementor-section-height-min-height elementor-section-boxed elementor-section-height-default elementor-section-items-middle\" data-id=\"5a2eb31\" data-element_type=\"section\" data-e-type=\"section\" data-settings=\"{&quot;background_background&quot;:&quot;video&quot;,&quot;background_video_link&quot;:&quot;https:\\\/\\\/avantges.com\\\/wp-content\\\/uploads\\\/2024\\\/11\\\/valores.mp4&quot;}\">\n\t\t\t\t\t\t\t\t<div class=\"elementor-background-video-container elementor-hidden-mobile\">\n\t\t\t\t\t\t\t\t\t\t\t\t\t<video class=\"elementor-background-video-hosted\" role=\"presentation\" autoplay muted playsinline loop><\/video>\n\t\t\t\t\t\t\t\t\t\t\t<\/div>\n\t\t\t\t\t\t\t\t\t<div class=\"elementor-background-overlay\"><\/div>\n\t\t\t\t\t\t\t<div class=\"elementor-container elementor-column-gap-default\">\n\t\t\t\t\t<div class=\"elementor-column elementor-col-100 elementor-top-column elementor-element elementor-element-4977c7e\" data-id=\"4977c7e\" data-element_type=\"column\" data-e-type=\"column\">\n\t\t\t<div class=\"elementor-widget-wrap elementor-element-populated\">\n\t\t\t\t\t\t<div class=\"elementor-element elementor-element-a4fa5c1 elementor-widget elementor-widget-heading\" data-id=\"a4fa5c1\" data-element_type=\"widget\" data-e-type=\"widget\" data-widget_type=\"heading.default\">\n\t\t\t\t<div class=\"elementor-widget-container\">\n\t\t\t\t\t<h1 class=\"elementor-heading-title elementor-size-default\">Valores<\/h1>\t\t\t\t<\/div>\n\t\t\t\t<\/div>\n\t\t\t\t<div class=\"elementor-element elementor-element-2d39b56 elementor-widget elementor-widget-heading\" data-id=\"2d39b56\" data-element_type=\"widget\" data-e-type=\"widget\" data-widget_type=\"heading.default\">\n\t\t\t\t<div class=\"elementor-widget-container\">\n\t\t\t\t\t<h2 class=\"elementor-heading-title elementor-size-default\">Somos un equipo de profesionales con un profundo conocimiento t\u00e9cnico y comprometidos con el \u00e9xito de nuestros clientes\n<\/h2>\t\t\t\t<\/div>\n\t\t\t\t<\/div>\n\t\t\t\t<div class=\"elementor-element elementor-element-8356e53 elementor-align-center elementor-widget elementor-widget-button\" data-id=\"8356e53\" data-element_type=\"widget\" data-e-type=\"widget\" data-widget_type=\"button.default\">\n\t\t\t\t<div class=\"elementor-widget-container\">\n\t\t\t\t\t\t\t\t\t<div class=\"elementor-button-wrapper\">\n\t\t\t\t\t<a class=\"elementor-button elementor-button-link elementor-size-sm\" href=\"https:\/\/avantges.com\/es\/contacto\/\">\n\t\t\t\t\t\t<span class=\"elementor-button-content-wrapper\">\n\t\t\t\t\t\t\t\t\t<span class=\"elementor-button-text\">Contacta con nosotros<\/span>\n\t\t\t\t\t<\/span>\n\t\t\t\t\t<\/a>\n\t\t\t\t<\/div>\n\t\t\t\t\t\t\t\t<\/div>\n\t\t\t\t<\/div>\n\t\t\t\t\t<\/div>\n\t\t<\/div>\n\t\t\t\t\t<\/div>\n\t\t<\/section>\n\t\t\t\t<section class=\"elementor-section elementor-top-section elementor-element elementor-element-469ea0a elementor-section-full_width elementor-section-height-default elementor-section-height-default elementor-invisible\" data-id=\"469ea0a\" data-element_type=\"section\" data-e-type=\"section\" data-settings=\"{&quot;background_background&quot;:&quot;classic&quot;,&quot;animation&quot;:&quot;slideInUp&quot;}\">\n\t\t\t\t\t\t\t<div class=\"elementor-background-overlay\"><\/div>\n\t\t\t\t\t\t\t<div class=\"elementor-container elementor-column-gap-default\">\n\t\t\t\t\t<div class=\"elementor-column elementor-col-50 elementor-top-column elementor-element elementor-element-9843ed1\" data-id=\"9843ed1\" data-element_type=\"column\" data-e-type=\"column\">\n\t\t\t<div class=\"elementor-widget-wrap elementor-element-populated\">\n\t\t\t\t\t\t<div class=\"elementor-element elementor-element-7360356 elementor-widget elementor-widget-heading\" data-id=\"7360356\" data-element_type=\"widget\" data-e-type=\"widget\" data-widget_type=\"heading.default\">\n\t\t\t\t<div class=\"elementor-widget-container\">\n\t\t\t\t\t<h2 class=\"elementor-heading-title elementor-size-default\">Nuestra<br \/> visi\u00f3n\n<\/h2>\t\t\t\t<\/div>\n\t\t\t\t<\/div>\n\t\t\t\t\t<\/div>\n\t\t<\/div>\n\t\t\t\t<div class=\"elementor-column elementor-col-50 elementor-top-column elementor-element elementor-element-3af3585\" data-id=\"3af3585\" data-element_type=\"column\" data-e-type=\"column\">\n\t\t\t<div class=\"elementor-widget-wrap elementor-element-populated\">\n\t\t\t\t\t\t<div class=\"elementor-element elementor-element-8054eee elementor-widget elementor-widget-text-editor\" data-id=\"8054eee\" data-element_type=\"widget\" data-e-type=\"widget\" data-widget_type=\"text-editor.default\">\n\t\t\t\t<div class=\"elementor-widget-container\">\n\t\t\t\t\t\t\t\t\t<p>Nuestra visi\u00f3n es la de ser considerados por nuestros clientes como la mejor opci\u00f3n en el momento de escoger a su proveedor de servicios de Outsourcing para las funciones de contabilidad, tax compliance y gesti\u00f3n laboral. Estamos convencidos que para alcanzar nuestra visi\u00f3n el \u00fanico camino es la innovaci\u00f3n, la calidad y el compromiso con un servicio de primera clase. Y para ello, no tenemos ninguna duda que contar con el mejor equipo de profesionales es clave.<\/p>\t\t\t\t\t\t\t\t<\/div>\n\t\t\t\t<\/div>\n\t\t\t\t<div class=\"elementor-element elementor-element-1904d1e elementor-widget elementor-widget-text-editor\" data-id=\"1904d1e\" data-element_type=\"widget\" data-e-type=\"widget\" data-widget_type=\"text-editor.default\">\n\t\t\t\t<div class=\"elementor-widget-container\">\n\t\t\t\t\t\t\t\t\t<p>Nuestro objetivo es y ser\u00e1 por lo tanto, <strong>emplear a los mejores especialistas en las distintas especialidades, profesionales comprometidos y con una inequ\u00edvoca vocaci\u00f3n de servicio<\/strong>.<\/p>\t\t\t\t\t\t\t\t<\/div>\n\t\t\t\t<\/div>\n\t\t\t\t\t<\/div>\n\t\t<\/div>\n\t\t\t\t\t<\/div>\n\t\t<\/section>\n\t\t\t\t<section class=\"elementor-section elementor-top-section elementor-element elementor-element-39d0110 elementor-section-full_width elementor-section-height-default elementor-section-height-default elementor-invisible\" data-id=\"39d0110\" data-element_type=\"section\" data-e-type=\"section\" data-settings=\"{&quot;background_background&quot;:&quot;classic&quot;,&quot;animation&quot;:&quot;fadeInUp&quot;}\">\n\t\t\t\t\t\t\t<div class=\"elementor-background-overlay\"><\/div>\n\t\t\t\t\t\t\t<div class=\"elementor-container elementor-column-gap-default\">\n\t\t\t\t\t<div class=\"elementor-column elementor-col-50 elementor-top-column elementor-element elementor-element-d7f25e1\" data-id=\"d7f25e1\" data-element_type=\"column\" data-e-type=\"column\">\n\t\t\t<div class=\"elementor-widget-wrap elementor-element-populated\">\n\t\t\t\t\t\t<div class=\"elementor-element elementor-element-7c81c21 elementor-widget elementor-widget-heading\" data-id=\"7c81c21\" data-element_type=\"widget\" data-e-type=\"widget\" data-widget_type=\"heading.default\">\n\t\t\t\t<div class=\"elementor-widget-container\">\n\t\t\t\t\t<h2 class=\"elementor-heading-title elementor-size-default\">Nuestra<br \/> misi\u00f3n<\/h2>\t\t\t\t<\/div>\n\t\t\t\t<\/div>\n\t\t\t\t\t<\/div>\n\t\t<\/div>\n\t\t\t\t<div class=\"elementor-column elementor-col-50 elementor-top-column elementor-element elementor-element-bf40a2c\" data-id=\"bf40a2c\" data-element_type=\"column\" data-e-type=\"column\">\n\t\t\t<div class=\"elementor-widget-wrap elementor-element-populated\">\n\t\t\t\t\t\t<div class=\"elementor-element elementor-element-5db551d elementor-widget elementor-widget-text-editor\" data-id=\"5db551d\" data-element_type=\"widget\" data-e-type=\"widget\" data-widget_type=\"text-editor.default\">\n\t\t\t\t<div class=\"elementor-widget-container\">\n\t\t\t\t\t\t\t\t\t<p>M\u00e1s all\u00e1 de simples asesores, aspiramos a convertirnos en verdaderos compa\u00f1eros de viaje de nuestros clientes, ofreci\u00e9ndoles nuestro apoyo para cubrir sus necesidades de negocio, mejorar su capacidad y habilidad para crear valor, gestionar el riesgo y mejorar el rendimiento.<\/p><p>En definitiva, nuestra misi\u00f3n no es otra que contribuir \u2013mediante la externalizaci\u00f3n de servicios \u2013 a que cada empresa que conf\u00eda en nosotros alcance sus metas, mediante una m\u00e1s \u00f3ptima gesti\u00f3n de sus recursos humanos y materiales.<strong> El \u00e9xito de nuestros clientes es nuestro objetivo.<\/strong><\/p>\t\t\t\t\t\t\t\t<\/div>\n\t\t\t\t<\/div>\n\t\t\t\t\t<\/div>\n\t\t<\/div>\n\t\t\t\t\t<\/div>\n\t\t<\/section>\n\t\t\t\t<section class=\"elementor-section elementor-top-section elementor-element elementor-element-1404eb3 elementor-section-full_width elementor-section-height-default elementor-section-height-default elementor-invisible\" data-id=\"1404eb3\" data-element_type=\"section\" data-e-type=\"section\" data-settings=\"{&quot;background_background&quot;:&quot;classic&quot;,&quot;animation&quot;:&quot;fadeInUp&quot;}\">\n\t\t\t\t\t\t\t<div class=\"elementor-background-overlay\"><\/div>\n\t\t\t\t\t\t\t<div class=\"elementor-container elementor-column-gap-default\">\n\t\t\t\t\t<div class=\"elementor-column elementor-col-50 elementor-top-column elementor-element elementor-element-29e8858\" data-id=\"29e8858\" data-element_type=\"column\" data-e-type=\"column\">\n\t\t\t<div class=\"elementor-widget-wrap elementor-element-populated\">\n\t\t\t\t\t\t<div class=\"elementor-element elementor-element-9472911 elementor-widget elementor-widget-heading\" data-id=\"9472911\" data-element_type=\"widget\" data-e-type=\"widget\" data-widget_type=\"heading.default\">\n\t\t\t\t<div class=\"elementor-widget-container\">\n\t\t\t\t\t<h2 class=\"elementor-heading-title elementor-size-default\">Nuestros<br \/> valores<\/h2>\t\t\t\t<\/div>\n\t\t\t\t<\/div>\n\t\t\t\t\t<\/div>\n\t\t<\/div>\n\t\t\t\t<div class=\"elementor-column elementor-col-50 elementor-top-column elementor-element elementor-element-432f53c\" data-id=\"432f53c\" data-element_type=\"column\" data-e-type=\"column\">\n\t\t\t<div class=\"elementor-widget-wrap elementor-element-populated\">\n\t\t\t\t\t\t<div class=\"elementor-element elementor-element-9f8d934 elementor-widget elementor-widget-text-editor\" data-id=\"9f8d934\" data-element_type=\"widget\" data-e-type=\"widget\" data-widget_type=\"text-editor.default\">\n\t\t\t\t<div class=\"elementor-widget-container\">\n\t\t\t\t\t\t\t\t\t<div class=\"page-area clearfix\"><div class=\"content\"><div class=\"mt-section default parallax-no mt-section-2646-1\" data-parallax-speed=\"0.2\"><div class=\"container\"><div class=\"row\"><div class=\"col-md-4 text-justify\"><p>Nuestros <strong>valores corporativos de excelencia, trabajo en equipo, transparencia e integridad<\/strong> nos ayudan en el d\u00eda a d\u00eda a impulsar nuestros objetivos y nos proporcionan directrices que gu\u00edan nuestro ejercicio profesional con el fin de obtener los resultados esperados tanto por nosotros como por nuestros clientes.<\/p><p>Como una de las firmas l\u00edderes de servicios profesionales, sabemos que nuestros valores son ingredientes imprescindibles de una relaci\u00f3n duradera y de calidad y base de la confianza de la que nuestros clientes nos han hecho merecedores.<\/p><\/div><\/div><\/div><\/div><div class=\"clearfix\">\u00a0<\/div><\/div><\/div>\t\t\t\t\t\t\t\t<\/div>\n\t\t\t\t<\/div>\n\t\t\t\t\t<\/div>\n\t\t<\/div>\n\t\t\t\t\t<\/div>\n\t\t<\/section>\n\t\t\t\t<section class=\"elementor-section elementor-top-section elementor-element elementor-element-09b6373 elementor-section-boxed elementor-section-height-default elementor-section-height-default\" data-id=\"09b6373\" data-element_type=\"section\" data-e-type=\"section\" data-settings=\"{&quot;background_background&quot;:&quot;classic&quot;}\">\n\t\t\t\t\t\t\t<div class=\"elementor-background-overlay\"><\/div>\n\t\t\t\t\t\t\t<div class=\"elementor-container elementor-column-gap-default\">\n\t\t\t\t\t<div class=\"elementor-column elementor-col-100 elementor-top-column elementor-element elementor-element-b543ce8\" data-id=\"b543ce8\" data-element_type=\"column\" data-e-type=\"column\">\n\t\t\t<div class=\"elementor-widget-wrap elementor-element-populated\">\n\t\t\t\t\t\t\t<\/div>\n\t\t<\/div>\n\t\t\t\t\t<\/div>\n\t\t<\/section>\n\t\t\t\t<\/div>\n\t\t","protected":false},"excerpt":{"rendered":"<p>Somos un equipo de profesionales con un profundo conocimiento t\u00e9cnico y comprometidos con el \u00e9xito de nuestros clientes Contacta con nosotros Nuestra visi\u00f3n Nuestra visi\u00f3n es la de ser considerados por nuestros clientes como la mejor opci\u00f3n en el momento de escoger a su proveedor de servicios de Outsourcing para las funciones de contabilidad, tax [&hellip;]<\/p>\n","protected":false},"author":2,"featured_media":165,"parent":302,"menu_order":0,"comment_status":"closed","ping_status":"closed","template":"","meta":{"_acf_changed":false,"inline_featured_image":false,"footnotes":""},"class_list":["post-163","page","type-page","status-publish","has-post-thumbnail","hentry"],"acf":[],"yoast_head":"<!-- This site is optimized with the Yoast SEO plugin v27.1.1 - https:\/\/yoast.com\/product\/yoast-seo-wordpress\/ -->\n<title>avantges - Valores<\/title>\n<meta name=\"description\" content=\"Nuestra visi\u00f3n es la de ser considerados por nuestros clientes como la mejor opci\u00f3n en el momento de escoger a su proveedor de servicios de Outsourcing.\" \/>\n<meta name=\"robots\" content=\"index, follow, max-snippet:-1, max-image-preview:large, max-video-preview:-1\" \/>\n<link rel=\"canonical\" href=\"https:\/\/avantges.com\/es\/quienes-somos\/valores\/\" \/>\n<meta property=\"og:locale\" content=\"es_ES\" \/>\n<meta property=\"og:type\" content=\"article\" \/>\n<meta property=\"og:title\" content=\"avantges - Valores\" \/>\n<meta property=\"og:description\" content=\"Nuestra visi\u00f3n es la de ser considerados por nuestros clientes como la mejor opci\u00f3n en el momento de escoger a su proveedor de servicios de Outsourcing.\" \/>\n<meta property=\"og:url\" content=\"https:\/\/avantges.com\/es\/quienes-somos\/valores\/\" \/>\n<meta property=\"og:site_name\" content=\"avantges\" \/>\n<meta property=\"article:modified_time\" content=\"2024-11-19T14:09:28+00:00\" \/>\n<meta property=\"og:image\" content=\"https:\/\/avantges.com\/wp-content\/uploads\/2024\/09\/avantges-valores.webp\" \/>\n\t<meta property=\"og:image:width\" content=\"1920\" \/>\n\t<meta property=\"og:image:height\" content=\"750\" \/>\n\t<meta property=\"og:image:type\" content=\"image\/webp\" \/>\n<meta name=\"twitter:card\" content=\"summary_large_image\" \/>\n<meta name=\"twitter:label1\" content=\"Tiempo de lectura\" \/>\n\t<meta name=\"twitter:data1\" content=\"2 minutos\" \/>\n<script type=\"application\/ld+json\" class=\"yoast-schema-graph\">{\"@context\":\"https:\/\/schema.org\",\"@graph\":[{\"@type\":\"WebPage\",\"@id\":\"https:\/\/avantges.com\/es\/quienes-somos\/valores\/\",\"url\":\"https:\/\/avantges.com\/es\/quienes-somos\/valores\/\",\"name\":\"avantges - Valores\",\"isPartOf\":{\"@id\":\"https:\/\/avantges.com\/es\/#website\"},\"primaryImageOfPage\":{\"@id\":\"https:\/\/avantges.com\/es\/quienes-somos\/valores\/#primaryimage\"},\"image\":{\"@id\":\"https:\/\/avantges.com\/es\/quienes-somos\/valores\/#primaryimage\"},\"thumbnailUrl\":\"https:\/\/avantges.com\/wp-content\/uploads\/2024\/09\/avantges-valores.webp\",\"datePublished\":\"2024-09-30T14:14:01+00:00\",\"dateModified\":\"2024-11-19T14:09:28+00:00\",\"description\":\"Nuestra visi\u00f3n es la de ser considerados por nuestros clientes como la mejor opci\u00f3n en el momento de escoger a su proveedor de servicios de Outsourcing.\",\"breadcrumb\":{\"@id\":\"https:\/\/avantges.com\/es\/quienes-somos\/valores\/#breadcrumb\"},\"inLanguage\":\"es\",\"potentialAction\":[{\"@type\":\"ReadAction\",\"target\":[\"https:\/\/avantges.com\/es\/quienes-somos\/valores\/\"]}]},{\"@type\":\"ImageObject\",\"inLanguage\":\"es\",\"@id\":\"https:\/\/avantges.com\/es\/quienes-somos\/valores\/#primaryimage\",\"url\":\"https:\/\/avantges.com\/wp-content\/uploads\/2024\/09\/avantges-valores.webp\",\"contentUrl\":\"https:\/\/avantges.com\/wp-content\/uploads\/2024\/09\/avantges-valores.webp\",\"width\":1920,\"height\":750},{\"@type\":\"BreadcrumbList\",\"@id\":\"https:\/\/avantges.com\/es\/quienes-somos\/valores\/#breadcrumb\",\"itemListElement\":[{\"@type\":\"ListItem\",\"position\":1,\"name\":\"Inici\",\"item\":\"https:\/\/avantges.com\/es\/\"},{\"@type\":\"ListItem\",\"position\":2,\"name\":\"Quienes somos\",\"item\":\"https:\/\/avantges.com\/es\/quienes-somos\/\"},{\"@type\":\"ListItem\",\"position\":3,\"name\":\"Valores\"}]},{\"@type\":\"WebSite\",\"@id\":\"https:\/\/avantges.com\/es\/#website\",\"url\":\"https:\/\/avantges.com\/es\/\",\"name\":\"avantges\",\"description\":\"Accounting, Payroll and Tax Compliance Services in Spain\",\"publisher\":{\"@id\":\"https:\/\/avantges.com\/es\/#organization\"},\"potentialAction\":[{\"@type\":\"SearchAction\",\"target\":{\"@type\":\"EntryPoint\",\"urlTemplate\":\"https:\/\/avantges.com\/es\/?s={search_term_string}\"},\"query-input\":{\"@type\":\"PropertyValueSpecification\",\"valueRequired\":true,\"valueName\":\"search_term_string\"}}],\"inLanguage\":\"es\"},{\"@type\":\"Organization\",\"@id\":\"https:\/\/avantges.com\/es\/#organization\",\"name\":\"avantges\",\"url\":\"https:\/\/avantges.com\/es\/\",\"logo\":{\"@type\":\"ImageObject\",\"inLanguage\":\"es\",\"@id\":\"https:\/\/avantges.com\/es\/#\/schema\/logo\/image\/\",\"url\":\"https:\/\/avantges.com\/wp-content\/uploads\/2024\/09\/Grupo-213.svg\",\"contentUrl\":\"https:\/\/avantges.com\/wp-content\/uploads\/2024\/09\/Grupo-213.svg\",\"width\":82,\"height\":23,\"caption\":\"avantges\"},\"image\":{\"@id\":\"https:\/\/avantges.com\/es\/#\/schema\/logo\/image\/\"}}]}<\/script>\n<!-- \/ Yoast SEO plugin. -->","yoast_head_json":{"title":"avantges - Valores","description":"Nuestra visi\u00f3n es la de ser considerados por nuestros clientes como la mejor opci\u00f3n en el momento de escoger a su proveedor de servicios de Outsourcing.","robots":{"index":"index","follow":"follow","max-snippet":"max-snippet:-1","max-image-preview":"max-image-preview:large","max-video-preview":"max-video-preview:-1"},"canonical":"https:\/\/avantges.com\/es\/quienes-somos\/valores\/","og_locale":"es_ES","og_type":"article","og_title":"avantges - Valores","og_description":"Nuestra visi\u00f3n es la de ser considerados por nuestros clientes como la mejor opci\u00f3n en el momento de escoger a su proveedor de servicios de Outsourcing.","og_url":"https:\/\/avantges.com\/es\/quienes-somos\/valores\/","og_site_name":"avantges","article_modified_time":"2024-11-19T14:09:28+00:00","og_image":[{"width":1920,"height":750,"url":"https:\/\/avantges.com\/wp-content\/uploads\/2024\/09\/avantges-valores.webp","type":"image\/webp"}],"twitter_card":"summary_large_image","twitter_misc":{"Tiempo de lectura":"2 minutos"},"schema":{"@context":"https:\/\/schema.org","@graph":[{"@type":"WebPage","@id":"https:\/\/avantges.com\/es\/quienes-somos\/valores\/","url":"https:\/\/avantges.com\/es\/quienes-somos\/valores\/","name":"avantges - Valores","isPartOf":{"@id":"https:\/\/avantges.com\/es\/#website"},"primaryImageOfPage":{"@id":"https:\/\/avantges.com\/es\/quienes-somos\/valores\/#primaryimage"},"image":{"@id":"https:\/\/avantges.com\/es\/quienes-somos\/valores\/#primaryimage"},"thumbnailUrl":"https:\/\/avantges.com\/wp-content\/uploads\/2024\/09\/avantges-valores.webp","datePublished":"2024-09-30T14:14:01+00:00","dateModified":"2024-11-19T14:09:28+00:00","description":"Nuestra visi\u00f3n es la de ser considerados por nuestros clientes como la mejor opci\u00f3n en el momento de escoger a su proveedor de servicios de Outsourcing.","breadcrumb":{"@id":"https:\/\/avantges.com\/es\/quienes-somos\/valores\/#breadcrumb"},"inLanguage":"es","potentialAction":[{"@type":"ReadAction","target":["https:\/\/avantges.com\/es\/quienes-somos\/valores\/"]}]},{"@type":"ImageObject","inLanguage":"es","@id":"https:\/\/avantges.com\/es\/quienes-somos\/valores\/#primaryimage","url":"https:\/\/avantges.com\/wp-content\/uploads\/2024\/09\/avantges-valores.webp","contentUrl":"https:\/\/avantges.com\/wp-content\/uploads\/2024\/09\/avantges-valores.webp","width":1920,"height":750},{"@type":"BreadcrumbList","@id":"https:\/\/avantges.com\/es\/quienes-somos\/valores\/#breadcrumb","itemListElement":[{"@type":"ListItem","position":1,"name":"Inici","item":"https:\/\/avantges.com\/es\/"},{"@type":"ListItem","position":2,"name":"Quienes somos","item":"https:\/\/avantges.com\/es\/quienes-somos\/"},{"@type":"ListItem","position":3,"name":"Valores"}]},{"@type":"WebSite","@id":"https:\/\/avantges.com\/es\/#website","url":"https:\/\/avantges.com\/es\/","name":"avantges","description":"Accounting, Payroll and Tax Compliance Services in Spain","publisher":{"@id":"https:\/\/avantges.com\/es\/#organization"},"potentialAction":[{"@type":"SearchAction","target":{"@type":"EntryPoint","urlTemplate":"https:\/\/avantges.com\/es\/?s={search_term_string}"},"query-input":{"@type":"PropertyValueSpecification","valueRequired":true,"valueName":"search_term_string"}}],"inLanguage":"es"},{"@type":"Organization","@id":"https:\/\/avantges.com\/es\/#organization","name":"avantges","url":"https:\/\/avantges.com\/es\/","logo":{"@type":"ImageObject","inLanguage":"es","@id":"https:\/\/avantges.com\/es\/#\/schema\/logo\/image\/","url":"https:\/\/avantges.com\/wp-content\/uploads\/2024\/09\/Grupo-213.svg","contentUrl":"https:\/\/avantges.com\/wp-content\/uploads\/2024\/09\/Grupo-213.svg","width":82,"height":23,"caption":"avantges"},"image":{"@id":"https:\/\/avantges.com\/es\/#\/schema\/logo\/image\/"}}]}},"_links":{"self":[{"href":"https:\/\/avantges.com\/es\/wp-json\/wp\/v2\/pages\/163","targetHints":{"allow":["GET"]}}],"collection":[{"href":"https:\/\/avantges.com\/es\/wp-json\/wp\/v2\/pages"}],"about":[{"href":"https:\/\/avantges.com\/es\/wp-json\/wp\/v2\/types\/page"}],"author":[{"embeddable":true,"href":"https:\/\/avantges.com\/es\/wp-json\/wp\/v2\/users\/2"}],"replies":[{"embeddable":true,"href":"https:\/\/avantges.com\/es\/wp-json\/wp\/v2\/comments?post=163"}],"version-history":[{"count":5,"href":"https:\/\/avantges.com\/es\/wp-json\/wp\/v2\/pages\/163\/revisions"}],"predecessor-version":[{"id":4703,"href":"https:\/\/avantges.com\/es\/wp-json\/wp\/v2\/pages\/163\/revisions\/4703"}],"up":[{"embeddable":true,"href":"https:\/\/avantges.com\/es\/wp-json\/wp\/v2\/pages\/302"}],"wp:featuredmedia":[{"embeddable":true,"href":"https:\/\/avantges.com\/es\/wp-json\/wp\/v2\/media\/165"}],"wp:attachment":[{"href":"https:\/\/avantges.com\/es\/wp-json\/wp\/v2\/media?parent=163"}],"curies":[{"name":"wp","href":"https:\/\/api.w.org\/{rel}","templated":true}]}}