{"id":4454,"date":"2024-11-11T16:48:52","date_gmt":"2024-11-11T15:48:52","guid":{"rendered":"https:\/\/avantges.com\/aviso-legal\/"},"modified":"2024-11-15T10:47:57","modified_gmt":"2024-11-15T09:47:57","slug":"aviso-legal","status":"publish","type":"page","link":"https:\/\/avantges.com\/es\/aviso-legal\/","title":{"rendered":"Aviso legal"},"content":{"rendered":"\t\t<div data-elementor-type=\"wp-page\" data-elementor-id=\"4454\" class=\"elementor elementor-4454 elementor-4448\" data-elementor-post-type=\"page\">\n\t\t\t\t\t\t<section class=\"elementor-section elementor-top-section elementor-element elementor-element-c1a5cbf elementor-section-height-min-height elementor-section-boxed elementor-section-height-default elementor-section-items-middle\" data-id=\"c1a5cbf\" data-element_type=\"section\" data-e-type=\"section\" data-settings=\"{&quot;background_background&quot;:&quot;classic&quot;}\">\n\t\t\t\t\t\t\t<div class=\"elementor-background-overlay\"><\/div>\n\t\t\t\t\t\t\t<div class=\"elementor-container elementor-column-gap-default\">\n\t\t\t\t\t<div class=\"elementor-column elementor-col-100 elementor-top-column elementor-element elementor-element-a07bb1b\" data-id=\"a07bb1b\" data-element_type=\"column\" data-e-type=\"column\">\n\t\t\t<div class=\"elementor-widget-wrap\">\n\t\t\t\t\t\t\t<\/div>\n\t\t<\/div>\n\t\t\t\t\t<\/div>\n\t\t<\/section>\n\t\t\t\t<section class=\"elementor-section elementor-top-section elementor-element elementor-element-7743782 elementor-section-boxed elementor-section-height-default elementor-section-height-default\" data-id=\"7743782\" data-element_type=\"section\" data-e-type=\"section\">\n\t\t\t\t\t\t<div class=\"elementor-container elementor-column-gap-default\">\n\t\t\t\t\t<div class=\"elementor-column elementor-col-100 elementor-top-column elementor-element elementor-element-9760a08\" data-id=\"9760a08\" data-element_type=\"column\" data-e-type=\"column\">\n\t\t\t<div class=\"elementor-widget-wrap elementor-element-populated\">\n\t\t\t\t\t\t<div class=\"elementor-element elementor-element-17c161c elementor-widget elementor-widget-heading\" data-id=\"17c161c\" data-element_type=\"widget\" data-e-type=\"widget\" data-widget_type=\"heading.default\">\n\t\t\t\t<div class=\"elementor-widget-container\">\n\t\t\t\t\t<h1 class=\"elementor-heading-title elementor-size-default\">Aviso legal<\/h1>\t\t\t\t<\/div>\n\t\t\t\t<\/div>\n\t\t\t\t<div class=\"elementor-element elementor-element-645605b elementor-widget elementor-widget-text-editor\" data-id=\"645605b\" data-element_type=\"widget\" data-e-type=\"widget\" data-widget_type=\"text-editor.default\">\n\t\t\t\t<div class=\"elementor-widget-container\">\n\t\t\t\t\t\t\t\t\t<h4>P\u00c1GINA WEB DE AVANTGES OUTSOURCING S.L.: CONDICIONES DE USO<\/h4>\n<p>Este sitio web es propiedad de Avantges Outsourcing, S.L. (en adelante Avantges), con domicilio social en Av. Diagonal, 453 bis, 4\u00aa pl. &#8211; 08036 Barcelona, Espa\u00f1a &#8211; con n\u00famero de identificaci\u00f3n fiscal (NIF) ESB66347469. Inscrita en el Registro Mercantil de Barcelona, Tomo 4451, Folio 139, Hoja n\u00famero B-456412.   <\/p>\n<p>El uso de este sitio web est\u00e1 sujeto a las siguientes condiciones de uso. Por favor, l\u00e9elas atentamente. Tu acceso a este sitio y a su contenido significa que has le\u00eddo y aceptas las condiciones de uso aqu\u00ed expuestas.  <\/p>\n<p>La utilizaci\u00f3n de determinados espacios o servicios de este sitio web puede estar sujeta a condiciones especiales de uso (por ejemplo, el servicio Acceso Clientes). El uso de estos servicios implica que aceptas estas condiciones especiales. <\/p>\n<p>1. Condiciones de uso<\/p>\n<p>1.1 Este sitio web contiene materiales que Avantges ha preparado \u00fanicamente con fines informativos y pueden no estar actualizados a los cambios legislativos m\u00e1s recientes. Los materiales de este sitio web no pueden, en ning\u00fan caso, considerarse sustitutivos de asesoramiento legal o de cualquier otro tipo. El acceso a estos materiales no constituye ni implica ning\u00fan tipo de relaci\u00f3n de confianza o profesional con Avantges. No debes actuar sobre la base de la informaci\u00f3n contenida en este sitio web, sin recurrir previamente a un asesoramiento profesional adecuado. Asimismo, no debes enviar ninguna informaci\u00f3n confidencial a Avantges sin consultar previamente a uno de nuestros profesionales y recibir su autorizaci\u00f3n para el env\u00edo.    <\/p>\n<p>1.2 En este sitio web puedes encontrar enlaces o links que te pueden dirigir a otros sitios y p\u00e1ginas web gestionados por terceros, sobre las que Avantges no ejerce ning\u00fan tipo de control. El acceso a las mismas a trav\u00e9s de este sitio web tampoco implica que Avantges recomiende o apruebe sus contenidos. <\/p>\n<p>2. Limitaci\u00f3n de responsabilidad<\/p>\n<p>2.1 Utilizas este sitio web por tu cuenta y riesgo. Avantges, sus socios, colaboradores, empleados o representantes no se responsabilizan de los errores u omisiones de los que pudieran adolecer los contenidos este sitio web u otros contenidos a los que se pueda acceder a trav\u00e9s de la misma. Avantges, sus socios, colaboradores, empleados o representantes tampoco podr\u00e1n ser considerados responsables por cualesquiera da\u00f1os derivados de la utilizaci\u00f3n de este sitio web, ni por cualquier actuaci\u00f3n realizada sobre la base de la informaci\u00f3n que en ella se facilita.  <\/p>\n<p>2.2 Avantges no garantiza la ausencia de virus u otros elementos que pudieran causar da\u00f1os o alteraciones en tu sistema inform\u00e1tico, en tus documentos electr\u00f3nicos o en tus ficheros. En consecuencia, no responde por los da\u00f1os y perjuicios que tales elementos pudieran ocasionar al usuario o a terceros. <\/p>\n<p>3. Propiedad intelectual e industrial<br \/>Todos los contenidos del Portal, entendiendo por estos a t\u00edtulo meramente enunciativo los textos, fotograf\u00edas, gr\u00e1ficos, im\u00e1genes, iconos, tecnolog\u00eda, software, links y dem\u00e1s contenidos audiovisuales o sonoros, as\u00ed como su dise\u00f1o gr\u00e1fico y c\u00f3digos fuente (los \u00abContenidos\u00bb), son propiedad intelectual de Avantges o de terceros, sin que puedan entenderse cedidos al Usuario ninguno de los derechos de explotaci\u00f3n sobre los Contenidos reconocidos por la normativa vigente en materia de propiedad intelectual sobre los mismos, salvo aquellos que resulten estrictamente necesario para el uso del Portal.<br \/>Las marcas, nombres comerciales o signos distintivos son titularidad de Avantges o terceros, sin que pueda entenderse que el acceso al Portal atribuya ning\u00fan derecho sobre las citadas marcas, nombres comerciales y\/o signos distintivos.<\/p>\n<p>4. Prevenci\u00f3n del blanqueo de capitales<br \/>De conformidad con la Ley 10\/2010, de 28 de abril, de prevenci\u00f3n del blanqueo de capitales y de la financiaci\u00f3n del terrorismo y el Real Decreto 304\/2014, de 5 de mayo, al prestar determinados servicios (por ejemplo, la prestaci\u00f3n de un domicilio social) tenemos la obligaci\u00f3n legal de identificar a nuestros clientes (personas f\u00edsicas y jur\u00eddicas). Esto es para garantizar que cumplimos con la normativa contra el blanqueo de capitales (AML). Por lo tanto, se te puede pedir que nos proporciones un documento de identidad y un comprobante de domicilio, entre otras medidas.  <\/p>\n<p>5. Legislaci\u00f3n<br \/>Todas y cada una de las disposiciones de este Aviso Legal se rigen por la ley espa\u00f1ola.<\/p>\n\t\t\t\t\t\t\t\t<\/div>\n\t\t\t\t<\/div>\n\t\t\t\t\t<\/div>\n\t\t<\/div>\n\t\t\t\t\t<\/div>\n\t\t<\/section>\n\t\t\t\t<\/div>\n\t\t","protected":false},"excerpt":{"rendered":"<p>P\u00c1GINA WEB DE AVANTGES OUTSOURCING S.L.: CONDICIONES DE USO Este sitio web es propiedad de Avantges Outsourcing, S.L. (en adelante Avantges), con domicilio social en Av. Diagonal, 453 bis, 4\u00aa pl. &#8211; 08036 Barcelona, Espa\u00f1a &#8211; con n\u00famero de identificaci\u00f3n fiscal (NIF) ESB66347469. Inscrita en el Registro Mercantil de Barcelona, Tomo 4451, Folio 139, Hoja [&hellip;]<\/p>\n","protected":false},"author":2,"featured_media":0,"parent":0,"menu_order":0,"comment_status":"closed","ping_status":"closed","template":"","meta":{"_acf_changed":false,"inline_featured_image":false,"footnotes":""},"class_list":["post-4454","page","type-page","status-publish","hentry"],"acf":[],"yoast_head":"<!-- This site is optimized with the Yoast SEO plugin v27.1.1 - https:\/\/yoast.com\/product\/yoast-seo-wordpress\/ -->\n<title>avantges - Aviso legal<\/title>\n<meta name=\"robots\" content=\"noindex, nofollow\" \/>\n<meta property=\"og:locale\" content=\"es_ES\" \/>\n<meta property=\"og:type\" content=\"article\" \/>\n<meta property=\"og:title\" content=\"avantges - Aviso legal\" \/>\n<meta property=\"og:description\" content=\"P\u00c1GINA WEB DE AVANTGES OUTSOURCING S.L.: CONDICIONES DE USO Este sitio web es propiedad de Avantges Outsourcing, S.L. (en adelante Avantges), con domicilio social en Av. Diagonal, 453 bis, 4\u00aa pl. &#8211; 08036 Barcelona, Espa\u00f1a &#8211; con n\u00famero de identificaci\u00f3n fiscal (NIF) ESB66347469. Inscrita en el Registro Mercantil de Barcelona, Tomo 4451, Folio 139, Hoja [&hellip;]\" \/>\n<meta property=\"og:url\" content=\"https:\/\/avantges.com\/es\/aviso-legal\/\" \/>\n<meta property=\"og:site_name\" content=\"avantges\" \/>\n<meta property=\"article:modified_time\" content=\"2024-11-15T09:47:57+00:00\" \/>\n<meta name=\"twitter:card\" content=\"summary_large_image\" \/>\n<meta name=\"twitter:label1\" content=\"Tiempo de lectura\" \/>\n\t<meta name=\"twitter:data1\" content=\"3 minutos\" \/>\n<script type=\"application\/ld+json\" class=\"yoast-schema-graph\">{\"@context\":\"https:\/\/schema.org\",\"@graph\":[{\"@type\":\"WebPage\",\"@id\":\"https:\/\/avantges.com\/es\/aviso-legal\/\",\"url\":\"https:\/\/avantges.com\/es\/aviso-legal\/\",\"name\":\"avantges - Aviso legal\",\"isPartOf\":{\"@id\":\"https:\/\/avantges.com\/es\/#website\"},\"datePublished\":\"2024-11-11T15:48:52+00:00\",\"dateModified\":\"2024-11-15T09:47:57+00:00\",\"breadcrumb\":{\"@id\":\"https:\/\/avantges.com\/es\/aviso-legal\/#breadcrumb\"},\"inLanguage\":\"es\",\"potentialAction\":[{\"@type\":\"ReadAction\",\"target\":[\"https:\/\/avantges.com\/es\/aviso-legal\/\"]}]},{\"@type\":\"BreadcrumbList\",\"@id\":\"https:\/\/avantges.com\/es\/aviso-legal\/#breadcrumb\",\"itemListElement\":[{\"@type\":\"ListItem\",\"position\":1,\"name\":\"Inici\",\"item\":\"https:\/\/avantges.com\/es\/\"},{\"@type\":\"ListItem\",\"position\":2,\"name\":\"Aviso legal\"}]},{\"@type\":\"WebSite\",\"@id\":\"https:\/\/avantges.com\/es\/#website\",\"url\":\"https:\/\/avantges.com\/es\/\",\"name\":\"avantges\",\"description\":\"Accounting, Payroll and Tax Compliance Services in Spain\",\"publisher\":{\"@id\":\"https:\/\/avantges.com\/es\/#organization\"},\"potentialAction\":[{\"@type\":\"SearchAction\",\"target\":{\"@type\":\"EntryPoint\",\"urlTemplate\":\"https:\/\/avantges.com\/es\/?s={search_term_string}\"},\"query-input\":{\"@type\":\"PropertyValueSpecification\",\"valueRequired\":true,\"valueName\":\"search_term_string\"}}],\"inLanguage\":\"es\"},{\"@type\":\"Organization\",\"@id\":\"https:\/\/avantges.com\/es\/#organization\",\"name\":\"avantges\",\"url\":\"https:\/\/avantges.com\/es\/\",\"logo\":{\"@type\":\"ImageObject\",\"inLanguage\":\"es\",\"@id\":\"https:\/\/avantges.com\/es\/#\/schema\/logo\/image\/\",\"url\":\"https:\/\/avantges.com\/wp-content\/uploads\/2024\/09\/Grupo-213.svg\",\"contentUrl\":\"https:\/\/avantges.com\/wp-content\/uploads\/2024\/09\/Grupo-213.svg\",\"width\":82,\"height\":23,\"caption\":\"avantges\"},\"image\":{\"@id\":\"https:\/\/avantges.com\/es\/#\/schema\/logo\/image\/\"}}]}<\/script>\n<!-- \/ Yoast SEO plugin. -->","yoast_head_json":{"title":"avantges - Aviso legal","robots":{"index":"noindex","follow":"nofollow"},"og_locale":"es_ES","og_type":"article","og_title":"avantges - Aviso legal","og_description":"P\u00c1GINA WEB DE AVANTGES OUTSOURCING S.L.: CONDICIONES DE USO Este sitio web es propiedad de Avantges Outsourcing, S.L. (en adelante Avantges), con domicilio social en Av. Diagonal, 453 bis, 4\u00aa pl. &#8211; 08036 Barcelona, Espa\u00f1a &#8211; con n\u00famero de identificaci\u00f3n fiscal (NIF) ESB66347469. Inscrita en el Registro Mercantil de Barcelona, Tomo 4451, Folio 139, Hoja [&hellip;]","og_url":"https:\/\/avantges.com\/es\/aviso-legal\/","og_site_name":"avantges","article_modified_time":"2024-11-15T09:47:57+00:00","twitter_card":"summary_large_image","twitter_misc":{"Tiempo de lectura":"3 minutos"},"schema":{"@context":"https:\/\/schema.org","@graph":[{"@type":"WebPage","@id":"https:\/\/avantges.com\/es\/aviso-legal\/","url":"https:\/\/avantges.com\/es\/aviso-legal\/","name":"avantges - Aviso legal","isPartOf":{"@id":"https:\/\/avantges.com\/es\/#website"},"datePublished":"2024-11-11T15:48:52+00:00","dateModified":"2024-11-15T09:47:57+00:00","breadcrumb":{"@id":"https:\/\/avantges.com\/es\/aviso-legal\/#breadcrumb"},"inLanguage":"es","potentialAction":[{"@type":"ReadAction","target":["https:\/\/avantges.com\/es\/aviso-legal\/"]}]},{"@type":"BreadcrumbList","@id":"https:\/\/avantges.com\/es\/aviso-legal\/#breadcrumb","itemListElement":[{"@type":"ListItem","position":1,"name":"Inici","item":"https:\/\/avantges.com\/es\/"},{"@type":"ListItem","position":2,"name":"Aviso legal"}]},{"@type":"WebSite","@id":"https:\/\/avantges.com\/es\/#website","url":"https:\/\/avantges.com\/es\/","name":"avantges","description":"Accounting, Payroll and Tax Compliance Services in Spain","publisher":{"@id":"https:\/\/avantges.com\/es\/#organization"},"potentialAction":[{"@type":"SearchAction","target":{"@type":"EntryPoint","urlTemplate":"https:\/\/avantges.com\/es\/?s={search_term_string}"},"query-input":{"@type":"PropertyValueSpecification","valueRequired":true,"valueName":"search_term_string"}}],"inLanguage":"es"},{"@type":"Organization","@id":"https:\/\/avantges.com\/es\/#organization","name":"avantges","url":"https:\/\/avantges.com\/es\/","logo":{"@type":"ImageObject","inLanguage":"es","@id":"https:\/\/avantges.com\/es\/#\/schema\/logo\/image\/","url":"https:\/\/avantges.com\/wp-content\/uploads\/2024\/09\/Grupo-213.svg","contentUrl":"https:\/\/avantges.com\/wp-content\/uploads\/2024\/09\/Grupo-213.svg","width":82,"height":23,"caption":"avantges"},"image":{"@id":"https:\/\/avantges.com\/es\/#\/schema\/logo\/image\/"}}]}},"_links":{"self":[{"href":"https:\/\/avantges.com\/es\/wp-json\/wp\/v2\/pages\/4454","targetHints":{"allow":["GET"]}}],"collection":[{"href":"https:\/\/avantges.com\/es\/wp-json\/wp\/v2\/pages"}],"about":[{"href":"https:\/\/avantges.com\/es\/wp-json\/wp\/v2\/types\/page"}],"author":[{"embeddable":true,"href":"https:\/\/avantges.com\/es\/wp-json\/wp\/v2\/users\/2"}],"replies":[{"embeddable":true,"href":"https:\/\/avantges.com\/es\/wp-json\/wp\/v2\/comments?post=4454"}],"version-history":[{"count":2,"href":"https:\/\/avantges.com\/es\/wp-json\/wp\/v2\/pages\/4454\/revisions"}],"predecessor-version":[{"id":4631,"href":"https:\/\/avantges.com\/es\/wp-json\/wp\/v2\/pages\/4454\/revisions\/4631"}],"wp:attachment":[{"href":"https:\/\/avantges.com\/es\/wp-json\/wp\/v2\/media?parent=4454"}],"curies":[{"name":"wp","href":"https:\/\/api.w.org\/{rel}","templated":true}]}}