{"id":4461,"date":"2024-11-11T17:30:31","date_gmt":"2024-11-11T16:30:31","guid":{"rendered":"https:\/\/avantges.com\/?page_id=4461"},"modified":"2024-11-15T10:47:47","modified_gmt":"2024-11-15T09:47:47","slug":"aviso-legal-2","status":"publish","type":"page","link":"https:\/\/avantges.com\/es\/aviso-legal-2\/","title":{"rendered":"Pol\u00edtica de privacidad"},"content":{"rendered":"\t\t<div data-elementor-type=\"wp-page\" data-elementor-id=\"4461\" class=\"elementor elementor-4461 elementor-4460\" data-elementor-post-type=\"page\">\n\t\t\t\t\t\t<section class=\"elementor-section elementor-top-section elementor-element elementor-element-c1a5cbf elementor-section-height-min-height elementor-section-boxed elementor-section-height-default elementor-section-items-middle\" data-id=\"c1a5cbf\" data-element_type=\"section\" data-e-type=\"section\" data-settings=\"{&quot;background_background&quot;:&quot;classic&quot;}\">\n\t\t\t\t\t\t\t<div class=\"elementor-background-overlay\"><\/div>\n\t\t\t\t\t\t\t<div class=\"elementor-container elementor-column-gap-default\">\n\t\t\t\t\t<div class=\"elementor-column elementor-col-100 elementor-top-column elementor-element elementor-element-a07bb1b\" data-id=\"a07bb1b\" data-element_type=\"column\" data-e-type=\"column\">\n\t\t\t<div class=\"elementor-widget-wrap\">\n\t\t\t\t\t\t\t<\/div>\n\t\t<\/div>\n\t\t\t\t\t<\/div>\n\t\t<\/section>\n\t\t\t\t<section class=\"elementor-section elementor-top-section elementor-element elementor-element-7743782 elementor-section-boxed elementor-section-height-default elementor-section-height-default\" data-id=\"7743782\" data-element_type=\"section\" data-e-type=\"section\">\n\t\t\t\t\t\t<div class=\"elementor-container elementor-column-gap-default\">\n\t\t\t\t\t<div class=\"elementor-column elementor-col-100 elementor-top-column elementor-element elementor-element-9760a08\" data-id=\"9760a08\" data-element_type=\"column\" data-e-type=\"column\">\n\t\t\t<div class=\"elementor-widget-wrap elementor-element-populated\">\n\t\t\t\t\t\t<div class=\"elementor-element elementor-element-17c161c elementor-widget elementor-widget-heading\" data-id=\"17c161c\" data-element_type=\"widget\" data-e-type=\"widget\" data-widget_type=\"heading.default\">\n\t\t\t\t<div class=\"elementor-widget-container\">\n\t\t\t\t\t<h1 class=\"elementor-heading-title elementor-size-default\">Pol\u00edtica de privacidad<\/h1>\t\t\t\t<\/div>\n\t\t\t\t<\/div>\n\t\t\t\t<div class=\"elementor-element elementor-element-645605b elementor-widget elementor-widget-text-editor\" data-id=\"645605b\" data-element_type=\"widget\" data-e-type=\"widget\" data-widget_type=\"text-editor.default\">\n\t\t\t\t<div class=\"elementor-widget-container\">\n\t\t\t\t\t\t\t\t\t<p>1. Algunos de los servicios o aplicaciones ofrecidos a trav\u00e9s del sitio web \u2013en particular, el env\u00edo de Curriculum Vitaes \u2013 requiere la recogida de datos personales. Avantges Outsourcing, S.L. (Avantges) tratar\u00e1 dicha informaci\u00f3n con la m\u00e1xima confidencialidad. En el caso de consultas online, utilizar\u00e1 exclusivamente dicha informaci\u00f3n para responder a su consulta; y en el caso de formularios curriculares, para la participaci\u00f3n en procesos de selecci\u00f3n de candidatos. La informaci\u00f3n facilitada no se utilizar\u00e1 para ninguna otra finalidad. Dicha informaci\u00f3n ser\u00e1 incorporada a ficheros de datos de car\u00e1cter personal titularidad de Avantges.      <\/p>\n<p>2 El Usuario podr\u00e1 ejercer sus derechos de Acceso, Rectificaci\u00f3n, Cancelaci\u00f3n y Oposici\u00f3n (\u2018Derechos ARCO\u2019) en los t\u00e9rminos legalmente previstos debiendo para ello dirigir una comunicaci\u00f3n escrita y firmada mediante correo postal al Dpto. de Protecci\u00f3n de Datos y Privacidad de Avantges Av. Diagonal, 453 bis, 4\u00aa pl, 08036 Barcelona, indicando su nombre y apellidos, direcci\u00f3n a efectos de notificaciones, copia de su DNI o pasaporte y los detalles del derecho espec\u00edfico que desea ejercitar.   <\/p>\n<p>3 Avantges almacena los datos de car\u00e1cter personal de conformidad con la legislaci\u00f3n aplicable en cada momento. En particular, Avantges adopta los niveles de seguridad requeridos por el Real Decreto 1720\/2007, de 21 de diciembre, por el que se aprueba el Reglamento de desarrollo de la LOPD, adecuados a la naturaleza de los datos que son objeto de tratamiento. No obstante lo anterior, se informa a los usuarios que la seguridad t\u00e9cnica no es inexpugnable, si bien Avantges pone todos los medios a su alcance para evitar actuaciones dolosas que pongan en peligro la informaci\u00f3n la informaci\u00f3n almacenada. <\/p>\n<p>4 En virtud de lo dispuesto en el art\u00edculo 22 de la LSSI, Avantges podr\u00e1 utilizar dispositivos de almacenamiento y recuperaci\u00f3n de datos (\u201ccookies\u201d) en equipos terminales de los destinatarios, a condici\u00f3n de que los mismos hayan dado su consentimiento despu\u00e9s de que se les haya facilitado informaci\u00f3n sobre su utilizaci\u00f3n. Los usuarios podr\u00e1n obtener toda la informaci\u00f3n sobre la finalidad de la instalaci\u00f3n de las cookies y los usos que se dar\u00e1 a las mismas en la Pol\u00edtica de cookies de Avantges. <\/p>\n<p>Lo anterior no impedir\u00e1 el posible almacenamiento o acceso de \u00edndole t\u00e9cnica al solo fin de efectuar la transmisi\u00f3n de una comunicaci\u00f3n por una red de comunicaciones electr\u00f3nicas o, en la medida que resulte estrictamente necesario, para la prestaci\u00f3n de un servicio de la sociedad de la informaci\u00f3n expresamente solicitado por el destinatario.<\/p>\n\t\t\t\t\t\t\t\t<\/div>\n\t\t\t\t<\/div>\n\t\t\t\t\t<\/div>\n\t\t<\/div>\n\t\t\t\t\t<\/div>\n\t\t<\/section>\n\t\t\t\t<\/div>\n\t\t","protected":false},"excerpt":{"rendered":"<p>1. Algunos de los servicios o aplicaciones ofrecidos a trav\u00e9s del sitio web \u2013en particular, el env\u00edo de Curriculum Vitaes \u2013 requiere la recogida de datos personales. Avantges Outsourcing, S.L. (Avantges) tratar\u00e1 dicha informaci\u00f3n con la m\u00e1xima confidencialidad. En el caso de consultas online, utilizar\u00e1 exclusivamente dicha informaci\u00f3n para responder a su consulta; y en [&hellip;]<\/p>\n","protected":false},"author":2,"featured_media":0,"parent":0,"menu_order":0,"comment_status":"closed","ping_status":"closed","template":"","meta":{"_acf_changed":false,"inline_featured_image":false,"footnotes":""},"class_list":["post-4461","page","type-page","status-publish","hentry"],"acf":[],"yoast_head":"<!-- This site is optimized with the Yoast SEO plugin v27.1.1 - https:\/\/yoast.com\/product\/yoast-seo-wordpress\/ -->\n<title>avantges - Pol\u00edtica de privacidad<\/title>\n<meta name=\"robots\" content=\"noindex, nofollow\" \/>\n<meta property=\"og:locale\" content=\"es_ES\" \/>\n<meta property=\"og:type\" content=\"article\" \/>\n<meta property=\"og:title\" content=\"avantges - Pol\u00edtica de privacidad\" \/>\n<meta property=\"og:description\" content=\"1. Algunos de los servicios o aplicaciones ofrecidos a trav\u00e9s del sitio web \u2013en particular, el env\u00edo de Curriculum Vitaes \u2013 requiere la recogida de datos personales. Avantges Outsourcing, S.L. (Avantges) tratar\u00e1 dicha informaci\u00f3n con la m\u00e1xima confidencialidad. En el caso de consultas online, utilizar\u00e1 exclusivamente dicha informaci\u00f3n para responder a su consulta; y en [&hellip;]\" \/>\n<meta property=\"og:url\" content=\"https:\/\/avantges.com\/es\/aviso-legal-2\/\" \/>\n<meta property=\"og:site_name\" content=\"avantges\" \/>\n<meta property=\"article:modified_time\" content=\"2024-11-15T09:47:47+00:00\" \/>\n<meta name=\"twitter:card\" content=\"summary_large_image\" \/>\n<meta name=\"twitter:label1\" content=\"Tiempo de lectura\" \/>\n\t<meta name=\"twitter:data1\" content=\"2 minutos\" \/>\n<script type=\"application\/ld+json\" class=\"yoast-schema-graph\">{\"@context\":\"https:\/\/schema.org\",\"@graph\":[{\"@type\":\"WebPage\",\"@id\":\"https:\/\/avantges.com\/es\/aviso-legal-2\/\",\"url\":\"https:\/\/avantges.com\/es\/aviso-legal-2\/\",\"name\":\"avantges - Pol\u00edtica de privacidad\",\"isPartOf\":{\"@id\":\"https:\/\/avantges.com\/es\/#website\"},\"datePublished\":\"2024-11-11T16:30:31+00:00\",\"dateModified\":\"2024-11-15T09:47:47+00:00\",\"breadcrumb\":{\"@id\":\"https:\/\/avantges.com\/es\/aviso-legal-2\/#breadcrumb\"},\"inLanguage\":\"es\",\"potentialAction\":[{\"@type\":\"ReadAction\",\"target\":[\"https:\/\/avantges.com\/es\/aviso-legal-2\/\"]}]},{\"@type\":\"BreadcrumbList\",\"@id\":\"https:\/\/avantges.com\/es\/aviso-legal-2\/#breadcrumb\",\"itemListElement\":[{\"@type\":\"ListItem\",\"position\":1,\"name\":\"Inici\",\"item\":\"https:\/\/avantges.com\/es\/\"},{\"@type\":\"ListItem\",\"position\":2,\"name\":\"Pol\u00edtica de privacidad\"}]},{\"@type\":\"WebSite\",\"@id\":\"https:\/\/avantges.com\/es\/#website\",\"url\":\"https:\/\/avantges.com\/es\/\",\"name\":\"avantges\",\"description\":\"Accounting, Payroll and Tax Compliance Services in Spain\",\"publisher\":{\"@id\":\"https:\/\/avantges.com\/es\/#organization\"},\"potentialAction\":[{\"@type\":\"SearchAction\",\"target\":{\"@type\":\"EntryPoint\",\"urlTemplate\":\"https:\/\/avantges.com\/es\/?s={search_term_string}\"},\"query-input\":{\"@type\":\"PropertyValueSpecification\",\"valueRequired\":true,\"valueName\":\"search_term_string\"}}],\"inLanguage\":\"es\"},{\"@type\":\"Organization\",\"@id\":\"https:\/\/avantges.com\/es\/#organization\",\"name\":\"avantges\",\"url\":\"https:\/\/avantges.com\/es\/\",\"logo\":{\"@type\":\"ImageObject\",\"inLanguage\":\"es\",\"@id\":\"https:\/\/avantges.com\/es\/#\/schema\/logo\/image\/\",\"url\":\"https:\/\/avantges.com\/wp-content\/uploads\/2024\/09\/Grupo-213.svg\",\"contentUrl\":\"https:\/\/avantges.com\/wp-content\/uploads\/2024\/09\/Grupo-213.svg\",\"width\":82,\"height\":23,\"caption\":\"avantges\"},\"image\":{\"@id\":\"https:\/\/avantges.com\/es\/#\/schema\/logo\/image\/\"}}]}<\/script>\n<!-- \/ Yoast SEO plugin. -->","yoast_head_json":{"title":"avantges - Pol\u00edtica de privacidad","robots":{"index":"noindex","follow":"nofollow"},"og_locale":"es_ES","og_type":"article","og_title":"avantges - Pol\u00edtica de privacidad","og_description":"1. Algunos de los servicios o aplicaciones ofrecidos a trav\u00e9s del sitio web \u2013en particular, el env\u00edo de Curriculum Vitaes \u2013 requiere la recogida de datos personales. Avantges Outsourcing, S.L. (Avantges) tratar\u00e1 dicha informaci\u00f3n con la m\u00e1xima confidencialidad. En el caso de consultas online, utilizar\u00e1 exclusivamente dicha informaci\u00f3n para responder a su consulta; y en [&hellip;]","og_url":"https:\/\/avantges.com\/es\/aviso-legal-2\/","og_site_name":"avantges","article_modified_time":"2024-11-15T09:47:47+00:00","twitter_card":"summary_large_image","twitter_misc":{"Tiempo de lectura":"2 minutos"},"schema":{"@context":"https:\/\/schema.org","@graph":[{"@type":"WebPage","@id":"https:\/\/avantges.com\/es\/aviso-legal-2\/","url":"https:\/\/avantges.com\/es\/aviso-legal-2\/","name":"avantges - Pol\u00edtica de privacidad","isPartOf":{"@id":"https:\/\/avantges.com\/es\/#website"},"datePublished":"2024-11-11T16:30:31+00:00","dateModified":"2024-11-15T09:47:47+00:00","breadcrumb":{"@id":"https:\/\/avantges.com\/es\/aviso-legal-2\/#breadcrumb"},"inLanguage":"es","potentialAction":[{"@type":"ReadAction","target":["https:\/\/avantges.com\/es\/aviso-legal-2\/"]}]},{"@type":"BreadcrumbList","@id":"https:\/\/avantges.com\/es\/aviso-legal-2\/#breadcrumb","itemListElement":[{"@type":"ListItem","position":1,"name":"Inici","item":"https:\/\/avantges.com\/es\/"},{"@type":"ListItem","position":2,"name":"Pol\u00edtica de privacidad"}]},{"@type":"WebSite","@id":"https:\/\/avantges.com\/es\/#website","url":"https:\/\/avantges.com\/es\/","name":"avantges","description":"Accounting, Payroll and Tax Compliance Services in Spain","publisher":{"@id":"https:\/\/avantges.com\/es\/#organization"},"potentialAction":[{"@type":"SearchAction","target":{"@type":"EntryPoint","urlTemplate":"https:\/\/avantges.com\/es\/?s={search_term_string}"},"query-input":{"@type":"PropertyValueSpecification","valueRequired":true,"valueName":"search_term_string"}}],"inLanguage":"es"},{"@type":"Organization","@id":"https:\/\/avantges.com\/es\/#organization","name":"avantges","url":"https:\/\/avantges.com\/es\/","logo":{"@type":"ImageObject","inLanguage":"es","@id":"https:\/\/avantges.com\/es\/#\/schema\/logo\/image\/","url":"https:\/\/avantges.com\/wp-content\/uploads\/2024\/09\/Grupo-213.svg","contentUrl":"https:\/\/avantges.com\/wp-content\/uploads\/2024\/09\/Grupo-213.svg","width":82,"height":23,"caption":"avantges"},"image":{"@id":"https:\/\/avantges.com\/es\/#\/schema\/logo\/image\/"}}]}},"_links":{"self":[{"href":"https:\/\/avantges.com\/es\/wp-json\/wp\/v2\/pages\/4461","targetHints":{"allow":["GET"]}}],"collection":[{"href":"https:\/\/avantges.com\/es\/wp-json\/wp\/v2\/pages"}],"about":[{"href":"https:\/\/avantges.com\/es\/wp-json\/wp\/v2\/types\/page"}],"author":[{"embeddable":true,"href":"https:\/\/avantges.com\/es\/wp-json\/wp\/v2\/users\/2"}],"replies":[{"embeddable":true,"href":"https:\/\/avantges.com\/es\/wp-json\/wp\/v2\/comments?post=4461"}],"version-history":[{"count":4,"href":"https:\/\/avantges.com\/es\/wp-json\/wp\/v2\/pages\/4461\/revisions"}],"predecessor-version":[{"id":4630,"href":"https:\/\/avantges.com\/es\/wp-json\/wp\/v2\/pages\/4461\/revisions\/4630"}],"wp:attachment":[{"href":"https:\/\/avantges.com\/es\/wp-json\/wp\/v2\/media?parent=4461"}],"curies":[{"name":"wp","href":"https:\/\/api.w.org\/{rel}","templated":true}]}}