{"id":4480,"date":"2024-11-11T17:36:32","date_gmt":"2024-11-11T16:36:32","guid":{"rendered":"https:\/\/avantges.com\/?page_id=4480"},"modified":"2024-11-15T10:47:39","modified_gmt":"2024-11-15T09:47:39","slug":"politica-de-cookies","status":"publish","type":"page","link":"https:\/\/avantges.com\/es\/politica-de-cookies\/","title":{"rendered":"Pol\u00edtica de cookies"},"content":{"rendered":"\t\t<div data-elementor-type=\"wp-page\" data-elementor-id=\"4480\" class=\"elementor elementor-4480 elementor-4479\" data-elementor-post-type=\"page\">\n\t\t\t\t\t\t<section class=\"elementor-section elementor-top-section elementor-element elementor-element-c1a5cbf elementor-section-height-min-height elementor-section-boxed elementor-section-height-default elementor-section-items-middle\" data-id=\"c1a5cbf\" data-element_type=\"section\" data-e-type=\"section\" data-settings=\"{&quot;background_background&quot;:&quot;classic&quot;}\">\n\t\t\t\t\t\t\t<div class=\"elementor-background-overlay\"><\/div>\n\t\t\t\t\t\t\t<div class=\"elementor-container elementor-column-gap-default\">\n\t\t\t\t\t<div class=\"elementor-column elementor-col-100 elementor-top-column elementor-element elementor-element-a07bb1b\" data-id=\"a07bb1b\" data-element_type=\"column\" data-e-type=\"column\">\n\t\t\t<div class=\"elementor-widget-wrap\">\n\t\t\t\t\t\t\t<\/div>\n\t\t<\/div>\n\t\t\t\t\t<\/div>\n\t\t<\/section>\n\t\t\t\t<section class=\"elementor-section elementor-top-section elementor-element elementor-element-7743782 elementor-section-boxed elementor-section-height-default elementor-section-height-default\" data-id=\"7743782\" data-element_type=\"section\" data-e-type=\"section\">\n\t\t\t\t\t\t<div class=\"elementor-container elementor-column-gap-default\">\n\t\t\t\t\t<div class=\"elementor-column elementor-col-100 elementor-top-column elementor-element elementor-element-9760a08\" data-id=\"9760a08\" data-element_type=\"column\" data-e-type=\"column\">\n\t\t\t<div class=\"elementor-widget-wrap elementor-element-populated\">\n\t\t\t\t\t\t<div class=\"elementor-element elementor-element-17c161c elementor-widget elementor-widget-heading\" data-id=\"17c161c\" data-element_type=\"widget\" data-e-type=\"widget\" data-widget_type=\"heading.default\">\n\t\t\t\t<div class=\"elementor-widget-container\">\n\t\t\t\t\t<h1 class=\"elementor-heading-title elementor-size-default\">Pol\u00edtica de cookies<\/h1>\t\t\t\t<\/div>\n\t\t\t\t<\/div>\n\t\t\t\t<div class=\"elementor-element elementor-element-645605b elementor-widget elementor-widget-text-editor\" data-id=\"645605b\" data-element_type=\"widget\" data-e-type=\"widget\" data-widget_type=\"text-editor.default\">\n\t\t\t\t<div class=\"elementor-widget-container\">\n\t\t\t\t\t\t\t\t\t<p style=\"margin: 0px 0px 20px; text-align: justify; color: #000000; font-family: Raleway, Arial, Helvetica, sans-serif; font-size: 14px;\">Nuestro sitio web www.avantges.com (el \u201cSitio web\u201d o \u201cWebsite\u201d), usa tecnolog\u00eda conocida como \u201ccookies\u201d para almacenar informaci\u00f3n sobre el uso del Website.<\/p><h4 style=\"font-family: Raleway, Arial, Helvetica, sans-serif; font-weight: bold; line-height: 1.5em; color: #444444; margin: 0px 0px 0.8em; font-size: 20px; padding: 0px; opacity: 1; visibility: visible; transition: opacity 0.24s ease-in-out;\">Cookies<\/h4><p style=\"margin: 0px 0px 20px; text-align: justify; color: #000000; font-family: Raleway, Arial, Helvetica, sans-serif; font-size: 14px;\">Una cookie es un fichero que se descarga en su ordenador\/tablet\/smartphone al acceder a determinadas p\u00e1ginas web y\/o aplicaciones. Las cookies permiten, entre otras cosas, almacenar y recuperar informaci\u00f3n sobre los h\u00e1bitos de navegaci\u00f3n de un usuario o de su equipo y, dependiendo de la informaci\u00f3n que contengan y de la forma en que utilice su equipo, pueden utilizarse para reconocer al usuario. La informaci\u00f3n almacenada utilizando cookies puede incluir la fecha y hora de las visitas al Website, las p\u00e1ginas visitadas as\u00ed como el tiempo durante el que se ha permanecido en el Website.<\/p><p style=\"margin: 0px 0px 20px; text-align: justify; color: #000000; font-family: Raleway, Arial, Helvetica, sans-serif; font-size: 14px;\">As\u00ed, utilizando cookies podemos facilitar su navegaci\u00f3n a trav\u00e9s del Sitio Web, distinguirle de otros usuarios y proporcionarle una mejor experiencia en el uso del mismo.<\/p><p style=\"margin: 0px 0px 20px; text-align: justify; color: #000000; font-family: Raleway, Arial, Helvetica, sans-serif; font-size: 14px;\">Sentado lo anterior, la presente pol\u00edtica de cookies tiene por finalidad informarle de manera clara y precisa sobre las cookies que se utilizan en nuestro Sitio Web (la \u201cPol\u00edtica de Cookies\u201d).<\/p><h4 style=\"font-family: Raleway, Arial, Helvetica, sans-serif; font-weight: bold; line-height: 1.5em; color: #444444; margin: 0px 0px 0.8em; font-size: 20px; padding: 0px; opacity: 1; visibility: visible; transition: opacity 0.24s ease-in-out;\">Tipos de cookies<\/h4><p style=\"margin: 0px 0px 20px; text-align: justify; color: #000000; font-family: Raleway, Arial, Helvetica, sans-serif; font-size: 14px;\">a) En funci\u00f3n de quien las gestiona:<\/p><p style=\"margin: 0px 0px 20px; text-align: justify; color: #000000; font-family: Raleway, Arial, Helvetica, sans-serif; font-size: 14px;\">Cookies propias: Son aquellas cookies que son enviadas a su ordenador y gestionadas exclusivamente por nosotros para el mejor funcionamiento del Sitio Web. La informaci\u00f3n que recabamos se emplea para mejorar la calidad de nuestro servicio y su experiencia como usuario. Estas cookies permanecen en su navegador m\u00e1s tiempo, permiti\u00e9ndonos reconocerle como visitante recurrente del Sitio Web y adaptar el contenido para ofrecerle contenidos que se ajusten a sus preferencias.<\/p><p style=\"margin: 0px 0px 20px; text-align: justify; color: #000000; font-family: Raleway, Arial, Helvetica, sans-serif; font-size: 14px;\">Cookies de terceros: Son aqu\u00e9llas que se env\u00edan al equipo terminal del usuario desde un equipo o dominio que no es gestionado por Avantges Outsourcing, SL (en adelante, Avantges), sino por otra entidad que trata los datos obtenidos trav\u00e9s de las cookies.<\/p><p style=\"margin: 0px 0px 20px; text-align: justify; color: #000000; font-family: Raleway, Arial, Helvetica, sans-serif; font-size: 14px;\">En nuestro Sitio Web tambi\u00e9n utilizamos el sistema de medici\u00f3n de audiencia Google Analytics, una herramienta de an\u00e1lisis web de Google que nos permite conocer c\u00f3mo interact\u00faan los usuarios de nuestro Sitio Web. A continuaci\u00f3n facilitamos el enlace al sitio web de Google donde puede consultar la descripci\u00f3n del tipo de cookies que utiliza Google Analitycs y su periodo de expiraci\u00f3n:<\/p><p style=\"margin: 0px 0px 20px; text-align: justify; color: #000000; font-family: Raleway, Arial, Helvetica, sans-serif; font-size: 14px;\"><a style=\"background-image: initial; background-position: 0px 0px; background-size: initial; background-repeat: initial; background-attachment: initial; background-origin: initial; background-clip: initial; color: #ef4b39; transition: 0.1s ease-out;\" href=\"https:\/\/developers.google.com\/analytics\/devguides\/collection\/analyticsjs\/cookie-usage?hl=es\">https:\/\/developers.google.com\/analytics\/devguides\/collection\/analyticsjs\/cookie-usage?hl=es<\/a><\/p><p style=\"margin: 0px 0px 20px; text-align: justify; color: #000000; font-family: Raleway, Arial, Helvetica, sans-serif; font-size: 14px;\">b) En funci\u00f3n del plazo que permanecen activadas:<\/p><p style=\"margin: 0px 0px 20px; text-align: justify; color: #000000; font-family: Raleway, Arial, Helvetica, sans-serif; font-size: 14px;\">Cookies de sesi\u00f3n: Son un tipo de cookies dise\u00f1adas para recabar y almacenar datos mientras el usuario accede a nuestra p\u00e1gina web.<\/p><p style=\"margin: 0px 0px 20px; text-align: justify; color: #000000; font-family: Raleway, Arial, Helvetica, sans-serif; font-size: 14px;\">Cookies persistentes: Son un tipo de cookies en el que los datos siguen almacenados en el terminal y pueden ser accedidos y tratados durante un periodo definido por el responsable de la cookie, y que puede ir de unos minutos a varios a\u00f1os.<\/p><p style=\"margin: 0px 0px 20px; text-align: justify; color: #000000; font-family: Raleway, Arial, Helvetica, sans-serif; font-size: 14px;\">c) Seg\u00fan la finalidad para la que se traten:<\/p><p style=\"margin: 0px 0px 20px; text-align: justify; color: #000000; font-family: Raleway, Arial, Helvetica, sans-serif; font-size: 14px;\">Cookies de an\u00e1lisis: Son aqu\u00e9llas que bien tratadas por nosotros o por terceros, nos permiten cuantificar el n\u00famero de usuarios y as\u00ed realizar la medici\u00f3n y an\u00e1lisis estad\u00edstico de la utilizaci\u00f3n que hacen los usuarios del servicio ofertado. Para ello se analiza su navegaci\u00f3n en nuestra p\u00e1gina web o aplicaci\u00f3n con el fin de mejorar la oferta de productos o servicios que le ofrecemos.<\/p><p style=\"margin: 0px 0px 20px; text-align: justify; color: #000000; font-family: Raleway, Arial, Helvetica, sans-serif; font-size: 14px;\">Cookies t\u00e9cnicas: Son aqu\u00e9llas que bien tratadas por nosotros o por terceros, permiten al usuario la navegaci\u00f3n a trav\u00e9s nuestra p\u00e1gina web y la utilizaci\u00f3n de las diferentes opciones o servicios de las mismas, como complementos (plug-in) para intercambiar contenidos sociales, autenticaci\u00f3n o identificaci\u00f3n de usuario o sesiones de reproductor multimedia.<\/p><p style=\"margin: 0px 0px 20px; text-align: justify; color: #000000; font-family: Raleway, Arial, Helvetica, sans-serif; font-size: 14px;\">Cookies de personalizaci\u00f3n: Son aqu\u00e9llas que bien tratadas por nosotros o por terceros, permiten al usuario acceder al servicio con algunas caracter\u00edsticas de car\u00e1cter general predefinidas en funci\u00f3n de una serie de criterios en el terminal del usuario, como el idioma preestablecido en que se muestra la p\u00e1gina web.<\/p><div class=\"cky-audit-table-element\">\u00a0<\/div><h4 style=\"font-family: Raleway, Arial, Helvetica, sans-serif; font-weight: bold; line-height: 1.5em; color: #444444; margin: 0px 0px 0.8em; font-size: 20px; padding: 0px; opacity: 1; visibility: visible; transition: opacity 0.24s ease-in-out;\">Consentimiento<\/h4><p style=\"margin: 0px 0px 20px; text-align: justify; color: #000000; font-family: Raleway, Arial, Helvetica, sans-serif; font-size: 14px;\">Al navegar y continuar en nuestro Sitio Web estar\u00e1 consintiendo el uso de las cookies antes enunciadas, por los plazos se\u00f1alados y en las condiciones contenidas en la presente Pol\u00edtica de Cookies.<\/p><h4 style=\"font-family: Raleway, Arial, Helvetica, sans-serif; font-weight: bold; line-height: 1.5em; color: #444444; margin: 0px 0px 0.8em; font-size: 20px; padding: 0px; opacity: 1; visibility: visible; transition: opacity 0.24s ease-in-out;\">Deshabilitar y bloquear cookies<\/h4><p style=\"margin: 0px 0px 20px; text-align: justify; color: #000000; font-family: Raleway, Arial, Helvetica, sans-serif; font-size: 14px;\">En cualquier caso, le informamos de que dado que las cookies no son necesarias para el uso de nuestro Sitio Web, puede bloquearlas o deshabilitarlas activando la configuraci\u00f3n de su navegador que le permite rechazar la instalaci\u00f3n de todas las cookies o de algunas de ellas. La pr\u00e1ctica mayor\u00eda de los navegadores permiten advertir de la presencia de cookies o rechazarlas autom\u00e1ticamente. Si las rechaza podr\u00e1 seguir usando nuestro Sitio Web, aunque el uso de algunos de sus servicios podr\u00e1 ser limitado y por tanto su experiencia en nuestro Sitio Web menos satisfactoria.<\/p><h4 style=\"font-family: Raleway, Arial, Helvetica, sans-serif; font-weight: bold; line-height: 1.5em; color: #444444; margin: 0px 0px 0.8em; font-size: 20px; padding: 0px; opacity: 1; visibility: visible; transition: opacity 0.24s ease-in-out;\">Retirar su consentimiento<\/h4><p style=\"margin: 0px 0px 20px; text-align: justify; color: #000000; font-family: Raleway, Arial, Helvetica, sans-serif; font-size: 14px;\">Si quisiese retirar en cualquier momento su consentimiento relacionado con la presente Pol\u00edtica de Cookies, deber\u00e1 eliminar las cookies almacenadas en su equipo (ordenador o dispositivo m\u00f3vil) a trav\u00e9s de los ajustes y configuraciones de su navegador de Internet.<\/p><p style=\"margin: 0px 0px 20px; text-align: justify; color: #000000; font-family: Raleway, Arial, Helvetica, sans-serif; font-size: 14px;\">Para m\u00e1s informaci\u00f3n sobre c\u00f3mo eliminar, desactivar o bloquear las cookies, visita: <a style=\"background-image: initial; background-position: 0px 0px; background-size: initial; background-repeat: initial; background-attachment: initial; background-origin: initial; background-clip: initial; color: #ef4b39; transition: 0.1s ease-out;\" href=\"http:\/\/www.aboutcookies.org\/Default.aspx?page=2\">http:\/\/www.aboutcookies.org\/Default.aspx?page=2<\/a><\/p><h4 style=\"font-family: Raleway, Arial, Helvetica, sans-serif; font-weight: bold; line-height: 1.5em; color: #444444; margin: 0px 0px 0.8em; font-size: 20px; padding: 0px; opacity: 1; visibility: visible; transition: opacity 0.24s ease-in-out;\">Cambios en nuestra Pol\u00edtica de Cookies<\/h4><p style=\"margin: 0px 0px 20px; text-align: justify; color: #000000; font-family: Raleway, Arial, Helvetica, sans-serif; font-size: 14px;\">Es posible que actualicemos la Pol\u00edtica de Cookies de nuestro Sitio Web, por ello le recomendamos revisar esta pol\u00edtica cada vez que acceda a nuestro Sitio Web con el objetivo de estar adecuadamente informado sobre c\u00f3mo y para qu\u00e9 usamos las cookies.<\/p><p style=\"margin: 0px 0px 20px; text-align: justify; color: #000000; font-family: Raleway, Arial, Helvetica, sans-serif; font-size: 14px;\">La presente pol\u00edtica de Cookies has sido actualizada por \u00faltima vez el d\u00eda 5 de Enero de 2015.<\/p><h4 style=\"font-family: Raleway, Arial, Helvetica, sans-serif; font-weight: bold; line-height: 1.5em; color: #444444; margin: 0px 0px 0.8em; font-size: 20px; padding: 0px; opacity: 1; visibility: visible; transition: opacity 0.24s ease-in-out;\">Contacto<\/h4><p style=\"margin: 0px 0px 20px; text-align: justify; color: #000000; font-family: Raleway, Arial, Helvetica, sans-serif; font-size: 14px;\">Si tienes alguna duda, comentario o sugerencia sobre la Pol\u00edtica de Cookies, escr\u00edbenos a: <a style=\"background-image: initial; background-position: 0px 0px; background-size: initial; background-repeat: initial; background-attachment: initial; background-origin: initial; background-clip: initial; color: #ef4b39; transition: 0.1s ease-out;\" title=\"info@avantges.com\" href=\"mailto:info@avantges.com\">info@avantges.com.<\/a><\/p>\t\t\t\t\t\t\t\t<\/div>\n\t\t\t\t<\/div>\n\t\t\t\t\t<\/div>\n\t\t<\/div>\n\t\t\t\t\t<\/div>\n\t\t<\/section>\n\t\t\t\t<\/div>\n\t\t","protected":false},"excerpt":{"rendered":"<p>Nuestro sitio web www.avantges.com (el \u201cSitio web\u201d o \u201cWebsite\u201d), usa tecnolog\u00eda conocida como \u201ccookies\u201d para almacenar informaci\u00f3n sobre el uso del Website. Cookies Una cookie es un fichero que se descarga en su ordenador\/tablet\/smartphone al acceder a determinadas p\u00e1ginas web y\/o aplicaciones. Las cookies permiten, entre otras cosas, almacenar y recuperar informaci\u00f3n sobre los h\u00e1bitos [&hellip;]<\/p>\n","protected":false},"author":2,"featured_media":0,"parent":0,"menu_order":0,"comment_status":"closed","ping_status":"closed","template":"","meta":{"_acf_changed":false,"inline_featured_image":false,"footnotes":""},"class_list":["post-4480","page","type-page","status-publish","hentry"],"acf":[],"yoast_head":"<!-- This site is optimized with the Yoast SEO plugin v27.1.1 - https:\/\/yoast.com\/product\/yoast-seo-wordpress\/ -->\n<title>avantges - Pol\u00edtica de cookies<\/title>\n<meta name=\"robots\" content=\"noindex, nofollow\" \/>\n<meta property=\"og:locale\" content=\"es_ES\" \/>\n<meta property=\"og:type\" content=\"article\" \/>\n<meta property=\"og:title\" content=\"avantges - Pol\u00edtica de cookies\" \/>\n<meta property=\"og:description\" content=\"Nuestro sitio web www.avantges.com (el \u201cSitio web\u201d o \u201cWebsite\u201d), usa tecnolog\u00eda conocida como \u201ccookies\u201d para almacenar informaci\u00f3n sobre el uso del Website. Cookies Una cookie es un fichero que se descarga en su ordenador\/tablet\/smartphone al acceder a determinadas p\u00e1ginas web y\/o aplicaciones. Las cookies permiten, entre otras cosas, almacenar y recuperar informaci\u00f3n sobre los h\u00e1bitos [&hellip;]\" \/>\n<meta property=\"og:url\" content=\"https:\/\/avantges.com\/es\/politica-de-cookies\/\" \/>\n<meta property=\"og:site_name\" content=\"avantges\" \/>\n<meta property=\"article:modified_time\" content=\"2024-11-15T09:47:39+00:00\" \/>\n<meta name=\"twitter:card\" content=\"summary_large_image\" \/>\n<meta name=\"twitter:label1\" content=\"Tiempo de lectura\" \/>\n\t<meta name=\"twitter:data1\" content=\"4 minutos\" \/>\n<script type=\"application\/ld+json\" class=\"yoast-schema-graph\">{\"@context\":\"https:\/\/schema.org\",\"@graph\":[{\"@type\":\"WebPage\",\"@id\":\"https:\/\/avantges.com\/es\/politica-de-cookies\/\",\"url\":\"https:\/\/avantges.com\/es\/politica-de-cookies\/\",\"name\":\"avantges - Pol\u00edtica de cookies\",\"isPartOf\":{\"@id\":\"https:\/\/avantges.com\/es\/#website\"},\"datePublished\":\"2024-11-11T16:36:32+00:00\",\"dateModified\":\"2024-11-15T09:47:39+00:00\",\"breadcrumb\":{\"@id\":\"https:\/\/avantges.com\/es\/politica-de-cookies\/#breadcrumb\"},\"inLanguage\":\"es\",\"potentialAction\":[{\"@type\":\"ReadAction\",\"target\":[\"https:\/\/avantges.com\/es\/politica-de-cookies\/\"]}]},{\"@type\":\"BreadcrumbList\",\"@id\":\"https:\/\/avantges.com\/es\/politica-de-cookies\/#breadcrumb\",\"itemListElement\":[{\"@type\":\"ListItem\",\"position\":1,\"name\":\"Inici\",\"item\":\"https:\/\/avantges.com\/es\/\"},{\"@type\":\"ListItem\",\"position\":2,\"name\":\"Pol\u00edtica de cookies\"}]},{\"@type\":\"WebSite\",\"@id\":\"https:\/\/avantges.com\/es\/#website\",\"url\":\"https:\/\/avantges.com\/es\/\",\"name\":\"avantges\",\"description\":\"Accounting, Payroll and Tax Compliance Services in Spain\",\"publisher\":{\"@id\":\"https:\/\/avantges.com\/es\/#organization\"},\"potentialAction\":[{\"@type\":\"SearchAction\",\"target\":{\"@type\":\"EntryPoint\",\"urlTemplate\":\"https:\/\/avantges.com\/es\/?s={search_term_string}\"},\"query-input\":{\"@type\":\"PropertyValueSpecification\",\"valueRequired\":true,\"valueName\":\"search_term_string\"}}],\"inLanguage\":\"es\"},{\"@type\":\"Organization\",\"@id\":\"https:\/\/avantges.com\/es\/#organization\",\"name\":\"avantges\",\"url\":\"https:\/\/avantges.com\/es\/\",\"logo\":{\"@type\":\"ImageObject\",\"inLanguage\":\"es\",\"@id\":\"https:\/\/avantges.com\/es\/#\/schema\/logo\/image\/\",\"url\":\"https:\/\/avantges.com\/wp-content\/uploads\/2024\/09\/Grupo-213.svg\",\"contentUrl\":\"https:\/\/avantges.com\/wp-content\/uploads\/2024\/09\/Grupo-213.svg\",\"width\":82,\"height\":23,\"caption\":\"avantges\"},\"image\":{\"@id\":\"https:\/\/avantges.com\/es\/#\/schema\/logo\/image\/\"}}]}<\/script>\n<!-- \/ Yoast SEO plugin. -->","yoast_head_json":{"title":"avantges - Pol\u00edtica de cookies","robots":{"index":"noindex","follow":"nofollow"},"og_locale":"es_ES","og_type":"article","og_title":"avantges - Pol\u00edtica de cookies","og_description":"Nuestro sitio web www.avantges.com (el \u201cSitio web\u201d o \u201cWebsite\u201d), usa tecnolog\u00eda conocida como \u201ccookies\u201d para almacenar informaci\u00f3n sobre el uso del Website. Cookies Una cookie es un fichero que se descarga en su ordenador\/tablet\/smartphone al acceder a determinadas p\u00e1ginas web y\/o aplicaciones. Las cookies permiten, entre otras cosas, almacenar y recuperar informaci\u00f3n sobre los h\u00e1bitos [&hellip;]","og_url":"https:\/\/avantges.com\/es\/politica-de-cookies\/","og_site_name":"avantges","article_modified_time":"2024-11-15T09:47:39+00:00","twitter_card":"summary_large_image","twitter_misc":{"Tiempo de lectura":"4 minutos"},"schema":{"@context":"https:\/\/schema.org","@graph":[{"@type":"WebPage","@id":"https:\/\/avantges.com\/es\/politica-de-cookies\/","url":"https:\/\/avantges.com\/es\/politica-de-cookies\/","name":"avantges - Pol\u00edtica de cookies","isPartOf":{"@id":"https:\/\/avantges.com\/es\/#website"},"datePublished":"2024-11-11T16:36:32+00:00","dateModified":"2024-11-15T09:47:39+00:00","breadcrumb":{"@id":"https:\/\/avantges.com\/es\/politica-de-cookies\/#breadcrumb"},"inLanguage":"es","potentialAction":[{"@type":"ReadAction","target":["https:\/\/avantges.com\/es\/politica-de-cookies\/"]}]},{"@type":"BreadcrumbList","@id":"https:\/\/avantges.com\/es\/politica-de-cookies\/#breadcrumb","itemListElement":[{"@type":"ListItem","position":1,"name":"Inici","item":"https:\/\/avantges.com\/es\/"},{"@type":"ListItem","position":2,"name":"Pol\u00edtica de cookies"}]},{"@type":"WebSite","@id":"https:\/\/avantges.com\/es\/#website","url":"https:\/\/avantges.com\/es\/","name":"avantges","description":"Accounting, Payroll and Tax Compliance Services in Spain","publisher":{"@id":"https:\/\/avantges.com\/es\/#organization"},"potentialAction":[{"@type":"SearchAction","target":{"@type":"EntryPoint","urlTemplate":"https:\/\/avantges.com\/es\/?s={search_term_string}"},"query-input":{"@type":"PropertyValueSpecification","valueRequired":true,"valueName":"search_term_string"}}],"inLanguage":"es"},{"@type":"Organization","@id":"https:\/\/avantges.com\/es\/#organization","name":"avantges","url":"https:\/\/avantges.com\/es\/","logo":{"@type":"ImageObject","inLanguage":"es","@id":"https:\/\/avantges.com\/es\/#\/schema\/logo\/image\/","url":"https:\/\/avantges.com\/wp-content\/uploads\/2024\/09\/Grupo-213.svg","contentUrl":"https:\/\/avantges.com\/wp-content\/uploads\/2024\/09\/Grupo-213.svg","width":82,"height":23,"caption":"avantges"},"image":{"@id":"https:\/\/avantges.com\/es\/#\/schema\/logo\/image\/"}}]}},"_links":{"self":[{"href":"https:\/\/avantges.com\/es\/wp-json\/wp\/v2\/pages\/4480","targetHints":{"allow":["GET"]}}],"collection":[{"href":"https:\/\/avantges.com\/es\/wp-json\/wp\/v2\/pages"}],"about":[{"href":"https:\/\/avantges.com\/es\/wp-json\/wp\/v2\/types\/page"}],"author":[{"embeddable":true,"href":"https:\/\/avantges.com\/es\/wp-json\/wp\/v2\/users\/2"}],"replies":[{"embeddable":true,"href":"https:\/\/avantges.com\/es\/wp-json\/wp\/v2\/comments?post=4480"}],"version-history":[{"count":5,"href":"https:\/\/avantges.com\/es\/wp-json\/wp\/v2\/pages\/4480\/revisions"}],"predecessor-version":[{"id":4629,"href":"https:\/\/avantges.com\/es\/wp-json\/wp\/v2\/pages\/4480\/revisions\/4629"}],"wp:attachment":[{"href":"https:\/\/avantges.com\/es\/wp-json\/wp\/v2\/media?parent=4480"}],"curies":[{"name":"wp","href":"https:\/\/api.w.org\/{rel}","templated":true}]}}