{"id":3938,"date":"2024-09-30T16:14:01","date_gmt":"2024-09-30T14:14:01","guid":{"rendered":"https:\/\/avantges.com\/qui-nous-sommes\/principes\/"},"modified":"2024-11-19T15:10:24","modified_gmt":"2024-11-19T14:10:24","slug":"principes","status":"publish","type":"page","link":"https:\/\/avantges.com\/fr\/qui-nous-sommes\/principes\/","title":{"rendered":"Principes"},"content":{"rendered":"\t\t<div data-elementor-type=\"wp-page\" data-elementor-id=\"3938\" class=\"elementor elementor-3938 elementor-163\" data-elementor-post-type=\"page\">\n\t\t\t\t\t\t<section class=\"elementor-section elementor-top-section elementor-element elementor-element-5a2eb31 elementor-section-height-min-height elementor-section-boxed elementor-section-height-default elementor-section-items-middle\" data-id=\"5a2eb31\" data-element_type=\"section\" data-e-type=\"section\" data-settings=\"{&quot;background_background&quot;:&quot;video&quot;,&quot;background_video_link&quot;:&quot;https:\\\/\\\/avantges.com\\\/wp-content\\\/uploads\\\/2024\\\/11\\\/valores.mp4&quot;}\">\n\t\t\t\t\t\t\t\t<div class=\"elementor-background-video-container elementor-hidden-mobile\">\n\t\t\t\t\t\t\t\t\t\t\t\t\t<video class=\"elementor-background-video-hosted\" role=\"presentation\" autoplay muted playsinline loop><\/video>\n\t\t\t\t\t\t\t\t\t\t\t<\/div>\n\t\t\t\t\t\t\t\t\t<div class=\"elementor-background-overlay\"><\/div>\n\t\t\t\t\t\t\t<div class=\"elementor-container elementor-column-gap-default\">\n\t\t\t\t\t<div class=\"elementor-column elementor-col-100 elementor-top-column elementor-element elementor-element-4977c7e\" data-id=\"4977c7e\" data-element_type=\"column\" data-e-type=\"column\">\n\t\t\t<div class=\"elementor-widget-wrap elementor-element-populated\">\n\t\t\t\t\t\t<div class=\"elementor-element elementor-element-a4fa5c1 elementor-widget elementor-widget-heading\" data-id=\"a4fa5c1\" data-element_type=\"widget\" data-e-type=\"widget\" data-widget_type=\"heading.default\">\n\t\t\t\t<div class=\"elementor-widget-container\">\n\t\t\t\t\t<h1 class=\"elementor-heading-title elementor-size-default\">Principes<\/h1>\t\t\t\t<\/div>\n\t\t\t\t<\/div>\n\t\t\t\t<div class=\"elementor-element elementor-element-2d39b56 elementor-widget elementor-widget-heading\" data-id=\"2d39b56\" data-element_type=\"widget\" data-e-type=\"widget\" data-widget_type=\"heading.default\">\n\t\t\t\t<div class=\"elementor-widget-container\">\n\t\t\t\t\t<h2 class=\"elementor-heading-title elementor-size-default\">Nous sommes une \u00e9quipe de professionnels comp\u00e9tents qui souhaite devenir le meilleur partenaire de nos clients <\/h2>\t\t\t\t<\/div>\n\t\t\t\t<\/div>\n\t\t\t\t<div class=\"elementor-element elementor-element-8356e53 elementor-align-center elementor-widget elementor-widget-button\" data-id=\"8356e53\" data-element_type=\"widget\" data-e-type=\"widget\" data-widget_type=\"button.default\">\n\t\t\t\t<div class=\"elementor-widget-container\">\n\t\t\t\t\t\t\t\t\t<div class=\"elementor-button-wrapper\">\n\t\t\t\t\t<a class=\"elementor-button elementor-button-link elementor-size-sm\" href=\"https:\/\/avantges.com\/fr\/contact\/\">\n\t\t\t\t\t\t<span class=\"elementor-button-content-wrapper\">\n\t\t\t\t\t\t\t\t\t<span class=\"elementor-button-text\">Contactez-nous<\/span>\n\t\t\t\t\t<\/span>\n\t\t\t\t\t<\/a>\n\t\t\t\t<\/div>\n\t\t\t\t\t\t\t\t<\/div>\n\t\t\t\t<\/div>\n\t\t\t\t\t<\/div>\n\t\t<\/div>\n\t\t\t\t\t<\/div>\n\t\t<\/section>\n\t\t\t\t<section class=\"elementor-section elementor-top-section elementor-element elementor-element-469ea0a elementor-section-full_width elementor-section-height-default elementor-section-height-default elementor-invisible\" data-id=\"469ea0a\" data-element_type=\"section\" data-e-type=\"section\" data-settings=\"{&quot;background_background&quot;:&quot;classic&quot;,&quot;animation&quot;:&quot;slideInUp&quot;}\">\n\t\t\t\t\t\t\t<div class=\"elementor-background-overlay\"><\/div>\n\t\t\t\t\t\t\t<div class=\"elementor-container elementor-column-gap-default\">\n\t\t\t\t\t<div class=\"elementor-column elementor-col-50 elementor-top-column elementor-element elementor-element-9843ed1\" data-id=\"9843ed1\" data-element_type=\"column\" data-e-type=\"column\">\n\t\t\t<div class=\"elementor-widget-wrap elementor-element-populated\">\n\t\t\t\t\t\t<div class=\"elementor-element elementor-element-7360356 elementor-widget elementor-widget-heading\" data-id=\"7360356\" data-element_type=\"widget\" data-e-type=\"widget\" data-widget_type=\"heading.default\">\n\t\t\t\t<div class=\"elementor-widget-container\">\n\t\t\t\t\t<h2 class=\"elementor-heading-title elementor-size-default\">Notre<br>vision <\/h2>\t\t\t\t<\/div>\n\t\t\t\t<\/div>\n\t\t\t\t\t<\/div>\n\t\t<\/div>\n\t\t\t\t<div class=\"elementor-column elementor-col-50 elementor-top-column elementor-element elementor-element-3af3585\" data-id=\"3af3585\" data-element_type=\"column\" data-e-type=\"column\">\n\t\t\t<div class=\"elementor-widget-wrap elementor-element-populated\">\n\t\t\t\t\t\t<div class=\"elementor-element elementor-element-8054eee elementor-widget elementor-widget-text-editor\" data-id=\"8054eee\" data-element_type=\"widget\" data-e-type=\"widget\" data-widget_type=\"text-editor.default\">\n\t\t\t\t<div class=\"elementor-widget-container\">\n\t\t\t\t\t\t\t\t\t<p>Notre vision est d\u2019\u00eatre per\u00e7u par nos clients internationaux comme \u00e9tant le meilleur prestataire de services d\u2019externalisation pour investir ou g\u00e9rer leurs activit\u00e9s en Espagne. Nous nous effor\u00e7ons d\u2019atteindre cet objectif gr\u00e2ce \u00e0 l\u2019innovation, la qualit\u00e9 et l\u2019engagement de services de premi\u00e8re classe.  <\/p>\n\t\t\t\t\t\t\t\t<\/div>\n\t\t\t\t<\/div>\n\t\t\t\t<div class=\"elementor-element elementor-element-1904d1e elementor-widget elementor-widget-text-editor\" data-id=\"1904d1e\" data-element_type=\"widget\" data-e-type=\"widget\" data-widget_type=\"text-editor.default\">\n\t\t\t\t<div class=\"elementor-widget-container\">\n\t\t\t\t\t\t\t\t\t<p>Et pour mat\u00e9rialiser cette vision, nous basons notre activit\u00e9 sur notre \u00e9quipe. Notre but est d\u2019<strong>embaucher les meilleurs professionnels, aussi bien pour leurs comp\u00e9tences, leur int\u00e9grit\u00e9, que pour leur ferme engagement envers nos principes et de nos objectifs.<\/strong><\/p>\n\t\t\t\t\t\t\t\t<\/div>\n\t\t\t\t<\/div>\n\t\t\t\t\t<\/div>\n\t\t<\/div>\n\t\t\t\t\t<\/div>\n\t\t<\/section>\n\t\t\t\t<section class=\"elementor-section elementor-top-section elementor-element elementor-element-39d0110 elementor-section-full_width elementor-section-height-default elementor-section-height-default elementor-invisible\" data-id=\"39d0110\" data-element_type=\"section\" data-e-type=\"section\" data-settings=\"{&quot;background_background&quot;:&quot;classic&quot;,&quot;animation&quot;:&quot;fadeInUp&quot;}\">\n\t\t\t\t\t\t\t<div class=\"elementor-background-overlay\"><\/div>\n\t\t\t\t\t\t\t<div class=\"elementor-container elementor-column-gap-default\">\n\t\t\t\t\t<div class=\"elementor-column elementor-col-50 elementor-top-column elementor-element elementor-element-d7f25e1\" data-id=\"d7f25e1\" data-element_type=\"column\" data-e-type=\"column\">\n\t\t\t<div class=\"elementor-widget-wrap elementor-element-populated\">\n\t\t\t\t\t\t<div class=\"elementor-element elementor-element-7c81c21 elementor-widget elementor-widget-heading\" data-id=\"7c81c21\" data-element_type=\"widget\" data-e-type=\"widget\" data-widget_type=\"heading.default\">\n\t\t\t\t<div class=\"elementor-widget-container\">\n\t\t\t\t\t<h2 class=\"elementor-heading-title elementor-size-default\">Notre<br>mission<\/h2>\t\t\t\t<\/div>\n\t\t\t\t<\/div>\n\t\t\t\t\t<\/div>\n\t\t<\/div>\n\t\t\t\t<div class=\"elementor-column elementor-col-50 elementor-top-column elementor-element elementor-element-bf40a2c\" data-id=\"bf40a2c\" data-element_type=\"column\" data-e-type=\"column\">\n\t\t\t<div class=\"elementor-widget-wrap elementor-element-populated\">\n\t\t\t\t\t\t<div class=\"elementor-element elementor-element-5db551d elementor-widget elementor-widget-text-editor\" data-id=\"5db551d\" data-element_type=\"widget\" data-e-type=\"widget\" data-widget_type=\"text-editor.default\">\n\t\t\t\t<div class=\"elementor-widget-container\">\n\t\t\t\t\t\t\t\t\t<p>En tant que conseillers professionnels, nous aidons nos clients \u00e0 couvrir leurs besoins commerciaux et \u00e0 am\u00e9liorer leur capacit\u00e9 \u00e0 accroitre leur valeur, g\u00e9rer leurs risques et am\u00e9liorer leurs performances.<\/p>\n<p>Nous sommes fiers du fait que nos services d\u2019externalisation ajoutent de la valeur en aidant \u00e0 am\u00e9liorer la transparence, la confiance et la coh\u00e9rence dans les affaires de nos clients.<strong> Leur succ\u00e8s est notre objectif.<\/strong><\/p>\n\t\t\t\t\t\t\t\t<\/div>\n\t\t\t\t<\/div>\n\t\t\t\t\t<\/div>\n\t\t<\/div>\n\t\t\t\t\t<\/div>\n\t\t<\/section>\n\t\t\t\t<section class=\"elementor-section elementor-top-section elementor-element elementor-element-1404eb3 elementor-section-full_width elementor-section-height-default elementor-section-height-default elementor-invisible\" data-id=\"1404eb3\" data-element_type=\"section\" data-e-type=\"section\" data-settings=\"{&quot;background_background&quot;:&quot;classic&quot;,&quot;animation&quot;:&quot;fadeInUp&quot;}\">\n\t\t\t\t\t\t\t<div class=\"elementor-background-overlay\"><\/div>\n\t\t\t\t\t\t\t<div class=\"elementor-container elementor-column-gap-default\">\n\t\t\t\t\t<div class=\"elementor-column elementor-col-50 elementor-top-column elementor-element elementor-element-29e8858\" data-id=\"29e8858\" data-element_type=\"column\" data-e-type=\"column\">\n\t\t\t<div class=\"elementor-widget-wrap elementor-element-populated\">\n\t\t\t\t\t\t<div class=\"elementor-element elementor-element-9472911 elementor-widget elementor-widget-heading\" data-id=\"9472911\" data-element_type=\"widget\" data-e-type=\"widget\" data-widget_type=\"heading.default\">\n\t\t\t\t<div class=\"elementor-widget-container\">\n\t\t\t\t\t<h2 class=\"elementor-heading-title elementor-size-default\">Nos<br>valeurs<\/h2>\t\t\t\t<\/div>\n\t\t\t\t<\/div>\n\t\t\t\t\t<\/div>\n\t\t<\/div>\n\t\t\t\t<div class=\"elementor-column elementor-col-50 elementor-top-column elementor-element elementor-element-432f53c\" data-id=\"432f53c\" data-element_type=\"column\" data-e-type=\"column\">\n\t\t\t<div class=\"elementor-widget-wrap elementor-element-populated\">\n\t\t\t\t\t\t<div class=\"elementor-element elementor-element-9f8d934 elementor-widget elementor-widget-text-editor\" data-id=\"9f8d934\" data-element_type=\"widget\" data-e-type=\"widget\" data-widget_type=\"text-editor.default\">\n\t\t\t\t<div class=\"elementor-widget-container\">\n\t\t\t\t\t\t\t\t\t<div class=\"page-area clearfix\">\n<div class=\"content\">\n<div class=\"mt-section default parallax-no mt-section-2646-1\" data-parallax-speed=\"0.2\">\n<div class=\"container\">\n<div class=\"row\">\n<div class=\"col-md-4 text-justify\">\n<p>Nos <strong>valeurs d\u2019excellence, de travail d\u2019\u00e9quipe, de transparence et d\u2019int\u00e9grit\u00e9 <\/strong>nous aident \u00e0 atteindre nos objectifs et nous fournissent des lignes directrices qui nous permettent d\u2019obtenir des r\u00e9sultats significatifs.<\/p>\n<p>En tant que l\u2019un des principaux cabinets de services professionnels en Espagne, nous savons que nos valeurs sont aussi les ingr\u00e9dients pour une relation de qualit\u00e9 et durable.<\/p>\n<\/div>\n<\/div>\n<\/div>\n<\/div>\n<div class=\"clearfix\"> <\/div>\n<\/div>\n<\/div>\n\t\t\t\t\t\t\t\t<\/div>\n\t\t\t\t<\/div>\n\t\t\t\t\t<\/div>\n\t\t<\/div>\n\t\t\t\t\t<\/div>\n\t\t<\/section>\n\t\t\t\t<section class=\"elementor-section elementor-top-section elementor-element elementor-element-09b6373 elementor-section-boxed elementor-section-height-default elementor-section-height-default\" data-id=\"09b6373\" data-element_type=\"section\" data-e-type=\"section\" data-settings=\"{&quot;background_background&quot;:&quot;classic&quot;}\">\n\t\t\t\t\t\t\t<div class=\"elementor-background-overlay\"><\/div>\n\t\t\t\t\t\t\t<div class=\"elementor-container elementor-column-gap-default\">\n\t\t\t\t\t<div class=\"elementor-column elementor-col-100 elementor-top-column elementor-element elementor-element-b543ce8\" data-id=\"b543ce8\" data-element_type=\"column\" data-e-type=\"column\">\n\t\t\t<div class=\"elementor-widget-wrap elementor-element-populated\">\n\t\t\t\t\t\t\t<\/div>\n\t\t<\/div>\n\t\t\t\t\t<\/div>\n\t\t<\/section>\n\t\t\t\t<\/div>\n\t\t","protected":false},"excerpt":{"rendered":"<p>Nous sommes une \u00e9quipe de professionnels comp\u00e9tents qui souhaite devenir le meilleur partenaire de nos clients Contactez-nous Notrevision Notre vision est d\u2019\u00eatre per\u00e7u par nos clients internationaux comme \u00e9tant le meilleur prestataire de services d\u2019externalisation pour investir ou g\u00e9rer leurs activit\u00e9s en Espagne. Nous nous effor\u00e7ons d\u2019atteindre cet objectif gr\u00e2ce \u00e0 l\u2019innovation, la qualit\u00e9 et [&hellip;]<\/p>\n","protected":false},"author":2,"featured_media":748,"parent":3933,"menu_order":0,"comment_status":"closed","ping_status":"closed","template":"","meta":{"_acf_changed":false,"inline_featured_image":false,"footnotes":""},"class_list":["post-3938","page","type-page","status-publish","has-post-thumbnail","hentry"],"acf":[],"yoast_head":"<!-- This site is optimized with the Yoast SEO plugin v27.1.1 - https:\/\/yoast.com\/product\/yoast-seo-wordpress\/ -->\n<title>avantges - Principes<\/title>\n<meta name=\"robots\" content=\"index, follow, max-snippet:-1, max-image-preview:large, max-video-preview:-1\" \/>\n<link rel=\"canonical\" href=\"https:\/\/avantges.com\/fr\/qui-nous-sommes\/principes\/\" \/>\n<meta property=\"og:locale\" content=\"fr_FR\" \/>\n<meta property=\"og:type\" content=\"article\" \/>\n<meta property=\"og:title\" content=\"avantges - Principes\" \/>\n<meta property=\"og:description\" content=\"Nous sommes une \u00e9quipe de professionnels comp\u00e9tents qui souhaite devenir le meilleur partenaire de nos clients Contactez-nous Notrevision Notre vision est d\u2019\u00eatre per\u00e7u par nos clients internationaux comme \u00e9tant le meilleur prestataire de services d\u2019externalisation pour investir ou g\u00e9rer leurs activit\u00e9s en Espagne. Nous nous effor\u00e7ons d\u2019atteindre cet objectif gr\u00e2ce \u00e0 l\u2019innovation, la qualit\u00e9 et [&hellip;]\" \/>\n<meta property=\"og:url\" content=\"https:\/\/avantges.com\/fr\/qui-nous-sommes\/principes\/\" \/>\n<meta property=\"og:site_name\" content=\"avantges\" \/>\n<meta property=\"article:modified_time\" content=\"2024-11-19T14:10:24+00:00\" \/>\n<meta property=\"og:image\" content=\"https:\/\/avantges.com\/wp-content\/uploads\/2024\/09\/avantges-valores.webp\" \/>\n\t<meta property=\"og:image:width\" content=\"1920\" \/>\n\t<meta property=\"og:image:height\" content=\"750\" \/>\n\t<meta property=\"og:image:type\" content=\"image\/webp\" \/>\n<meta name=\"twitter:card\" content=\"summary_large_image\" \/>\n<meta name=\"twitter:label1\" content=\"Dur\u00e9e de lecture estim\u00e9e\" \/>\n\t<meta name=\"twitter:data1\" content=\"2 minutes\" \/>\n<script type=\"application\/ld+json\" class=\"yoast-schema-graph\">{\"@context\":\"https:\/\/schema.org\",\"@graph\":[{\"@type\":\"WebPage\",\"@id\":\"https:\/\/avantges.com\/fr\/qui-nous-sommes\/principes\/\",\"url\":\"https:\/\/avantges.com\/fr\/qui-nous-sommes\/principes\/\",\"name\":\"avantges - Principes\",\"isPartOf\":{\"@id\":\"https:\/\/avantges.com\/fr\/#website\"},\"primaryImageOfPage\":{\"@id\":\"https:\/\/avantges.com\/fr\/qui-nous-sommes\/principes\/#primaryimage\"},\"image\":{\"@id\":\"https:\/\/avantges.com\/fr\/qui-nous-sommes\/principes\/#primaryimage\"},\"thumbnailUrl\":\"https:\/\/avantges.com\/wp-content\/uploads\/2024\/09\/avantges-valores.webp\",\"datePublished\":\"2024-09-30T14:14:01+00:00\",\"dateModified\":\"2024-11-19T14:10:24+00:00\",\"breadcrumb\":{\"@id\":\"https:\/\/avantges.com\/fr\/qui-nous-sommes\/principes\/#breadcrumb\"},\"inLanguage\":\"fr-FR\",\"potentialAction\":[{\"@type\":\"ReadAction\",\"target\":[\"https:\/\/avantges.com\/fr\/qui-nous-sommes\/principes\/\"]}]},{\"@type\":\"ImageObject\",\"inLanguage\":\"fr-FR\",\"@id\":\"https:\/\/avantges.com\/fr\/qui-nous-sommes\/principes\/#primaryimage\",\"url\":\"https:\/\/avantges.com\/wp-content\/uploads\/2024\/09\/avantges-valores.webp\",\"contentUrl\":\"https:\/\/avantges.com\/wp-content\/uploads\/2024\/09\/avantges-valores.webp\",\"width\":1920,\"height\":750},{\"@type\":\"BreadcrumbList\",\"@id\":\"https:\/\/avantges.com\/fr\/qui-nous-sommes\/principes\/#breadcrumb\",\"itemListElement\":[{\"@type\":\"ListItem\",\"position\":1,\"name\":\"Inici\",\"item\":\"https:\/\/avantges.com\/fr\/\"},{\"@type\":\"ListItem\",\"position\":2,\"name\":\"Qui nous sommes\",\"item\":\"https:\/\/avantges.com\/fr\/qui-nous-sommes\/\"},{\"@type\":\"ListItem\",\"position\":3,\"name\":\"Principes\"}]},{\"@type\":\"WebSite\",\"@id\":\"https:\/\/avantges.com\/fr\/#website\",\"url\":\"https:\/\/avantges.com\/fr\/\",\"name\":\"avantges\",\"description\":\"Accounting, Payroll and Tax Compliance Services in Spain\",\"publisher\":{\"@id\":\"https:\/\/avantges.com\/fr\/#organization\"},\"potentialAction\":[{\"@type\":\"SearchAction\",\"target\":{\"@type\":\"EntryPoint\",\"urlTemplate\":\"https:\/\/avantges.com\/fr\/?s={search_term_string}\"},\"query-input\":{\"@type\":\"PropertyValueSpecification\",\"valueRequired\":true,\"valueName\":\"search_term_string\"}}],\"inLanguage\":\"fr-FR\"},{\"@type\":\"Organization\",\"@id\":\"https:\/\/avantges.com\/fr\/#organization\",\"name\":\"avantges\",\"url\":\"https:\/\/avantges.com\/fr\/\",\"logo\":{\"@type\":\"ImageObject\",\"inLanguage\":\"fr-FR\",\"@id\":\"https:\/\/avantges.com\/fr\/#\/schema\/logo\/image\/\",\"url\":\"https:\/\/avantges.com\/wp-content\/uploads\/2024\/09\/Grupo-213.svg\",\"contentUrl\":\"https:\/\/avantges.com\/wp-content\/uploads\/2024\/09\/Grupo-213.svg\",\"width\":82,\"height\":23,\"caption\":\"avantges\"},\"image\":{\"@id\":\"https:\/\/avantges.com\/fr\/#\/schema\/logo\/image\/\"}}]}<\/script>\n<!-- \/ Yoast SEO plugin. -->","yoast_head_json":{"title":"avantges - Principes","robots":{"index":"index","follow":"follow","max-snippet":"max-snippet:-1","max-image-preview":"max-image-preview:large","max-video-preview":"max-video-preview:-1"},"canonical":"https:\/\/avantges.com\/fr\/qui-nous-sommes\/principes\/","og_locale":"fr_FR","og_type":"article","og_title":"avantges - Principes","og_description":"Nous sommes une \u00e9quipe de professionnels comp\u00e9tents qui souhaite devenir le meilleur partenaire de nos clients Contactez-nous Notrevision Notre vision est d\u2019\u00eatre per\u00e7u par nos clients internationaux comme \u00e9tant le meilleur prestataire de services d\u2019externalisation pour investir ou g\u00e9rer leurs activit\u00e9s en Espagne. Nous nous effor\u00e7ons d\u2019atteindre cet objectif gr\u00e2ce \u00e0 l\u2019innovation, la qualit\u00e9 et [&hellip;]","og_url":"https:\/\/avantges.com\/fr\/qui-nous-sommes\/principes\/","og_site_name":"avantges","article_modified_time":"2024-11-19T14:10:24+00:00","og_image":[{"width":1920,"height":750,"url":"https:\/\/avantges.com\/wp-content\/uploads\/2024\/09\/avantges-valores.webp","type":"image\/webp"}],"twitter_card":"summary_large_image","twitter_misc":{"Dur\u00e9e de lecture estim\u00e9e":"2 minutes"},"schema":{"@context":"https:\/\/schema.org","@graph":[{"@type":"WebPage","@id":"https:\/\/avantges.com\/fr\/qui-nous-sommes\/principes\/","url":"https:\/\/avantges.com\/fr\/qui-nous-sommes\/principes\/","name":"avantges - Principes","isPartOf":{"@id":"https:\/\/avantges.com\/fr\/#website"},"primaryImageOfPage":{"@id":"https:\/\/avantges.com\/fr\/qui-nous-sommes\/principes\/#primaryimage"},"image":{"@id":"https:\/\/avantges.com\/fr\/qui-nous-sommes\/principes\/#primaryimage"},"thumbnailUrl":"https:\/\/avantges.com\/wp-content\/uploads\/2024\/09\/avantges-valores.webp","datePublished":"2024-09-30T14:14:01+00:00","dateModified":"2024-11-19T14:10:24+00:00","breadcrumb":{"@id":"https:\/\/avantges.com\/fr\/qui-nous-sommes\/principes\/#breadcrumb"},"inLanguage":"fr-FR","potentialAction":[{"@type":"ReadAction","target":["https:\/\/avantges.com\/fr\/qui-nous-sommes\/principes\/"]}]},{"@type":"ImageObject","inLanguage":"fr-FR","@id":"https:\/\/avantges.com\/fr\/qui-nous-sommes\/principes\/#primaryimage","url":"https:\/\/avantges.com\/wp-content\/uploads\/2024\/09\/avantges-valores.webp","contentUrl":"https:\/\/avantges.com\/wp-content\/uploads\/2024\/09\/avantges-valores.webp","width":1920,"height":750},{"@type":"BreadcrumbList","@id":"https:\/\/avantges.com\/fr\/qui-nous-sommes\/principes\/#breadcrumb","itemListElement":[{"@type":"ListItem","position":1,"name":"Inici","item":"https:\/\/avantges.com\/fr\/"},{"@type":"ListItem","position":2,"name":"Qui nous sommes","item":"https:\/\/avantges.com\/fr\/qui-nous-sommes\/"},{"@type":"ListItem","position":3,"name":"Principes"}]},{"@type":"WebSite","@id":"https:\/\/avantges.com\/fr\/#website","url":"https:\/\/avantges.com\/fr\/","name":"avantges","description":"Accounting, Payroll and Tax Compliance Services in Spain","publisher":{"@id":"https:\/\/avantges.com\/fr\/#organization"},"potentialAction":[{"@type":"SearchAction","target":{"@type":"EntryPoint","urlTemplate":"https:\/\/avantges.com\/fr\/?s={search_term_string}"},"query-input":{"@type":"PropertyValueSpecification","valueRequired":true,"valueName":"search_term_string"}}],"inLanguage":"fr-FR"},{"@type":"Organization","@id":"https:\/\/avantges.com\/fr\/#organization","name":"avantges","url":"https:\/\/avantges.com\/fr\/","logo":{"@type":"ImageObject","inLanguage":"fr-FR","@id":"https:\/\/avantges.com\/fr\/#\/schema\/logo\/image\/","url":"https:\/\/avantges.com\/wp-content\/uploads\/2024\/09\/Grupo-213.svg","contentUrl":"https:\/\/avantges.com\/wp-content\/uploads\/2024\/09\/Grupo-213.svg","width":82,"height":23,"caption":"avantges"},"image":{"@id":"https:\/\/avantges.com\/fr\/#\/schema\/logo\/image\/"}}]}},"_links":{"self":[{"href":"https:\/\/avantges.com\/fr\/wp-json\/wp\/v2\/pages\/3938","targetHints":{"allow":["GET"]}}],"collection":[{"href":"https:\/\/avantges.com\/fr\/wp-json\/wp\/v2\/pages"}],"about":[{"href":"https:\/\/avantges.com\/fr\/wp-json\/wp\/v2\/types\/page"}],"author":[{"embeddable":true,"href":"https:\/\/avantges.com\/fr\/wp-json\/wp\/v2\/users\/2"}],"replies":[{"embeddable":true,"href":"https:\/\/avantges.com\/fr\/wp-json\/wp\/v2\/comments?post=3938"}],"version-history":[{"count":5,"href":"https:\/\/avantges.com\/fr\/wp-json\/wp\/v2\/pages\/3938\/revisions"}],"predecessor-version":[{"id":4712,"href":"https:\/\/avantges.com\/fr\/wp-json\/wp\/v2\/pages\/3938\/revisions\/4712"}],"up":[{"embeddable":true,"href":"https:\/\/avantges.com\/fr\/wp-json\/wp\/v2\/pages\/3933"}],"wp:featuredmedia":[{"embeddable":true,"href":"https:\/\/avantges.com\/fr\/wp-json\/wp\/v2\/media\/748"}],"wp:attachment":[{"href":"https:\/\/avantges.com\/fr\/wp-json\/wp\/v2\/media?parent=3938"}],"curies":[{"name":"wp","href":"https:\/\/api.w.org\/{rel}","templated":true}]}}