{"id":4458,"date":"2024-11-11T16:48:52","date_gmt":"2024-11-11T15:48:52","guid":{"rendered":"https:\/\/avantges.com\/mentions-legales\/"},"modified":"2024-11-15T10:39:43","modified_gmt":"2024-11-15T09:39:43","slug":"mentions-legales","status":"publish","type":"page","link":"https:\/\/avantges.com\/fr\/mentions-legales\/","title":{"rendered":"Mentions l\u00e9gales"},"content":{"rendered":"\t\t<div data-elementor-type=\"wp-page\" data-elementor-id=\"4458\" class=\"elementor elementor-4458 elementor-4448\" data-elementor-post-type=\"page\">\n\t\t\t\t\t\t<section class=\"elementor-section elementor-top-section elementor-element elementor-element-c1a5cbf elementor-section-height-min-height elementor-section-boxed elementor-section-height-default elementor-section-items-middle\" data-id=\"c1a5cbf\" data-element_type=\"section\" data-e-type=\"section\" data-settings=\"{&quot;background_background&quot;:&quot;classic&quot;}\">\n\t\t\t\t\t\t\t<div class=\"elementor-background-overlay\"><\/div>\n\t\t\t\t\t\t\t<div class=\"elementor-container elementor-column-gap-default\">\n\t\t\t\t\t<div class=\"elementor-column elementor-col-100 elementor-top-column elementor-element elementor-element-a07bb1b\" data-id=\"a07bb1b\" data-element_type=\"column\" data-e-type=\"column\">\n\t\t\t<div class=\"elementor-widget-wrap\">\n\t\t\t\t\t\t\t<\/div>\n\t\t<\/div>\n\t\t\t\t\t<\/div>\n\t\t<\/section>\n\t\t\t\t<section class=\"elementor-section elementor-top-section elementor-element elementor-element-7743782 elementor-section-boxed elementor-section-height-default elementor-section-height-default\" data-id=\"7743782\" data-element_type=\"section\" data-e-type=\"section\">\n\t\t\t\t\t\t<div class=\"elementor-container elementor-column-gap-default\">\n\t\t\t\t\t<div class=\"elementor-column elementor-col-100 elementor-top-column elementor-element elementor-element-9760a08\" data-id=\"9760a08\" data-element_type=\"column\" data-e-type=\"column\">\n\t\t\t<div class=\"elementor-widget-wrap elementor-element-populated\">\n\t\t\t\t\t\t<div class=\"elementor-element elementor-element-17c161c elementor-widget elementor-widget-heading\" data-id=\"17c161c\" data-element_type=\"widget\" data-e-type=\"widget\" data-widget_type=\"heading.default\">\n\t\t\t\t<div class=\"elementor-widget-container\">\n\t\t\t\t\t<h1 class=\"elementor-heading-title elementor-size-default\">Mentions l\u00e9gales<\/h1>\t\t\t\t<\/div>\n\t\t\t\t<\/div>\n\t\t\t\t<div class=\"elementor-element elementor-element-645605b elementor-widget elementor-widget-text-editor\" data-id=\"645605b\" data-element_type=\"widget\" data-e-type=\"widget\" data-widget_type=\"text-editor.default\">\n\t\t\t\t<div class=\"elementor-widget-container\">\n\t\t\t\t\t\t\t\t\t<h4>SITE D\u2019AVANTGES OUTSOURCING S.L. : CONDITIONS D\u2019UTILISATION<\/h4>\n<p>Le pr\u00e9sent Site web est \u00e9dit\u00e9 par Avantges Outsourcing, SL, situ\u00e9 \u00e0 Av. Diagonal, 453 bis, 4\u00aa \u00e9tage \u2013 08036 Barcelone, titulaire du num\u00e9ro d\u2019identification fiscale (NIF), ESB66347469. Immatricul\u00e9e au Registre du commerce de Barcelone : Volume 4451, Folio 139, Page n\u00ba B-456412.   <\/p>\n<p>L\u2019utilisation du pr\u00e9sent Site web est sujette aux conditions suivantes. Merci de les lire avec attention. L\u2019acc\u00e8s \u00e0 ce Site et \u00e0 son contenu sous-entend que vous avez lu et approuv\u00e9 les conditions d\u2019utilisation r\u00e9dig\u00e9es ci-apr\u00e8s.  <\/p>\n<p>L\u2019utilisation de certains contenus ou services de ce Site web peut \u00eatre sujette \u00e0 des conditions sp\u00e9ciales d\u2019utilisation (ex : L\u2019acc\u00e8s au Service Clients). L\u2019utilisation de ces services implique l\u2019acceptation desdites conditions. <\/p>\n<p>1. Conditions d\u2019utilisation<\/p>\n<p>1.1 Les informations disponibles sur ce Site sont de nature g\u00e9n\u00e9rale, elles ne sont pas adapt\u00e9es \u00e0 des circonstances personnelles ou sp\u00e9cifiques, et peuvent ne pas \u00eatre actualis\u00e9es aux derni\u00e8res modifications l\u00e9gales. Par cons\u00e9quent, vous ne pouvez pas les consid\u00e9rer comme un conseil personnel ou professionnel. L\u2019acc\u00e8s \u00e0 ces informations n\u2019implique pas l\u2019existence d\u2019une relation professionnelle avec Avantges. Vous ne devez pas prendre de d\u00e9cisions, ni agir en fonction des informations contenues dans ce site, sans avoir au pr\u00e9alable re\u00e7u un conseil juridique personnalis\u00e9. Par ailleurs, vous ne devez envoyer aucune information confidentielle \u00e0 Avantges, sans avoir au pr\u00e9alable consult\u00e9 l\u2019un de nos professionnels et re\u00e7u de leur part l\u2019autorisation pour le faire.    <\/p>\n<p>1.2 Ce Site peut contenir des liens vers d\u2019autres sites ou pages web g\u00e9r\u00e9es par des tiers, sur lesquels Avantges n\u2019exerce aucun contr\u00f4le. L\u2019acc\u00e8s vers ces sites ou pages web via ce Site ne signifie donc pas qu\u2019Avantges recommande ou approuve leur contenu. <\/p>\n<p>2. Limitation de responsabilit\u00e9<\/p>\n<p>2.1 Vous utilisez ce Site \u00e0 vos propres risques et p\u00e9rils. Avantges, ses partenaires, collaborateurs, employ\u00e9s ou repr\u00e9sentants n\u2019assumeront aucune responsabilit\u00e9 pour une quelconque erreur ou omission dans le contenu de Site ou tout autre contenu accessible via ce Site. De m\u00eame, Avantges, ses partenaires, collaborateurs, employ\u00e9s ou repr\u00e9sentants n\u2019assumeront aucune responsabilit\u00e9 pour le moindre dommage ayant trait \u00e0 l\u2019utilisation de ce Site ou de toute autre action li\u00e9e \u00e0 l\u2019information disponible sur ou via ce Site.  <\/p>\n<p>2.2 Avantges ne garantit pas que ce Site sera exempt de virus, ou de tout autre \u00e9l\u00e9ment qui pourrait endommager ou modifier votre syst\u00e8me informatique, ou vos documents ou dossiers \u00e9lectroniques. Par cons\u00e9quent, notre cabinet n\u2019assumera aucune responsabilit\u00e9 pour les dommages que pourraient causer ces \u00e9l\u00e9ments \u00e0 vous-m\u00eame ou \u00e0 un tiers. <\/p>\n<p>3. Propri\u00e9t\u00e9 intellectuelle ou industrielle<br \/>Le Site, et chacun des \u00e9l\u00e9ments qui le compose, et notamment les textes, photographies, images, ic\u00f4nes, illustrations, programmes informatiques, technologie, liens ou tout autre contenu audiovisuel, ainsi que sa conception graphique et son code source (le \u00ab Contenu \u00bb) sont la propri\u00e9t\u00e9 intellectuelle exclusive d\u2019Avantges ou de tierces personnes, et aucun droit d\u2019exploitation reconnue par la Loi de propri\u00e9t\u00e9 intellectuelle en vigueur n\u2019est transf\u00e9r\u00e9 \u00e0 l\u2019Utilisateur, \u00e0 l\u2019exception des droits d\u2019usage li\u00e9s au Contenu qui sont strictement n\u00e9cessaires \u00e0 l\u2019utilisation de ce Site.<br \/>Les noms commerciaux, marques ou tout autre signe distinctif sont la propri\u00e9t\u00e9 intellectuelle d\u2019Avantges ou de tierces personnes, et l\u2019acc\u00e8s \u00e0 ce Site n\u2019emporte aucune cession d\u2019aucune sorte de droits de propri\u00e9t\u00e9 intellectuelle sur ces noms commerciaux, marques et\/ou autre signe distinctif.<\/p>\n<p>4. Lutte contre le blanchiment de capitaux<br \/>En application de la Loi 10\/2010, de 28 de abril, de prevenci\u00f3n del blanqueo de capitales y de la financiaci\u00f3n del terrorismo et du D\u00e9cret royal 304\/2014, de 5 de mayo, lors de la prestation de certains services (tels que par exemple, la domiciliation dans nos locaux) nous sommes tenus l\u00e9galement d\u2019identifier nos clients (personnes physiques et morales). Et ce, afin de respecter les exigences l\u00e9gales concernant la lutte contre le blanchiment de capitaux. En ce sens, vous pourriez \u00eatre tenu de nous fournir une pi\u00e8ce d\u2019identit\u00e9 ou de domiciliation, parmi d\u2019autres mesures.  <\/p>\n<p>5. L\u00e9gislation<br \/>Chaque disposition du pr\u00e9sent avis juridique est r\u00e9gie par le droit espagnol.<\/p>\n\t\t\t\t\t\t\t\t<\/div>\n\t\t\t\t<\/div>\n\t\t\t\t\t<\/div>\n\t\t<\/div>\n\t\t\t\t\t<\/div>\n\t\t<\/section>\n\t\t\t\t<\/div>\n\t\t","protected":false},"excerpt":{"rendered":"<p>SITE D\u2019AVANTGES OUTSOURCING S.L. : CONDITIONS D\u2019UTILISATION Le pr\u00e9sent Site web est \u00e9dit\u00e9 par Avantges Outsourcing, SL, situ\u00e9 \u00e0 Av. Diagonal, 453 bis, 4\u00aa \u00e9tage \u2013 08036 Barcelone, titulaire du num\u00e9ro d\u2019identification fiscale (NIF), ESB66347469. Immatricul\u00e9e au Registre du commerce de Barcelone : Volume 4451, Folio 139, Page n\u00ba B-456412. L\u2019utilisation du pr\u00e9sent Site web [&hellip;]<\/p>\n","protected":false},"author":2,"featured_media":0,"parent":0,"menu_order":0,"comment_status":"closed","ping_status":"closed","template":"","meta":{"_acf_changed":false,"inline_featured_image":false,"footnotes":""},"class_list":["post-4458","page","type-page","status-publish","hentry"],"acf":[],"yoast_head":"<!-- This site is optimized with the Yoast SEO plugin v27.1.1 - https:\/\/yoast.com\/product\/yoast-seo-wordpress\/ -->\n<title>avantges - Mentions l\u00e9gales<\/title>\n<meta name=\"robots\" content=\"noindex, nofollow\" \/>\n<meta property=\"og:locale\" content=\"fr_FR\" \/>\n<meta property=\"og:type\" content=\"article\" \/>\n<meta property=\"og:title\" content=\"avantges - Mentions l\u00e9gales\" \/>\n<meta property=\"og:description\" content=\"SITE D\u2019AVANTGES OUTSOURCING S.L. : CONDITIONS D\u2019UTILISATION Le pr\u00e9sent Site web est \u00e9dit\u00e9 par Avantges Outsourcing, SL, situ\u00e9 \u00e0 Av. Diagonal, 453 bis, 4\u00aa \u00e9tage \u2013 08036 Barcelone, titulaire du num\u00e9ro d\u2019identification fiscale (NIF), ESB66347469. Immatricul\u00e9e au Registre du commerce de Barcelone : Volume 4451, Folio 139, Page n\u00ba B-456412. L\u2019utilisation du pr\u00e9sent Site web [&hellip;]\" \/>\n<meta property=\"og:url\" content=\"https:\/\/avantges.com\/fr\/mentions-legales\/\" \/>\n<meta property=\"og:site_name\" content=\"avantges\" \/>\n<meta property=\"article:modified_time\" content=\"2024-11-15T09:39:43+00:00\" \/>\n<meta name=\"twitter:card\" content=\"summary_large_image\" \/>\n<meta name=\"twitter:label1\" content=\"Dur\u00e9e de lecture estim\u00e9e\" \/>\n\t<meta name=\"twitter:data1\" content=\"4 minutes\" \/>\n<script type=\"application\/ld+json\" class=\"yoast-schema-graph\">{\"@context\":\"https:\/\/schema.org\",\"@graph\":[{\"@type\":\"WebPage\",\"@id\":\"https:\/\/avantges.com\/fr\/mentions-legales\/\",\"url\":\"https:\/\/avantges.com\/fr\/mentions-legales\/\",\"name\":\"avantges - Mentions l\u00e9gales\",\"isPartOf\":{\"@id\":\"https:\/\/avantges.com\/fr\/#website\"},\"datePublished\":\"2024-11-11T15:48:52+00:00\",\"dateModified\":\"2024-11-15T09:39:43+00:00\",\"breadcrumb\":{\"@id\":\"https:\/\/avantges.com\/fr\/mentions-legales\/#breadcrumb\"},\"inLanguage\":\"fr-FR\",\"potentialAction\":[{\"@type\":\"ReadAction\",\"target\":[\"https:\/\/avantges.com\/fr\/mentions-legales\/\"]}]},{\"@type\":\"BreadcrumbList\",\"@id\":\"https:\/\/avantges.com\/fr\/mentions-legales\/#breadcrumb\",\"itemListElement\":[{\"@type\":\"ListItem\",\"position\":1,\"name\":\"Inici\",\"item\":\"https:\/\/avantges.com\/fr\/\"},{\"@type\":\"ListItem\",\"position\":2,\"name\":\"Mentions l\u00e9gales\"}]},{\"@type\":\"WebSite\",\"@id\":\"https:\/\/avantges.com\/fr\/#website\",\"url\":\"https:\/\/avantges.com\/fr\/\",\"name\":\"avantges\",\"description\":\"Accounting, Payroll and Tax Compliance Services in Spain\",\"publisher\":{\"@id\":\"https:\/\/avantges.com\/fr\/#organization\"},\"potentialAction\":[{\"@type\":\"SearchAction\",\"target\":{\"@type\":\"EntryPoint\",\"urlTemplate\":\"https:\/\/avantges.com\/fr\/?s={search_term_string}\"},\"query-input\":{\"@type\":\"PropertyValueSpecification\",\"valueRequired\":true,\"valueName\":\"search_term_string\"}}],\"inLanguage\":\"fr-FR\"},{\"@type\":\"Organization\",\"@id\":\"https:\/\/avantges.com\/fr\/#organization\",\"name\":\"avantges\",\"url\":\"https:\/\/avantges.com\/fr\/\",\"logo\":{\"@type\":\"ImageObject\",\"inLanguage\":\"fr-FR\",\"@id\":\"https:\/\/avantges.com\/fr\/#\/schema\/logo\/image\/\",\"url\":\"https:\/\/avantges.com\/wp-content\/uploads\/2024\/09\/Grupo-213.svg\",\"contentUrl\":\"https:\/\/avantges.com\/wp-content\/uploads\/2024\/09\/Grupo-213.svg\",\"width\":82,\"height\":23,\"caption\":\"avantges\"},\"image\":{\"@id\":\"https:\/\/avantges.com\/fr\/#\/schema\/logo\/image\/\"}}]}<\/script>\n<!-- \/ Yoast SEO plugin. -->","yoast_head_json":{"title":"avantges - Mentions l\u00e9gales","robots":{"index":"noindex","follow":"nofollow"},"og_locale":"fr_FR","og_type":"article","og_title":"avantges - Mentions l\u00e9gales","og_description":"SITE D\u2019AVANTGES OUTSOURCING S.L. : CONDITIONS D\u2019UTILISATION Le pr\u00e9sent Site web est \u00e9dit\u00e9 par Avantges Outsourcing, SL, situ\u00e9 \u00e0 Av. Diagonal, 453 bis, 4\u00aa \u00e9tage \u2013 08036 Barcelone, titulaire du num\u00e9ro d\u2019identification fiscale (NIF), ESB66347469. Immatricul\u00e9e au Registre du commerce de Barcelone : Volume 4451, Folio 139, Page n\u00ba B-456412. L\u2019utilisation du pr\u00e9sent Site web [&hellip;]","og_url":"https:\/\/avantges.com\/fr\/mentions-legales\/","og_site_name":"avantges","article_modified_time":"2024-11-15T09:39:43+00:00","twitter_card":"summary_large_image","twitter_misc":{"Dur\u00e9e de lecture estim\u00e9e":"4 minutes"},"schema":{"@context":"https:\/\/schema.org","@graph":[{"@type":"WebPage","@id":"https:\/\/avantges.com\/fr\/mentions-legales\/","url":"https:\/\/avantges.com\/fr\/mentions-legales\/","name":"avantges - Mentions l\u00e9gales","isPartOf":{"@id":"https:\/\/avantges.com\/fr\/#website"},"datePublished":"2024-11-11T15:48:52+00:00","dateModified":"2024-11-15T09:39:43+00:00","breadcrumb":{"@id":"https:\/\/avantges.com\/fr\/mentions-legales\/#breadcrumb"},"inLanguage":"fr-FR","potentialAction":[{"@type":"ReadAction","target":["https:\/\/avantges.com\/fr\/mentions-legales\/"]}]},{"@type":"BreadcrumbList","@id":"https:\/\/avantges.com\/fr\/mentions-legales\/#breadcrumb","itemListElement":[{"@type":"ListItem","position":1,"name":"Inici","item":"https:\/\/avantges.com\/fr\/"},{"@type":"ListItem","position":2,"name":"Mentions l\u00e9gales"}]},{"@type":"WebSite","@id":"https:\/\/avantges.com\/fr\/#website","url":"https:\/\/avantges.com\/fr\/","name":"avantges","description":"Accounting, Payroll and Tax Compliance Services in Spain","publisher":{"@id":"https:\/\/avantges.com\/fr\/#organization"},"potentialAction":[{"@type":"SearchAction","target":{"@type":"EntryPoint","urlTemplate":"https:\/\/avantges.com\/fr\/?s={search_term_string}"},"query-input":{"@type":"PropertyValueSpecification","valueRequired":true,"valueName":"search_term_string"}}],"inLanguage":"fr-FR"},{"@type":"Organization","@id":"https:\/\/avantges.com\/fr\/#organization","name":"avantges","url":"https:\/\/avantges.com\/fr\/","logo":{"@type":"ImageObject","inLanguage":"fr-FR","@id":"https:\/\/avantges.com\/fr\/#\/schema\/logo\/image\/","url":"https:\/\/avantges.com\/wp-content\/uploads\/2024\/09\/Grupo-213.svg","contentUrl":"https:\/\/avantges.com\/wp-content\/uploads\/2024\/09\/Grupo-213.svg","width":82,"height":23,"caption":"avantges"},"image":{"@id":"https:\/\/avantges.com\/fr\/#\/schema\/logo\/image\/"}}]}},"_links":{"self":[{"href":"https:\/\/avantges.com\/fr\/wp-json\/wp\/v2\/pages\/4458","targetHints":{"allow":["GET"]}}],"collection":[{"href":"https:\/\/avantges.com\/fr\/wp-json\/wp\/v2\/pages"}],"about":[{"href":"https:\/\/avantges.com\/fr\/wp-json\/wp\/v2\/types\/page"}],"author":[{"embeddable":true,"href":"https:\/\/avantges.com\/fr\/wp-json\/wp\/v2\/users\/2"}],"replies":[{"embeddable":true,"href":"https:\/\/avantges.com\/fr\/wp-json\/wp\/v2\/comments?post=4458"}],"version-history":[{"count":1,"href":"https:\/\/avantges.com\/fr\/wp-json\/wp\/v2\/pages\/4458\/revisions"}],"predecessor-version":[{"id":4459,"href":"https:\/\/avantges.com\/fr\/wp-json\/wp\/v2\/pages\/4458\/revisions\/4459"}],"wp:attachment":[{"href":"https:\/\/avantges.com\/fr\/wp-json\/wp\/v2\/media?parent=4458"}],"curies":[{"name":"wp","href":"https:\/\/api.w.org\/{rel}","templated":true}]}}