{"id":4463,"date":"2024-11-11T17:30:31","date_gmt":"2024-11-11T16:30:31","guid":{"rendered":"https:\/\/avantges.com\/?page_id=4463"},"modified":"2024-11-15T10:43:55","modified_gmt":"2024-11-15T09:43:55","slug":"mentions-legales-2","status":"publish","type":"page","link":"https:\/\/avantges.com\/fr\/mentions-legales-2\/","title":{"rendered":"Confidentialit\u00e9 et protection des donn\u00e9es personnelles"},"content":{"rendered":"\t\t<div data-elementor-type=\"wp-page\" data-elementor-id=\"4463\" class=\"elementor elementor-4463 elementor-4460\" data-elementor-post-type=\"page\">\n\t\t\t\t\t\t<section class=\"elementor-section elementor-top-section elementor-element elementor-element-c1a5cbf elementor-section-height-min-height elementor-section-boxed elementor-section-height-default elementor-section-items-middle\" data-id=\"c1a5cbf\" data-element_type=\"section\" data-e-type=\"section\" data-settings=\"{&quot;background_background&quot;:&quot;classic&quot;}\">\n\t\t\t\t\t\t\t<div class=\"elementor-background-overlay\"><\/div>\n\t\t\t\t\t\t\t<div class=\"elementor-container elementor-column-gap-default\">\n\t\t\t\t\t<div class=\"elementor-column elementor-col-100 elementor-top-column elementor-element elementor-element-a07bb1b\" data-id=\"a07bb1b\" data-element_type=\"column\" data-e-type=\"column\">\n\t\t\t<div class=\"elementor-widget-wrap\">\n\t\t\t\t\t\t\t<\/div>\n\t\t<\/div>\n\t\t\t\t\t<\/div>\n\t\t<\/section>\n\t\t\t\t<section class=\"elementor-section elementor-top-section elementor-element elementor-element-7743782 elementor-section-boxed elementor-section-height-default elementor-section-height-default\" data-id=\"7743782\" data-element_type=\"section\" data-e-type=\"section\">\n\t\t\t\t\t\t<div class=\"elementor-container elementor-column-gap-default\">\n\t\t\t\t\t<div class=\"elementor-column elementor-col-100 elementor-top-column elementor-element elementor-element-9760a08\" data-id=\"9760a08\" data-element_type=\"column\" data-e-type=\"column\">\n\t\t\t<div class=\"elementor-widget-wrap elementor-element-populated\">\n\t\t\t\t\t\t<div class=\"elementor-element elementor-element-17c161c elementor-widget elementor-widget-heading\" data-id=\"17c161c\" data-element_type=\"widget\" data-e-type=\"widget\" data-widget_type=\"heading.default\">\n\t\t\t\t<div class=\"elementor-widget-container\">\n\t\t\t\t\t<h1 class=\"elementor-heading-title elementor-size-default\">Confidentialit\u00e9 et protection des donn\u00e9es personnelles<\/h1>\t\t\t\t<\/div>\n\t\t\t\t<\/div>\n\t\t\t\t<div class=\"elementor-element elementor-element-645605b elementor-widget elementor-widget-text-editor\" data-id=\"645605b\" data-element_type=\"widget\" data-e-type=\"widget\" data-widget_type=\"text-editor.default\">\n\t\t\t\t<div class=\"elementor-widget-container\">\n\t\t\t\t\t\t\t\t\t<p>1. Certains services offerts dans ce Site, notamment l\u2019envoi de curriculums vitae, impliquent n\u00e9cessairement la collecte de donn\u00e9es. En effet, pour pr\u00eater ces services, notre cabinet a besoin de certaines donn\u00e9es \u00e0 caract\u00e8re personnel. Avantges traitera toutes les informations que vous nous fournirez avec la plus grande confidentialit\u00e9. Concernant les demandes en ligne, les informations collect\u00e9es seront utilis\u00e9es exclusivement pour r\u00e9pondre \u00e0 vos questions, et dans le cas des curriculums vitae, pour pr\u00e9s\u00e9lectionner les candidats. Par cons\u00e9quent, les donn\u00e9es fournies par l\u2019Utilisateur ne seront en aucun cas utilis\u00e9es dans une autre finalit\u00e9 que celle d\u00e9crite ci-dessus. Lors de la collecte de donn\u00e9es personnelles vous serez inform\u00e9s de la finalit\u00e9 du traitement de ces donn\u00e9es. Veuillez noter que si vous refusez de fournir l\u2019information demand\u00e9e, les services d\u00e9crits ci-dessus ne pourront pas \u00eatre rendus.      <\/p>\n<p>2. Concernant la collecte des donn\u00e9es d\u00e9crites ci-dessus, vous pourrez exercer les droits pr\u00e9vus par la Loi : le droit d\u2019acc\u00e8s, de rectification, de suppression des donn\u00e9es vous concernant, ainsi que le droit de vous opposer \u00e0 tout moment, sans motivation particuli\u00e8re, au traitement de vos donn\u00e9es \u00e0 caract\u00e8re personnel. Vous, ou votre repr\u00e9sentant, pouvez exercer ces droits en envoyant une demande \u00e9crite et sign\u00e9e \u00e0 l\u2019adresse suivante : Avantges Outsourcing, S.L., Service protection donn\u00e9es personnelles, Av. Diagonal, 453 bis, 4\u00aa pl, 08036 Barcelona (Spain). Votre demande doit contenir l\u2019information suivante : nom, pr\u00e9nom, adresse aux fins de notification, photocopie du document national d\u2019identit\u00e9 ou du passeport, et la description du droit exerc\u00e9.   <\/p>\n<p>3. Avantges conservera les donn\u00e9es personnelles et prendra toutes les mesures n\u00e9cessaires afin d\u2019emp\u00eacher qu\u2019elles ne soient effac\u00e9es, modifi\u00e9es, trait\u00e9es ou accessibles sans autorisation. Avantges accomplira toutes ces obligations conform\u00e9ment aux lois en vigueur (LO 15\/1999, de 13 de diciembre). <\/p>\n<p>4. Avantges peut stocker des cookies dans les \u00e9quipements terminaux des utilisateurs, \u00e0 condition que ceux-ci aient donn\u00e9 leur accord apr\u00e8s avoir re\u00e7u une information claire et compl\u00e8te sur l\u2019utilisation de ces cookies. Les informations concernant les finalit\u00e9s d\u2019installation et de traitement des cookies sont accessibles dans la Politique d\u2019utilisation des cookies. <\/p>\n<p>Les dispositions ci-dessus ne font pas obstacle \u00e0 un stockage ou \u00e0 un acc\u00e8s technique visant exclusivement \u00e0 effectuer la transmission d\u2019une communication par la voie d\u2019un r\u00e9seau de communications \u00e9lectroniques ou, le cas \u00e9ch\u00e9ant, pour la fourniture d\u2019un service de la soci\u00e9t\u00e9 de l\u2019information express\u00e9ment demand\u00e9e par l\u2019utilisateur.<\/p>\n\t\t\t\t\t\t\t\t<\/div>\n\t\t\t\t<\/div>\n\t\t\t\t\t<\/div>\n\t\t<\/div>\n\t\t\t\t\t<\/div>\n\t\t<\/section>\n\t\t\t\t<\/div>\n\t\t","protected":false},"excerpt":{"rendered":"<p>1. Certains services offerts dans ce Site, notamment l\u2019envoi de curriculums vitae, impliquent n\u00e9cessairement la collecte de donn\u00e9es. En effet, pour pr\u00eater ces services, notre cabinet a besoin de certaines donn\u00e9es \u00e0 caract\u00e8re personnel. Avantges traitera toutes les informations que vous nous fournirez avec la plus grande confidentialit\u00e9. Concernant les demandes en ligne, les informations [&hellip;]<\/p>\n","protected":false},"author":2,"featured_media":0,"parent":0,"menu_order":0,"comment_status":"closed","ping_status":"closed","template":"","meta":{"_acf_changed":false,"inline_featured_image":false,"footnotes":""},"class_list":["post-4463","page","type-page","status-publish","hentry"],"acf":[],"yoast_head":"<!-- This site is optimized with the Yoast SEO plugin v27.1.1 - https:\/\/yoast.com\/product\/yoast-seo-wordpress\/ -->\n<title>avantges - Confidentialit\u00e9 et protection des donn\u00e9es personnelles<\/title>\n<meta name=\"robots\" content=\"noindex, nofollow\" \/>\n<meta property=\"og:locale\" content=\"fr_FR\" \/>\n<meta property=\"og:type\" content=\"article\" \/>\n<meta property=\"og:title\" content=\"avantges - Confidentialit\u00e9 et protection des donn\u00e9es personnelles\" \/>\n<meta property=\"og:description\" content=\"1. Certains services offerts dans ce Site, notamment l\u2019envoi de curriculums vitae, impliquent n\u00e9cessairement la collecte de donn\u00e9es. En effet, pour pr\u00eater ces services, notre cabinet a besoin de certaines donn\u00e9es \u00e0 caract\u00e8re personnel. Avantges traitera toutes les informations que vous nous fournirez avec la plus grande confidentialit\u00e9. Concernant les demandes en ligne, les informations [&hellip;]\" \/>\n<meta property=\"og:url\" content=\"https:\/\/avantges.com\/fr\/mentions-legales-2\/\" \/>\n<meta property=\"og:site_name\" content=\"avantges\" \/>\n<meta property=\"article:modified_time\" content=\"2024-11-15T09:43:55+00:00\" \/>\n<meta name=\"twitter:card\" content=\"summary_large_image\" \/>\n<meta name=\"twitter:label1\" content=\"Dur\u00e9e de lecture estim\u00e9e\" \/>\n\t<meta name=\"twitter:data1\" content=\"2 minutes\" \/>\n<script type=\"application\/ld+json\" class=\"yoast-schema-graph\">{\"@context\":\"https:\/\/schema.org\",\"@graph\":[{\"@type\":\"WebPage\",\"@id\":\"https:\/\/avantges.com\/fr\/mentions-legales-2\/\",\"url\":\"https:\/\/avantges.com\/fr\/mentions-legales-2\/\",\"name\":\"avantges - Confidentialit\u00e9 et protection des donn\u00e9es personnelles\",\"isPartOf\":{\"@id\":\"https:\/\/avantges.com\/fr\/#website\"},\"datePublished\":\"2024-11-11T16:30:31+00:00\",\"dateModified\":\"2024-11-15T09:43:55+00:00\",\"breadcrumb\":{\"@id\":\"https:\/\/avantges.com\/fr\/mentions-legales-2\/#breadcrumb\"},\"inLanguage\":\"fr-FR\",\"potentialAction\":[{\"@type\":\"ReadAction\",\"target\":[\"https:\/\/avantges.com\/fr\/mentions-legales-2\/\"]}]},{\"@type\":\"BreadcrumbList\",\"@id\":\"https:\/\/avantges.com\/fr\/mentions-legales-2\/#breadcrumb\",\"itemListElement\":[{\"@type\":\"ListItem\",\"position\":1,\"name\":\"Inici\",\"item\":\"https:\/\/avantges.com\/fr\/\"},{\"@type\":\"ListItem\",\"position\":2,\"name\":\"Confidentialit\u00e9 et protection des donn\u00e9es personnelles\"}]},{\"@type\":\"WebSite\",\"@id\":\"https:\/\/avantges.com\/fr\/#website\",\"url\":\"https:\/\/avantges.com\/fr\/\",\"name\":\"avantges\",\"description\":\"Accounting, Payroll and Tax Compliance Services in Spain\",\"publisher\":{\"@id\":\"https:\/\/avantges.com\/fr\/#organization\"},\"potentialAction\":[{\"@type\":\"SearchAction\",\"target\":{\"@type\":\"EntryPoint\",\"urlTemplate\":\"https:\/\/avantges.com\/fr\/?s={search_term_string}\"},\"query-input\":{\"@type\":\"PropertyValueSpecification\",\"valueRequired\":true,\"valueName\":\"search_term_string\"}}],\"inLanguage\":\"fr-FR\"},{\"@type\":\"Organization\",\"@id\":\"https:\/\/avantges.com\/fr\/#organization\",\"name\":\"avantges\",\"url\":\"https:\/\/avantges.com\/fr\/\",\"logo\":{\"@type\":\"ImageObject\",\"inLanguage\":\"fr-FR\",\"@id\":\"https:\/\/avantges.com\/fr\/#\/schema\/logo\/image\/\",\"url\":\"https:\/\/avantges.com\/wp-content\/uploads\/2024\/09\/Grupo-213.svg\",\"contentUrl\":\"https:\/\/avantges.com\/wp-content\/uploads\/2024\/09\/Grupo-213.svg\",\"width\":82,\"height\":23,\"caption\":\"avantges\"},\"image\":{\"@id\":\"https:\/\/avantges.com\/fr\/#\/schema\/logo\/image\/\"}}]}<\/script>\n<!-- \/ Yoast SEO plugin. -->","yoast_head_json":{"title":"avantges - Confidentialit\u00e9 et protection des donn\u00e9es personnelles","robots":{"index":"noindex","follow":"nofollow"},"og_locale":"fr_FR","og_type":"article","og_title":"avantges - Confidentialit\u00e9 et protection des donn\u00e9es personnelles","og_description":"1. Certains services offerts dans ce Site, notamment l\u2019envoi de curriculums vitae, impliquent n\u00e9cessairement la collecte de donn\u00e9es. En effet, pour pr\u00eater ces services, notre cabinet a besoin de certaines donn\u00e9es \u00e0 caract\u00e8re personnel. Avantges traitera toutes les informations que vous nous fournirez avec la plus grande confidentialit\u00e9. Concernant les demandes en ligne, les informations [&hellip;]","og_url":"https:\/\/avantges.com\/fr\/mentions-legales-2\/","og_site_name":"avantges","article_modified_time":"2024-11-15T09:43:55+00:00","twitter_card":"summary_large_image","twitter_misc":{"Dur\u00e9e de lecture estim\u00e9e":"2 minutes"},"schema":{"@context":"https:\/\/schema.org","@graph":[{"@type":"WebPage","@id":"https:\/\/avantges.com\/fr\/mentions-legales-2\/","url":"https:\/\/avantges.com\/fr\/mentions-legales-2\/","name":"avantges - Confidentialit\u00e9 et protection des donn\u00e9es personnelles","isPartOf":{"@id":"https:\/\/avantges.com\/fr\/#website"},"datePublished":"2024-11-11T16:30:31+00:00","dateModified":"2024-11-15T09:43:55+00:00","breadcrumb":{"@id":"https:\/\/avantges.com\/fr\/mentions-legales-2\/#breadcrumb"},"inLanguage":"fr-FR","potentialAction":[{"@type":"ReadAction","target":["https:\/\/avantges.com\/fr\/mentions-legales-2\/"]}]},{"@type":"BreadcrumbList","@id":"https:\/\/avantges.com\/fr\/mentions-legales-2\/#breadcrumb","itemListElement":[{"@type":"ListItem","position":1,"name":"Inici","item":"https:\/\/avantges.com\/fr\/"},{"@type":"ListItem","position":2,"name":"Confidentialit\u00e9 et protection des donn\u00e9es personnelles"}]},{"@type":"WebSite","@id":"https:\/\/avantges.com\/fr\/#website","url":"https:\/\/avantges.com\/fr\/","name":"avantges","description":"Accounting, Payroll and Tax Compliance Services in Spain","publisher":{"@id":"https:\/\/avantges.com\/fr\/#organization"},"potentialAction":[{"@type":"SearchAction","target":{"@type":"EntryPoint","urlTemplate":"https:\/\/avantges.com\/fr\/?s={search_term_string}"},"query-input":{"@type":"PropertyValueSpecification","valueRequired":true,"valueName":"search_term_string"}}],"inLanguage":"fr-FR"},{"@type":"Organization","@id":"https:\/\/avantges.com\/fr\/#organization","name":"avantges","url":"https:\/\/avantges.com\/fr\/","logo":{"@type":"ImageObject","inLanguage":"fr-FR","@id":"https:\/\/avantges.com\/fr\/#\/schema\/logo\/image\/","url":"https:\/\/avantges.com\/wp-content\/uploads\/2024\/09\/Grupo-213.svg","contentUrl":"https:\/\/avantges.com\/wp-content\/uploads\/2024\/09\/Grupo-213.svg","width":82,"height":23,"caption":"avantges"},"image":{"@id":"https:\/\/avantges.com\/fr\/#\/schema\/logo\/image\/"}}]}},"_links":{"self":[{"href":"https:\/\/avantges.com\/fr\/wp-json\/wp\/v2\/pages\/4463","targetHints":{"allow":["GET"]}}],"collection":[{"href":"https:\/\/avantges.com\/fr\/wp-json\/wp\/v2\/pages"}],"about":[{"href":"https:\/\/avantges.com\/fr\/wp-json\/wp\/v2\/types\/page"}],"author":[{"embeddable":true,"href":"https:\/\/avantges.com\/fr\/wp-json\/wp\/v2\/users\/2"}],"replies":[{"embeddable":true,"href":"https:\/\/avantges.com\/fr\/wp-json\/wp\/v2\/comments?post=4463"}],"version-history":[{"count":3,"href":"https:\/\/avantges.com\/fr\/wp-json\/wp\/v2\/pages\/4463\/revisions"}],"predecessor-version":[{"id":4476,"href":"https:\/\/avantges.com\/fr\/wp-json\/wp\/v2\/pages\/4463\/revisions\/4476"}],"wp:attachment":[{"href":"https:\/\/avantges.com\/fr\/wp-json\/wp\/v2\/media?parent=4463"}],"curies":[{"name":"wp","href":"https:\/\/api.w.org\/{rel}","templated":true}]}}