{"id":4531,"date":"2024-11-14T17:09:48","date_gmt":"2024-11-14T16:09:48","guid":{"rendered":"https:\/\/avantges.com\/espace-client\/"},"modified":"2024-11-19T12:48:57","modified_gmt":"2024-11-19T11:48:57","slug":"espace-client","status":"publish","type":"page","link":"https:\/\/avantges.com\/fr\/espace-client\/","title":{"rendered":"Espace client"},"content":{"rendered":"\t\t<div data-elementor-type=\"wp-page\" data-elementor-id=\"4531\" class=\"elementor elementor-4531 elementor-4515\" data-elementor-post-type=\"page\">\n\t\t\t\t\t\t<section class=\"elementor-section elementor-top-section elementor-element elementor-element-63a62d8 elementor-section-height-min-height elementor-section-boxed elementor-section-height-default elementor-section-items-middle\" data-id=\"63a62d8\" data-element_type=\"section\" data-e-type=\"section\" data-settings=\"{&quot;background_background&quot;:&quot;classic&quot;}\">\n\t\t\t\t\t\t\t<div class=\"elementor-background-overlay\"><\/div>\n\t\t\t\t\t\t\t<div class=\"elementor-container elementor-column-gap-default\">\n\t\t\t\t\t<div class=\"elementor-column elementor-col-100 elementor-top-column elementor-element elementor-element-22bc92b\" data-id=\"22bc92b\" data-element_type=\"column\" data-e-type=\"column\">\n\t\t\t<div class=\"elementor-widget-wrap\">\n\t\t\t\t\t\t\t<\/div>\n\t\t<\/div>\n\t\t\t\t\t<\/div>\n\t\t<\/section>\n\t\t\t\t<section class=\"elementor-section elementor-top-section elementor-element elementor-element-cd74d1f elementor-section-boxed elementor-section-height-default elementor-section-height-default\" data-id=\"cd74d1f\" data-element_type=\"section\" data-e-type=\"section\">\n\t\t\t\t\t\t<div class=\"elementor-container elementor-column-gap-default\">\n\t\t\t\t\t<div class=\"elementor-column elementor-col-100 elementor-top-column elementor-element elementor-element-2bd6f17\" data-id=\"2bd6f17\" data-element_type=\"column\" data-e-type=\"column\">\n\t\t\t<div class=\"elementor-widget-wrap elementor-element-populated\">\n\t\t\t\t\t\t<div class=\"elementor-element elementor-element-c08c627 elementor-widget elementor-widget-heading\" data-id=\"c08c627\" data-element_type=\"widget\" data-e-type=\"widget\" data-widget_type=\"heading.default\">\n\t\t\t\t<div class=\"elementor-widget-container\">\n\t\t\t\t\t<h2 class=\"elementor-heading-title elementor-size-default\">Espace client<\/h2>\t\t\t\t<\/div>\n\t\t\t\t<\/div>\n\t\t\t\t<div class=\"elementor-element elementor-element-9b62456 elementor-widget elementor-widget-text-editor\" data-id=\"9b62456\" data-element_type=\"widget\" data-e-type=\"widget\" data-widget_type=\"text-editor.default\">\n\t\t\t\t<div class=\"elementor-widget-container\">\n\t\t\t\t\t\t\t\t\t<p><strong>AvantNet <\/strong>est notre plateforme de collaboration en ligne et un outil de workflow con\u00e7u pour fournir aux clients un acc\u00e8s s\u00e9curis\u00e9, facile et permanent (24\/7) \u00e0 toute l\u2019information de leur entreprise, notamment, les fiches de paie des employ\u00e9s, les d\u00e9clarations fiscales, les informations comptables mises \u00e0 jour, les cotisations de s\u00e9curit\u00e9 sociale, et bien plus encore. L\u2019information est constamment mise \u00e0 jour et vous pourrez t\u00e9l\u00e9charger tous vos documents importants \u00e0 tout moment, tout en suivant l\u2019avancement de vos dossiers en ligne. Ainsi, AvantNet sert \u00e9galement \u00e0 assurer un registre fiable de l\u2019\u00e9tat de d\u00e9claration de vos imp\u00f4ts, et comme outil pour les proc\u00e9dures Due Diligence.  <\/p>\n<p><strong>AvantNet <\/strong>est un moyen s\u00fbr et facile d\u2019obtenir l\u2019information dont vous avez besoin \u00e0 tout moment, sans frais suppl\u00e9mentaires. Rejoignez le nombre croissant de multinationales qui obtiennent la visibilit\u00e9 et le contr\u00f4le de leur comptabilit\u00e9, de leurs d\u00e9clarations fiscales et de leur gestion sociale gr\u00e2ce \u00e0 AvantNet.&nbsp;<\/p>\t\t\t\t\t\t\t\t<\/div>\n\t\t\t\t<\/div>\n\t\t\t\t<section class=\"elementor-section elementor-inner-section elementor-element elementor-element-903ce3b elementor-section-full_width elementor-section-height-default elementor-section-height-default\" data-id=\"903ce3b\" data-element_type=\"section\" data-e-type=\"section\">\n\t\t\t\t\t\t<div class=\"elementor-container elementor-column-gap-default\">\n\t\t\t\t\t<div class=\"elementor-column elementor-col-50 elementor-inner-column elementor-element elementor-element-4ce6183\" data-id=\"4ce6183\" data-element_type=\"column\" data-e-type=\"column\">\n\t\t\t<div class=\"elementor-widget-wrap elementor-element-populated\">\n\t\t\t\t\t\t<div class=\"elementor-element elementor-element-18908c1 elementor-widget elementor-widget-text-editor\" data-id=\"18908c1\" data-element_type=\"widget\" data-e-type=\"widget\" data-widget_type=\"text-editor.default\">\n\t\t\t\t<div class=\"elementor-widget-container\">\n\t\t\t\t\t\t\t\t\t<form class=\"wpcf7-form\" action=\"https:\/\/client-area.avantges.com\/\" method=\"post\">Nom d\u2019utilisateur <input class=\"wpcf7-form-control wpcf7-text\" name=\"Usuari\" type=\"text\" \/>\nPassword <input class=\"wpcf7-form-control wpcf7-text\" name=\"Clau\" type=\"password\" \/>\n\n<input class=\"wpcf7-form-control wpcf7-submit\" type=\"submit\" value=\"Envoyer\" \/>\n\n<\/form><a href=\"#\"> Vous avez oubli\u00e9 votre mot de passe?<\/a>\t\t\t\t\t\t\t\t<\/div>\n\t\t\t\t<\/div>\n\t\t\t\t\t<\/div>\n\t\t<\/div>\n\t\t\t\t<div class=\"elementor-column elementor-col-50 elementor-inner-column elementor-element elementor-element-0f33058\" data-id=\"0f33058\" data-element_type=\"column\" data-e-type=\"column\">\n\t\t\t<div class=\"elementor-widget-wrap elementor-element-populated\">\n\t\t\t\t\t\t<div class=\"elementor-element elementor-element-9f3e34b elementor-widget elementor-widget-text-editor\" data-id=\"9f3e34b\" data-element_type=\"widget\" data-e-type=\"widget\" data-widget_type=\"text-editor.default\">\n\t\t\t\t<div class=\"elementor-widget-container\">\n\t\t\t\t\t\t\t\t\t<p><strong>Exigences techniques: <\/strong>Nous recommandons l\u2019utilisation d\u2019<a href=\"http:\/\/www.adobe.com\/products\/acrobat\/readstep.html\">Adobe Acrobat 8 ou version ult\u00e9rieure. <\/a><\/p>\n<p><strong>Acc\u00e8s s\u00e9curis\u00e9<\/strong>: Ce site internet assure la confidentialit\u00e9 de vos renseignements personnels.<\/p><\/p>\n\t\t\t\t\t\t\t\t<\/div>\n\t\t\t\t<\/div>\n\t\t\t\t<div class=\"elementor-element elementor-element-5a45c58 elementor-widget elementor-widget-image\" data-id=\"5a45c58\" data-element_type=\"widget\" data-e-type=\"widget\" data-widget_type=\"image.default\">\n\t\t\t\t<div class=\"elementor-widget-container\">\n\t\t\t\t\t\t\t\t\t\t\t\t\t\t\t<img fetchpriority=\"high\" decoding=\"async\" width=\"300\" height=\"169\" src=\"https:\/\/avantges.com\/wp-content\/uploads\/2024\/11\/lets-encrypt-logo-1-768x432-555x312-1-300x169.png\" class=\"attachment-medium size-medium wp-image-4519\" alt=\"\" srcset=\"https:\/\/avantges.com\/wp-content\/uploads\/2024\/11\/lets-encrypt-logo-1-768x432-555x312-1-300x169.png 300w, https:\/\/avantges.com\/wp-content\/uploads\/2024\/11\/lets-encrypt-logo-1-768x432-555x312-1.png 555w\" sizes=\"(max-width: 300px) 100vw, 300px\" \/>\t\t\t\t\t\t\t\t\t\t\t\t\t\t\t<\/div>\n\t\t\t\t<\/div>\n\t\t\t\t\t<\/div>\n\t\t<\/div>\n\t\t\t\t\t<\/div>\n\t\t<\/section>\n\t\t\t\t\t<\/div>\n\t\t<\/div>\n\t\t\t\t\t<\/div>\n\t\t<\/section>\n\t\t\t\t<\/div>\n\t\t","protected":false},"excerpt":{"rendered":"<p>AvantNet est notre plateforme de collaboration en ligne et un outil de workflow con\u00e7u pour fournir aux clients un acc\u00e8s s\u00e9curis\u00e9, facile et permanent (24\/7) \u00e0 toute l\u2019information de leur entreprise, notamment, les fiches de paie des employ\u00e9s, les d\u00e9clarations fiscales, les informations comptables mises \u00e0 jour, les cotisations de s\u00e9curit\u00e9 sociale, et bien plus [&hellip;]<\/p>\n","protected":false},"author":2,"featured_media":0,"parent":0,"menu_order":0,"comment_status":"closed","ping_status":"closed","template":"","meta":{"_acf_changed":false,"inline_featured_image":false,"footnotes":""},"class_list":["post-4531","page","type-page","status-publish","hentry"],"acf":[],"yoast_head":"<!-- This site is optimized with the Yoast SEO plugin v27.1.1 - https:\/\/yoast.com\/product\/yoast-seo-wordpress\/ -->\n<title>avantges - Espace client<\/title>\n<meta name=\"robots\" content=\"index, follow, max-snippet:-1, max-image-preview:large, max-video-preview:-1\" \/>\n<link rel=\"canonical\" href=\"https:\/\/avantges.com\/fr\/espace-client\/\" \/>\n<meta property=\"og:locale\" content=\"fr_FR\" \/>\n<meta property=\"og:type\" content=\"article\" \/>\n<meta property=\"og:title\" content=\"avantges - Espace client\" \/>\n<meta property=\"og:description\" content=\"AvantNet est notre plateforme de collaboration en ligne et un outil de workflow con\u00e7u pour fournir aux clients un acc\u00e8s s\u00e9curis\u00e9, facile et permanent (24\/7) \u00e0 toute l\u2019information de leur entreprise, notamment, les fiches de paie des employ\u00e9s, les d\u00e9clarations fiscales, les informations comptables mises \u00e0 jour, les cotisations de s\u00e9curit\u00e9 sociale, et bien plus [&hellip;]\" \/>\n<meta property=\"og:url\" content=\"https:\/\/avantges.com\/fr\/espace-client\/\" \/>\n<meta property=\"og:site_name\" content=\"avantges\" \/>\n<meta property=\"article:modified_time\" content=\"2024-11-19T11:48:57+00:00\" \/>\n<meta property=\"og:image\" content=\"https:\/\/avantges.com\/wp-content\/uploads\/2024\/11\/lets-encrypt-logo-1-768x432-555x312-1.png\" \/>\n\t<meta property=\"og:image:width\" content=\"555\" \/>\n\t<meta property=\"og:image:height\" content=\"312\" \/>\n\t<meta property=\"og:image:type\" content=\"image\/png\" \/>\n<meta name=\"twitter:card\" content=\"summary_large_image\" \/>\n<meta name=\"twitter:label1\" content=\"Dur\u00e9e de lecture estim\u00e9e\" \/>\n\t<meta name=\"twitter:data1\" content=\"2 minutes\" \/>\n<script type=\"application\/ld+json\" class=\"yoast-schema-graph\">{\"@context\":\"https:\/\/schema.org\",\"@graph\":[{\"@type\":\"WebPage\",\"@id\":\"https:\/\/avantges.com\/fr\/espace-client\/\",\"url\":\"https:\/\/avantges.com\/fr\/espace-client\/\",\"name\":\"avantges - Espace client\",\"isPartOf\":{\"@id\":\"https:\/\/avantges.com\/fr\/#website\"},\"primaryImageOfPage\":{\"@id\":\"https:\/\/avantges.com\/fr\/espace-client\/#primaryimage\"},\"image\":{\"@id\":\"https:\/\/avantges.com\/fr\/espace-client\/#primaryimage\"},\"thumbnailUrl\":\"https:\/\/avantges.com\/wp-content\/uploads\/2024\/11\/lets-encrypt-logo-1-768x432-555x312-1-300x169.png\",\"datePublished\":\"2024-11-14T16:09:48+00:00\",\"dateModified\":\"2024-11-19T11:48:57+00:00\",\"breadcrumb\":{\"@id\":\"https:\/\/avantges.com\/fr\/espace-client\/#breadcrumb\"},\"inLanguage\":\"fr-FR\",\"potentialAction\":[{\"@type\":\"ReadAction\",\"target\":[\"https:\/\/avantges.com\/fr\/espace-client\/\"]}]},{\"@type\":\"ImageObject\",\"inLanguage\":\"fr-FR\",\"@id\":\"https:\/\/avantges.com\/fr\/espace-client\/#primaryimage\",\"url\":\"https:\/\/avantges.com\/wp-content\/uploads\/2024\/11\/lets-encrypt-logo-1-768x432-555x312-1-300x169.png\",\"contentUrl\":\"https:\/\/avantges.com\/wp-content\/uploads\/2024\/11\/lets-encrypt-logo-1-768x432-555x312-1-300x169.png\"},{\"@type\":\"BreadcrumbList\",\"@id\":\"https:\/\/avantges.com\/fr\/espace-client\/#breadcrumb\",\"itemListElement\":[{\"@type\":\"ListItem\",\"position\":1,\"name\":\"Inici\",\"item\":\"https:\/\/avantges.com\/fr\/\"},{\"@type\":\"ListItem\",\"position\":2,\"name\":\"Espace client\"}]},{\"@type\":\"WebSite\",\"@id\":\"https:\/\/avantges.com\/fr\/#website\",\"url\":\"https:\/\/avantges.com\/fr\/\",\"name\":\"avantges\",\"description\":\"Accounting, Payroll and Tax Compliance Services in Spain\",\"publisher\":{\"@id\":\"https:\/\/avantges.com\/fr\/#organization\"},\"potentialAction\":[{\"@type\":\"SearchAction\",\"target\":{\"@type\":\"EntryPoint\",\"urlTemplate\":\"https:\/\/avantges.com\/fr\/?s={search_term_string}\"},\"query-input\":{\"@type\":\"PropertyValueSpecification\",\"valueRequired\":true,\"valueName\":\"search_term_string\"}}],\"inLanguage\":\"fr-FR\"},{\"@type\":\"Organization\",\"@id\":\"https:\/\/avantges.com\/fr\/#organization\",\"name\":\"avantges\",\"url\":\"https:\/\/avantges.com\/fr\/\",\"logo\":{\"@type\":\"ImageObject\",\"inLanguage\":\"fr-FR\",\"@id\":\"https:\/\/avantges.com\/fr\/#\/schema\/logo\/image\/\",\"url\":\"https:\/\/avantges.com\/wp-content\/uploads\/2024\/09\/Grupo-213.svg\",\"contentUrl\":\"https:\/\/avantges.com\/wp-content\/uploads\/2024\/09\/Grupo-213.svg\",\"width\":82,\"height\":23,\"caption\":\"avantges\"},\"image\":{\"@id\":\"https:\/\/avantges.com\/fr\/#\/schema\/logo\/image\/\"}}]}<\/script>\n<!-- \/ Yoast SEO plugin. -->","yoast_head_json":{"title":"avantges - Espace client","robots":{"index":"index","follow":"follow","max-snippet":"max-snippet:-1","max-image-preview":"max-image-preview:large","max-video-preview":"max-video-preview:-1"},"canonical":"https:\/\/avantges.com\/fr\/espace-client\/","og_locale":"fr_FR","og_type":"article","og_title":"avantges - Espace client","og_description":"AvantNet est notre plateforme de collaboration en ligne et un outil de workflow con\u00e7u pour fournir aux clients un acc\u00e8s s\u00e9curis\u00e9, facile et permanent (24\/7) \u00e0 toute l\u2019information de leur entreprise, notamment, les fiches de paie des employ\u00e9s, les d\u00e9clarations fiscales, les informations comptables mises \u00e0 jour, les cotisations de s\u00e9curit\u00e9 sociale, et bien plus [&hellip;]","og_url":"https:\/\/avantges.com\/fr\/espace-client\/","og_site_name":"avantges","article_modified_time":"2024-11-19T11:48:57+00:00","og_image":[{"width":555,"height":312,"url":"https:\/\/avantges.com\/wp-content\/uploads\/2024\/11\/lets-encrypt-logo-1-768x432-555x312-1.png","type":"image\/png"}],"twitter_card":"summary_large_image","twitter_misc":{"Dur\u00e9e de lecture estim\u00e9e":"2 minutes"},"schema":{"@context":"https:\/\/schema.org","@graph":[{"@type":"WebPage","@id":"https:\/\/avantges.com\/fr\/espace-client\/","url":"https:\/\/avantges.com\/fr\/espace-client\/","name":"avantges - Espace client","isPartOf":{"@id":"https:\/\/avantges.com\/fr\/#website"},"primaryImageOfPage":{"@id":"https:\/\/avantges.com\/fr\/espace-client\/#primaryimage"},"image":{"@id":"https:\/\/avantges.com\/fr\/espace-client\/#primaryimage"},"thumbnailUrl":"https:\/\/avantges.com\/wp-content\/uploads\/2024\/11\/lets-encrypt-logo-1-768x432-555x312-1-300x169.png","datePublished":"2024-11-14T16:09:48+00:00","dateModified":"2024-11-19T11:48:57+00:00","breadcrumb":{"@id":"https:\/\/avantges.com\/fr\/espace-client\/#breadcrumb"},"inLanguage":"fr-FR","potentialAction":[{"@type":"ReadAction","target":["https:\/\/avantges.com\/fr\/espace-client\/"]}]},{"@type":"ImageObject","inLanguage":"fr-FR","@id":"https:\/\/avantges.com\/fr\/espace-client\/#primaryimage","url":"https:\/\/avantges.com\/wp-content\/uploads\/2024\/11\/lets-encrypt-logo-1-768x432-555x312-1-300x169.png","contentUrl":"https:\/\/avantges.com\/wp-content\/uploads\/2024\/11\/lets-encrypt-logo-1-768x432-555x312-1-300x169.png"},{"@type":"BreadcrumbList","@id":"https:\/\/avantges.com\/fr\/espace-client\/#breadcrumb","itemListElement":[{"@type":"ListItem","position":1,"name":"Inici","item":"https:\/\/avantges.com\/fr\/"},{"@type":"ListItem","position":2,"name":"Espace client"}]},{"@type":"WebSite","@id":"https:\/\/avantges.com\/fr\/#website","url":"https:\/\/avantges.com\/fr\/","name":"avantges","description":"Accounting, Payroll and Tax Compliance Services in Spain","publisher":{"@id":"https:\/\/avantges.com\/fr\/#organization"},"potentialAction":[{"@type":"SearchAction","target":{"@type":"EntryPoint","urlTemplate":"https:\/\/avantges.com\/fr\/?s={search_term_string}"},"query-input":{"@type":"PropertyValueSpecification","valueRequired":true,"valueName":"search_term_string"}}],"inLanguage":"fr-FR"},{"@type":"Organization","@id":"https:\/\/avantges.com\/fr\/#organization","name":"avantges","url":"https:\/\/avantges.com\/fr\/","logo":{"@type":"ImageObject","inLanguage":"fr-FR","@id":"https:\/\/avantges.com\/fr\/#\/schema\/logo\/image\/","url":"https:\/\/avantges.com\/wp-content\/uploads\/2024\/09\/Grupo-213.svg","contentUrl":"https:\/\/avantges.com\/wp-content\/uploads\/2024\/09\/Grupo-213.svg","width":82,"height":23,"caption":"avantges"},"image":{"@id":"https:\/\/avantges.com\/fr\/#\/schema\/logo\/image\/"}}]}},"_links":{"self":[{"href":"https:\/\/avantges.com\/fr\/wp-json\/wp\/v2\/pages\/4531","targetHints":{"allow":["GET"]}}],"collection":[{"href":"https:\/\/avantges.com\/fr\/wp-json\/wp\/v2\/pages"}],"about":[{"href":"https:\/\/avantges.com\/fr\/wp-json\/wp\/v2\/types\/page"}],"author":[{"embeddable":true,"href":"https:\/\/avantges.com\/fr\/wp-json\/wp\/v2\/users\/2"}],"replies":[{"embeddable":true,"href":"https:\/\/avantges.com\/fr\/wp-json\/wp\/v2\/comments?post=4531"}],"version-history":[{"count":5,"href":"https:\/\/avantges.com\/fr\/wp-json\/wp\/v2\/pages\/4531\/revisions"}],"predecessor-version":[{"id":4655,"href":"https:\/\/avantges.com\/fr\/wp-json\/wp\/v2\/pages\/4531\/revisions\/4655"}],"wp:attachment":[{"href":"https:\/\/avantges.com\/fr\/wp-json\/wp\/v2\/media?parent=4531"}],"curies":[{"name":"wp","href":"https:\/\/api.w.org\/{rel}","templated":true}]}}